{"id":8965,"date":"2018-07-06T12:50:00","date_gmt":"2018-07-06T11:50:00","guid":{"rendered":"https:\/\/www.egce.universite-paris-saclay.fr\/?page_id=8965"},"modified":"2018-07-06T12:50:00","modified_gmt":"2018-07-06T11:50:00","slug":"a-thought-for-michel-solignac","status":"publish","type":"page","link":"https:\/\/www.egce.universite-paris-saclay.fr\/?page_id=8965&lang=en","title":{"rendered":"A thought for Michel Solignac"},"content":{"rendered":"<div class=\"entry-content\">\n<p><span id=\"tran0\">Michel Solignac, geneticist and evolutionist, left us on August 26th, 2016 after a brief disease. Professor at <\/span><span id=\"tran0\">Paris-Sud <\/span><span id=\"tran0\">University\u00a0 from 1988 to 2009, he led for 38 years the researches in the <\/span><span id=\"tran0\">CNRS <\/span><span id=\"tran0\"> laboratory in Gif-sur-Yvette (at present UMR evolution, Genetics, Behavior, Ecology). He was a General Secretary of the French <\/span><span id=\"tran0\">Genetics <\/span><span id=\"tran0\">Company from 1988 to 1992.<\/span><\/p>\n<p><span id=\"tran0\">Student at the Ecole normale sup\u00e9rieure with a deep intelligence (Saint-Cloud 1963-1967), Michel Solignac was passionate about the <\/span><span id=\"tran0\">evolution <\/span><span id=\"tran0\">sciences, the speciation and the species. Become Assistant in the <\/span><span id=\"tran0\">Evolution <\/span><span id=\"tran0\">Laboratory of the Organized Beings of the <\/span><span id=\"tran0\">Paris 6 <\/span><span id=\"tran0\">University in 1970, he undertakes researches in the laboratory of Evolutionary Genetics of Gif-sur-Yvette, in the trail of his director, the professor Ch. Bocquet, with whom he shared an obvious scientific complicity.<\/span><\/p>\n<p><span id=\"tran0\">During a decade, he is going to work on isopodes shellfish, developing a very thorough study of the <\/span><span id=\"tran0\">reproductive isolation <\/span><span id=\"tran0\">mechanisms between the species of complex <em>Jaera albifrons<\/em>. He make evident an extremely precise parallel between the behavior of males during the sexual parade and the secondary sexual characters. This relation, which contributes to the preservation of the integrity of the sorts(species), is outstandingly illustrated in a movie of 1975 whom Michel Solignac is <\/span><span id=\"tran0\">the author <\/span><span id=\"tran0\"> (\u00a0\u00bb The sexual behavior of <em>Jaera albifrons<\/em> (in French)\u00a0\u00bb, which will be distinguished by Australian and New Zealand Association for the Advancement of science).<\/span><\/p>\n<p><span id=\"tran0\">The second part of its career, from the 80&rsquo;s, was marked by the technological and abstract progress&rsquo; of the molecular approaches. Michel Solignac very fast anticipated all the potential. He undertakes then works of <\/span><span id=\"tran0\">moleculars&rsquo; <\/span><span id=\"tran0\">phylogeny and phylogeography, in particular on the species of drosophilas of the <\/span><em><span id=\"tran0\">melanogaster <\/span><\/em><span id=\"tran0\">complex. He make evident in particular introgressions of DNA between similar species, and the impact of bacteria endosymbiotiques on the bosses of mitochondriale variation. Developing the microsatellite tool in the <\/span><span id=\"tran0\"><em>Apis mellifera <\/em><\/span><span id=\"tran0\">bee , he characterizes first the zones of hybridization between subspecies, the relations of kinship between individuals, and certain modalities of the reproduction.<\/span><\/p>\n<p><span id=\"tran0\">Then he launches into the construction of an integrated map &#8211; genetics and cytogenetics &#8211; of the domestic bee. He will use it in sresearches on the recombination, and to identify the genes implied in varied characters (morphology, reproduction, composition of the cuticle or the poison). Undertaken in 1995 and published in <em>Genome Biology<\/em> in 2007, this map was recognized at the international level as the most complete. It served as reference during the sequencing and during the assembly of the <\/span><span id=\"tran0\">bee <\/span><span id=\"tran0\">genome by an international consortium in which Michel Solignac actively participated (<em>Nature 2007<\/em>).<\/span><\/p>\n<p><span id=\"tran0\">With his team, he had a <\/span><span id=\"tran0\">pioneer <\/span><span id=\"tran0\">role in the development and the use of the microsatellite markers. Recognized for this expertise, his big open-mindedness drove him to welcome very numerous trainees, students, PhD students and colleagues, so contributing with care of these methods to a big diversity of organisms.<\/span><\/p>\n<p><span id=\"tran0\">Besides the important production of original articles Michel Solignac published works of interest more general as both volumes \u00ab\u00a0Genetics and evolution\u00a0\u00bb, with G. P\u00e9riquet D. Anxolab\u00e9h\u00e8re and C. Petit (1995) And \u00ab\u00a0Principles of human genetics\u00a0\u00bb, with J. Feingold and Mr Fellous (1998). His last work, \u00ab\u00a0Of the species (in french)\u00a0\u00bb (2005), Written with Philippe Lherminier, concretize years of reflections and discussions on the notion of species, his logical and biological definitions, his theoretical and practical concepts, his intellectual and popular representations.<\/span><\/p>\n<p><span id=\"tran0\">Brilliant researcher, very good speaker and endowed with a strong personality, Michel Solignac always showed an extreme scientific rigor. His working strength will have marked his collaborators. His merciless critical mind was sometimes dreaded by his pupils as by his colleagues. He is certain that he played a <\/span><span id=\"tran0\">determining <\/span><span id=\"tran0\">role in the orientation of the work of number of his students, trainees or PhD students who are experienced scientists today among whom L. Garnery, F. Rousset, J.M. Cornuet, A. Estoup, M. Tibayrenc, J.F. Silvain, M.Harry, A. Chenuil-Maurel, P. Franck, T. Giraud and E. Baudry \u2026<\/span><\/p>\n<p><span id=\"tran1\">He leaves a <\/span><span id=\"tran1\">undeniable <\/span><span id=\"tran1\">scientific imprint .<\/span><\/p>\n<p><a href=\"https:\/\/www.egce.universite-paris-saclay.fr\/wp-content\/uploads\/2016\/09\/1989c1.jpg\"><img loading=\"lazy\" decoding=\"async\" class=\"alignnone wp-image-6897\" src=\"https:\/\/www.egce.universite-paris-saclay.fr\/wp-content\/uploads\/2016\/09\/1989c1.jpg\" alt=\"1989c1\" width=\"326\" height=\"211\" \/><\/a><\/p>\n<\/div>\n","protected":false},"excerpt":{"rendered":"<p>Michel Solignac, geneticist and evolutionist, left us on August 26th, 2016 after a brief disease. Professor at Paris-Sud University\u00a0 from 1988 to 2009, he led for 38 years the researches in the CNRS laboratory in Gif-sur-Yvette (at present UMR evolution, Genetics, Behavior, Ecology). He was a General Secretary of the French Genetics Company from 1988 [&hellip;]<\/p>\n","protected":false},"author":1,"featured_media":0,"parent":0,"menu_order":0,"comment_status":"closed","ping_status":"closed","template":"","meta":{"site-sidebar-layout":"default","site-content-layout":"","ast-site-content-layout":"default","site-content-style":"default","site-sidebar-style":"default","ast-global-header-display":"","ast-banner-title-visibility":"","ast-main-header-display":"","ast-hfb-above-header-display":"","ast-hfb-below-header-display":"","ast-hfb-mobile-header-display":"","site-post-title":"","ast-breadcrumbs-content":"","ast-featured-img":"","footer-sml-layout":"","ast-disable-related-posts":"","theme-transparent-header-meta":"","adv-header-id-meta":"","stick-header-meta":"","header-above-stick-meta":"","header-main-stick-meta":"","header-below-stick-meta":"","astra-migrate-meta-layouts":"default","ast-page-background-enabled":"default","ast-page-background-meta":{"desktop":{"background-color":"var(--ast-global-color-4)","background-image":"","background-repeat":"repeat","background-position":"center center","background-size":"auto","background-attachment":"scroll","background-type":"","background-media":"","overlay-type":"","overlay-color":"","overlay-opacity":"","overlay-gradient":""},"tablet":{"background-color":"","background-image":"","background-repeat":"repeat","background-position":"center center","background-size":"auto","background-attachment":"scroll","background-type":"","background-media":"","overlay-type":"","overlay-color":"","overlay-opacity":"","overlay-gradient":""},"mobile":{"background-color":"","background-image":"","background-repeat":"repeat","background-position":"center center","background-size":"auto","background-attachment":"scroll","background-type":"","background-media":"","overlay-type":"","overlay-color":"","overlay-opacity":"","overlay-gradient":""}},"ast-content-background-meta":{"desktop":{"background-color":"var(--ast-global-color-5)","background-image":"","background-repeat":"repeat","background-position":"center center","background-size":"auto","background-attachment":"scroll","background-type":"","background-media":"","overlay-type":"","overlay-color":"","overlay-opacity":"","overlay-gradient":""},"tablet":{"background-color":"var(--ast-global-color-5)","background-image":"","background-repeat":"repeat","background-position":"center center","background-size":"auto","background-attachment":"scroll","background-type":"","background-media":"","overlay-type":"","overlay-color":"","overlay-opacity":"","overlay-gradient":""},"mobile":{"background-color":"var(--ast-global-color-5)","background-image":"","background-repeat":"repeat","background-position":"center center","background-size":"auto","background-attachment":"scroll","background-type":"","background-media":"","overlay-type":"","overlay-color":"","overlay-opacity":"","overlay-gradient":""}},"_themeisle_gutenberg_block_has_review":false,"footnotes":""},"class_list":["post-8965","page","type-page","status-publish","hentry"],"jetpack_sharing_enabled":true,"_links":{"self":[{"href":"https:\/\/www.egce.universite-paris-saclay.fr\/index.php?rest_route=\/wp\/v2\/pages\/8965","targetHints":{"allow":["GET"]}}],"collection":[{"href":"https:\/\/www.egce.universite-paris-saclay.fr\/index.php?rest_route=\/wp\/v2\/pages"}],"about":[{"href":"https:\/\/www.egce.universite-paris-saclay.fr\/index.php?rest_route=\/wp\/v2\/types\/page"}],"author":[{"embeddable":true,"href":"https:\/\/www.egce.universite-paris-saclay.fr\/index.php?rest_route=\/wp\/v2\/users\/1"}],"replies":[{"embeddable":true,"href":"https:\/\/www.egce.universite-paris-saclay.fr\/index.php?rest_route=%2Fwp%2Fv2%2Fcomments&post=8965"}],"version-history":[{"count":0,"href":"https:\/\/www.egce.universite-paris-saclay.fr\/index.php?rest_route=\/wp\/v2\/pages\/8965\/revisions"}],"wp:attachment":[{"href":"https:\/\/www.egce.universite-paris-saclay.fr\/index.php?rest_route=%2Fwp%2Fv2%2Fmedia&parent=8965"}],"curies":[{"name":"wp","href":"https:\/\/api.w.org\/{rel}","templated":true}]}}