{"id":86,"date":"2013-11-20T14:21:25","date_gmt":"2013-11-20T13:21:25","guid":{"rendered":"https:\/\/www.egce.universite-paris-saclay.fr\/?page_id=86"},"modified":"2013-11-20T14:21:25","modified_gmt":"2013-11-20T13:21:25","slug":"a-n-r","status":"publish","type":"page","link":"https:\/\/www.egce.universite-paris-saclay.fr\/?page_id=86","title":{"rendered":"ANR"},"content":{"rendered":"<h2>ANR INDCOG<\/h2>\n<p>\u00ab\u00a0Comprendre les domaines cognitifs par l&rsquo;analyse des variations individuelles de performances cognitives\u00a0\u00bb (2022\/2026). Porteur: <a href=\"https:\/\/www.legs.cnrs-gif.fr\/?p=654\">Jean-Christophe Sandoz.<\/a><\/p>\n<h2 class=\"date-header\">ANR Pherobrain<\/h2>\n<p>\u00ab\u00a0Traitement de l&rsquo;information ph\u00e9romonale dans le cerveau de l&rsquo;insecte social\u00a0\u00bb (2022\/2026). Porteur&nbsp; <a href=\"https:\/\/www.legs.cnrs-gif.fr\/?p=654\">Jean-Christophe Sandoz<\/a>.<\/p>\n<h2 class=\"date-header\">ANR Resist<\/h2>\n<p>\u00ab\u00a0Evolution de la r\u00e9sistance \u00e0 des syst\u00e8mes naturels de gene drive\u00a0\u00bb (2021\/2026). Porteur <a href=\"https:\/\/www.egce.universite-paris-saclay.fr\/?p=7491\">Clement Gilbert<\/a>.<\/p>\n<h2 class=\"date-header\">ANR Bittertox<\/h2>\n<p>Le p\u00f4le Comportement a re\u00e7u un financement ANR pour le projet intitul\u00e9 Bittertox (2019\/2023) qui est coordonn\u00e9 par <a href=\"https:\/\/www.egce.universite-paris-saclay.fr\/?p=772\">Fr\u00e9d\u00e9ric Marion-Poll <\/a>et Amir Yassin.<\/p>\n<h2 class=\"date-header\"><a href=\"https:\/\/www.agence-nationale-recherche.fr\/Project-ANR-17-CE32-0015\">ANR Cotebio<\/a><\/h2>\n<p>L&rsquo;\u00e9quipe DEEIT a re\u00e7u un financement ANR intitul\u00e9 <a href=\"https:\/\/www.agence-nationale-recherche.fr\/Project-ANR-17-CE32-0015\">Cotebio<\/a> (2018\/2023) qui est coordonn\u00e9 par <a href=\"https:\/\/www.egce.universite-paris-saclay.fr\/?p=751\">Laure Kaiser-Arnauld<\/a>.<\/p>\n<h2>ANR Evokin<\/h2>\n<p>\u00ab\u00a0Evolution d&rsquo;un syst\u00e8me de reconnaissance de parent\u00e8le chez les insectes sociaux\u00a0\u00bb (2020\/ 2024). Porteur: <a href=\"https:\/\/www.legs.cnrs-gif.fr\/?p=654\">Jean-Christophe Sandoz<\/a>.<\/p>\n<h2>ANR PI2P<\/h2>\n<p>L&rsquo;\u00e9quipe DEEIT a re\u00e7u un financement ANR JCJC (01.10.2019 au 30.04.2023) visant \u00e0 pr\u00e9dire la ph\u00e9nologie des insectes ravageurs, coordonn\u00e9 par Fran\u00e7ois Rebaudo.<\/p>\n<h2>ANR TranspHorizon<\/h2>\n<p>L&rsquo;\u00e9quipe IGGIPOP a re\u00e7u un financement ANR intitul\u00e9 TranspHorizon- Horizontal transfers of transposable elements: What makes genome invasions successful? (2020\/2024) qui est coordonn\u00e9 par <a href=\"https:\/\/www.egce.universite-paris-saclay.fr\/?p=746\">Aur\u00e9lie Hua-Van<\/a>.<\/p>\n<h2 class=\"date-header\">ANR Toxiphila<\/h2>\n<p>\u00ab\u00a0Bases g\u00e9nomiques de la sp\u00e9cialisation convergente sur une plante toxique chez deux esp\u00e8ces de drosophiles (2020\/2023). Porteur <a href=\"https:\/\/www.egce.universite-paris-saclay.fr\/?p=11627\">Amir Yassin<\/a>.<\/p>\n<h2 class=\"date-header\">ANR Synaptique Bee<\/h2>\n<h5><strong>\u00ab\u00a0Cannalome d&rsquo;Apis mellifera: un outil d&rsquo;analyse des contaminants des agro\u00e9cosyst\u00e8mes\u00a0\u00bb (2020\/2025). Porteur <a href=\"https:\/\/www.legs.cnrs-gif.fr\/?p=654\">Jean-Christophe Sandoz<\/a>.<\/strong><\/h5>\n\n\n<p class=\"has-medium-font-size\"><strong>ANR Betagall<\/strong><\/p>\n\n\n\n<p>\u00ab\u00a0Retracer l&rsquo;histoire \u00e9volutive d&rsquo;un trait adaptatif\u00a0\u00bb (2020\/2024). Porteur Antoine Branca.<\/p>\n\n\n\n<p><strong>ANR NovelAsym<\/strong><\/p>\n\n\n\n<p>\u00ab\u00a0Evolution d&rsquo;asym\u00e9trie gauche-droite chez la Drosophile\u00a0\u00bb (2021-2025). Porteur <a href=\"https:\/\/www.egce.universite-paris-saclay.fr\/?p=14977\" data-type=\"URL\" data-id=\"https:\/\/www.egce.universite-paris-saclay.fr\/?p=14977\">Michael Lang<\/a>.<\/p>\n\n\n\n<p><strong>ANR Evoplanet<\/strong><\/p>\n\n\n\n<p>\u00ab\u00a0Evolution de la plasticit\u00e9 d&rsquo;expression dans les r\u00e9seaux de g\u00e8nes\u00a0\u00bb (2022\/2025). Porteur Arnaud Le Rouzic.<\/p>\n\n\n\n<p><strong>ANR Pherosensor<\/strong><\/p>\n\n\n\n<p>\u00ab\u00a0D\u00e9tection pr\u00e9coce des insectes ravageurs \u00e0 l\u2019aide de capteurs olfactifs utilisant des r\u00e9cepteurs ph\u00e9romonaux\u00a0\u00bb (2021\/2026). Porteur: Philippe Lucas. Paul-Andr\u00e9 Calatayud y participe.<\/p>\n","protected":false},"excerpt":{"rendered":"<p>ANR INDCOG \u00ab\u00a0Comprendre les domaines cognitifs par l&rsquo;analyse des variations individuelles de performances cognitives\u00a0\u00bb (2022\/2026). Porteur: Jean-Christophe Sandoz. ANR Pherobrain \u00ab\u00a0Traitement de l&rsquo;information ph\u00e9romonale dans le cerveau de l&rsquo;insecte social\u00a0\u00bb (2022\/2026). Porteur&nbsp; Jean-Christophe Sandoz. ANR Resist \u00ab\u00a0Evolution de la r\u00e9sistance \u00e0 des syst\u00e8mes naturels de gene drive\u00a0\u00bb (2021\/2026). Porteur Clement Gilbert. ANR Bittertox Le p\u00f4le [&hellip;]<\/p>\n","protected":false},"author":1,"featured_media":0,"parent":84,"menu_order":0,"comment_status":"closed","ping_status":"open","template":"","meta":{"site-sidebar-layout":"default","site-content-layout":"","ast-site-content-layout":"default","site-content-style":"default","site-sidebar-style":"default","ast-global-header-display":"","ast-banner-title-visibility":"","ast-main-header-display":"","ast-hfb-above-header-display":"","ast-hfb-below-header-display":"","ast-hfb-mobile-header-display":"","site-post-title":"","ast-breadcrumbs-content":"","ast-featured-img":"","footer-sml-layout":"","ast-disable-related-posts":"","theme-transparent-header-meta":"","adv-header-id-meta":"","stick-header-meta":"","header-above-stick-meta":"","header-main-stick-meta":"","header-below-stick-meta":"","astra-migrate-meta-layouts":"default","ast-page-background-enabled":"default","ast-page-background-meta":{"desktop":{"background-color":"var(--ast-global-color-4)","background-image":"","background-repeat":"repeat","background-position":"center center","background-size":"auto","background-attachment":"scroll","background-type":"","background-media":"","overlay-type":"","overlay-color":"","overlay-opacity":"","overlay-gradient":""},"tablet":{"background-color":"","background-image":"","background-repeat":"repeat","background-position":"center center","background-size":"auto","background-attachment":"scroll","background-type":"","background-media":"","overlay-type":"","overlay-color":"","overlay-opacity":"","overlay-gradient":""},"mobile":{"background-color":"","background-image":"","background-repeat":"repeat","background-position":"center center","background-size":"auto","background-attachment":"scroll","background-type":"","background-media":"","overlay-type":"","overlay-color":"","overlay-opacity":"","overlay-gradient":""}},"ast-content-background-meta":{"desktop":{"background-color":"var(--ast-global-color-5)","background-image":"","background-repeat":"repeat","background-position":"center center","background-size":"auto","background-attachment":"scroll","background-type":"","background-media":"","overlay-type":"","overlay-color":"","overlay-opacity":"","overlay-gradient":""},"tablet":{"background-color":"var(--ast-global-color-5)","background-image":"","background-repeat":"repeat","background-position":"center center","background-size":"auto","background-attachment":"scroll","background-type":"","background-media":"","overlay-type":"","overlay-color":"","overlay-opacity":"","overlay-gradient":""},"mobile":{"background-color":"var(--ast-global-color-5)","background-image":"","background-repeat":"repeat","background-position":"center center","background-size":"auto","background-attachment":"scroll","background-type":"","background-media":"","overlay-type":"","overlay-color":"","overlay-opacity":"","overlay-gradient":""}},"_themeisle_gutenberg_block_has_review":false,"footnotes":""},"class_list":["post-86","page","type-page","status-publish","hentry"],"jetpack_sharing_enabled":true,"_links":{"self":[{"href":"https:\/\/www.egce.universite-paris-saclay.fr\/index.php?rest_route=\/wp\/v2\/pages\/86","targetHints":{"allow":["GET"]}}],"collection":[{"href":"https:\/\/www.egce.universite-paris-saclay.fr\/index.php?rest_route=\/wp\/v2\/pages"}],"about":[{"href":"https:\/\/www.egce.universite-paris-saclay.fr\/index.php?rest_route=\/wp\/v2\/types\/page"}],"author":[{"embeddable":true,"href":"https:\/\/www.egce.universite-paris-saclay.fr\/index.php?rest_route=\/wp\/v2\/users\/1"}],"replies":[{"embeddable":true,"href":"https:\/\/www.egce.universite-paris-saclay.fr\/index.php?rest_route=%2Fwp%2Fv2%2Fcomments&post=86"}],"version-history":[{"count":0,"href":"https:\/\/www.egce.universite-paris-saclay.fr\/index.php?rest_route=\/wp\/v2\/pages\/86\/revisions"}],"up":[{"embeddable":true,"href":"https:\/\/www.egce.universite-paris-saclay.fr\/index.php?rest_route=\/wp\/v2\/pages\/84"}],"wp:attachment":[{"href":"https:\/\/www.egce.universite-paris-saclay.fr\/index.php?rest_route=%2Fwp%2Fv2%2Fmedia&parent=86"}],"curies":[{"name":"wp","href":"https:\/\/api.w.org\/{rel}","templated":true}]}}