{"id":8453,"date":"2018-02-28T13:22:12","date_gmt":"2018-02-28T12:22:12","guid":{"rendered":"https:\/\/www.egce.universite-paris-saclay.fr\/?page_id=8453"},"modified":"2018-02-28T13:22:12","modified_gmt":"2018-02-28T12:22:12","slug":"maxime-policarpo-2","status":"publish","type":"page","link":"https:\/\/www.egce.universite-paris-saclay.fr\/?page_id=8453&lang=en","title":{"rendered":"Maxime Policarpo"},"content":{"rendered":"<p><img decoding=\"async\" class=\"wp-image-452 alignright\" src=\"https:\/\/www.egce.universite-paris-saclay.fr\/wp-content\/uploads\/2018\/02\/Maxime_Policarpo-225x300.png\" alt=\"\" height=\"120\" border=\"2\"\/><br \/>\n<strong>Member of <a href=\"https:\/\/www.egce.universite-paris-saclay.fr\/?page_id=4009\">RESGEN<\/a><\/strong><br \/>\nPhD student<br \/>\nEvolution of opsins and crystallins in cavefishes.<br \/>\n<a href=\"https:\/\/www.egce.universite-paris-saclay.fr\/wp-content\/uploads\/2014\/02\/1397745702_aiga_telephone.png\"><img loading=\"lazy\" decoding=\"async\" class=\"alignnone wp-image-1683\" src=\"https:\/\/www.egce.universite-paris-saclay.fr\/wp-content\/uploads\/2014\/02\/1397745702_aiga_telephone.png\" alt=\"1397745702_aiga_telephone\" width=\"7\" height=\"20\"\/><\/a> +33 (0)1 69 82 37 59<br \/>\n<a href=\"https:\/\/www.egce.universite-paris-saclay.fr\/wp-content\/uploads\/2014\/02\/1397745633_aiga_mail.png\"><img loading=\"lazy\" decoding=\"async\" class=\"alignnone wp-image-1682\" src=\"https:\/\/www.egce.universite-paris-saclay.fr\/wp-content\/uploads\/2014\/02\/1397745633_aiga_mail.png\" alt=\"1397745633_aiga_mail\" width=\"22\" height=\"16\"\/><\/a> &#77;&#97;&#x78;i&#109;&#x65;&#x2e;P&#111;&#x6c;&#x69;c&#97;&#x72;p&#111;&#x40;&#x75;n&#105;&#x76;&#x65;r&#115;&#x69;t&#101;&#x2d;&#x70;a&#114;&#x69;&#x73;-&#115;&#x61;&#x63;&#108;&#97;&#x79;&#46;&#102;&#x72;<\/p>\n<div id=\"publications de vulgarisation\">\n<h2>Publications dans des revues de vulgarisation scientifique<\/h2>\n<\/div>\n<p><a href=\"https:\/\/www.researchgate.net\/publication\/332115319_Pourquoi_le_taux_de_mutation_n'est-il_jamais_egal_a_zero\" target=\"_blank\" rel=\"noopener\"><img loading=\"lazy\" decoding=\"async\" class=\"alignnone wp-image-1691\" src=\"https:\/\/www.egce.universite-paris-saclay.fr\/wp-content\/uploads\/2014\/02\/iconePdf.png\" alt=\"iconePdf\" width=\"27\" height=\"27\" srcset=\"https:\/\/www.egce.universite-paris-saclay.fr\/wp-content\/uploads\/2014\/02\/iconePdf.png 256w, https:\/\/www.egce.universite-paris-saclay.fr\/wp-content\/uploads\/2014\/02\/iconePdf-150x150.png 150w\" sizes=\"auto, (max-width: 27px) 100vw, 27px\" \/><\/a><strong>1 &#8211; <\/strong>Casane D., <strong>Policarpo M.<\/strong> and Laurenti P. <strong>(2019)<\/strong> Pourquoi le taux de mutation n\u2019est-il jamais \u00e9gal \u00e0 z\u00e9ro ? <em>M\u00e9decine\/Sciences<\/em> 35(3):245-251<\/p>\n","protected":false},"excerpt":{"rendered":"<p>Member of RESGEN PhD student Evolution of opsins and crystallins in cavefishes. +33 (0)1 69 82 37 59 &#77;&#x61;&#120;&#x69;&#109;&#x65;&#46;&#x50;&#111;&#x6c;&#105;&#x63;&#97;&#x72;&#112;&#x6f;&#64;&#x75;&#110;&#x69;&#118;&#x65;&#114;&#x73;&#105;&#x74;&#101;&#x2d;&#112;&#x61;&#114;&#x69;&#115;&#x2d;&#115;&#x61;&#99;&#x6c;&#97;&#x79;&#46;&#x66;&#114; Publications dans des revues de vulgarisation scientifique 1 &#8211; Casane D., Policarpo M. and Laurenti P. (2019) Pourquoi le taux de mutation n\u2019est-il jamais \u00e9gal \u00e0 z\u00e9ro ? M\u00e9decine\/Sciences 35(3):245-251<\/p>\n","protected":false},"author":1,"featured_media":0,"parent":0,"menu_order":0,"comment_status":"closed","ping_status":"closed","template":"","meta":{"site-sidebar-layout":"default","site-content-layout":"","ast-site-content-layout":"default","site-content-style":"default","site-sidebar-style":"default","ast-global-header-display":"","ast-banner-title-visibility":"","ast-main-header-display":"","ast-hfb-above-header-display":"","ast-hfb-below-header-display":"","ast-hfb-mobile-header-display":"","site-post-title":"","ast-breadcrumbs-content":"","ast-featured-img":"","footer-sml-layout":"","ast-disable-related-posts":"","theme-transparent-header-meta":"","adv-header-id-meta":"","stick-header-meta":"","header-above-stick-meta":"","header-main-stick-meta":"","header-below-stick-meta":"","astra-migrate-meta-layouts":"default","ast-page-background-enabled":"default","ast-page-background-meta":{"desktop":{"background-color":"var(--ast-global-color-4)","background-image":"","background-repeat":"repeat","background-position":"center center","background-size":"auto","background-attachment":"scroll","background-type":"","background-media":"","overlay-type":"","overlay-color":"","overlay-opacity":"","overlay-gradient":""},"tablet":{"background-color":"","background-image":"","background-repeat":"repeat","background-position":"center center","background-size":"auto","background-attachment":"scroll","background-type":"","background-media":"","overlay-type":"","overlay-color":"","overlay-opacity":"","overlay-gradient":""},"mobile":{"background-color":"","background-image":"","background-repeat":"repeat","background-position":"center center","background-size":"auto","background-attachment":"scroll","background-type":"","background-media":"","overlay-type":"","overlay-color":"","overlay-opacity":"","overlay-gradient":""}},"ast-content-background-meta":{"desktop":{"background-color":"var(--ast-global-color-5)","background-image":"","background-repeat":"repeat","background-position":"center center","background-size":"auto","background-attachment":"scroll","background-type":"","background-media":"","overlay-type":"","overlay-color":"","overlay-opacity":"","overlay-gradient":""},"tablet":{"background-color":"var(--ast-global-color-5)","background-image":"","background-repeat":"repeat","background-position":"center center","background-size":"auto","background-attachment":"scroll","background-type":"","background-media":"","overlay-type":"","overlay-color":"","overlay-opacity":"","overlay-gradient":""},"mobile":{"background-color":"var(--ast-global-color-5)","background-image":"","background-repeat":"repeat","background-position":"center center","background-size":"auto","background-attachment":"scroll","background-type":"","background-media":"","overlay-type":"","overlay-color":"","overlay-opacity":"","overlay-gradient":""}},"_themeisle_gutenberg_block_has_review":false,"footnotes":""},"class_list":["post-8453","page","type-page","status-publish","hentry"],"jetpack_sharing_enabled":true,"_links":{"self":[{"href":"https:\/\/www.egce.universite-paris-saclay.fr\/index.php?rest_route=\/wp\/v2\/pages\/8453","targetHints":{"allow":["GET"]}}],"collection":[{"href":"https:\/\/www.egce.universite-paris-saclay.fr\/index.php?rest_route=\/wp\/v2\/pages"}],"about":[{"href":"https:\/\/www.egce.universite-paris-saclay.fr\/index.php?rest_route=\/wp\/v2\/types\/page"}],"author":[{"embeddable":true,"href":"https:\/\/www.egce.universite-paris-saclay.fr\/index.php?rest_route=\/wp\/v2\/users\/1"}],"replies":[{"embeddable":true,"href":"https:\/\/www.egce.universite-paris-saclay.fr\/index.php?rest_route=%2Fwp%2Fv2%2Fcomments&post=8453"}],"version-history":[{"count":0,"href":"https:\/\/www.egce.universite-paris-saclay.fr\/index.php?rest_route=\/wp\/v2\/pages\/8453\/revisions"}],"wp:attachment":[{"href":"https:\/\/www.egce.universite-paris-saclay.fr\/index.php?rest_route=%2Fwp%2Fv2%2Fmedia&parent=8453"}],"curies":[{"name":"wp","href":"https:\/\/api.w.org\/{rel}","templated":true}]}}