{"id":81,"date":"2013-11-20T14:19:16","date_gmt":"2013-11-20T13:19:16","guid":{"rendered":"https:\/\/www.egce.universite-paris-saclay.fr\/?page_id=81"},"modified":"2013-11-20T14:19:16","modified_gmt":"2013-11-20T13:19:16","slug":"epcc","status":"publish","type":"page","link":"https:\/\/www.egce.universite-paris-saclay.fr\/?page_id=81","title":{"rendered":"EPCC"},"content":{"rendered":"<h2 class=\"date-header\">Evolution et Plasticite des Capacites Cognitives<\/h2>\n<div style=\"width: 482px;\" class=\"wp-video\"><video class=\"wp-video-shortcode\" id=\"video-81-1\" width=\"482\" height=\"482\" preload=\"metadata\" controls=\"controls\"><source type=\"video\/mp4\" src=\"https:\/\/www.egce.universite-paris-saclay.fr\/wp-content\/uploads\/2013\/11\/testvideo.mp4?_=1\" \/><a href=\"https:\/\/www.egce.universite-paris-saclay.fr\/wp-content\/uploads\/2013\/11\/testvideo.mp4\">https:\/\/www.egce.universite-paris-saclay.fr\/wp-content\/uploads\/2013\/11\/testvideo.mp4<\/a><\/video><\/div>\n<fieldset class=\"module-powered-simple\">\n<legend><b>Theme de Recheche<\/b><\/legend>\n<p>En interagissant avec son environnement, un individu est contraint \u00e0 faire des choix quant aux informations qu\u2019il va assimiler et quant au comportement \u00e0 adopter selon les situations. Ainsi un individu doit balancer diff\u00e9rentes sources d\u2019information (informations sociales obtenues par interaction avec d\u2019autres individus, information personnelles cumul\u00e9es par l\u2019individu lors de processus d\u2019essais et d\u2019erreurs\u2026). Quels sont les facteurs qui influent sur cette balance ? Comment la s\u00e9lection naturelle agit\u2019 elle sur ces processus ? En int\u00e9grant \u00e0 la fois des approches de biologie comportementales, de g\u00e9n\u00e9tiques et de neurobiologie nous cherchons \u00e0 comprendre comment interagissent ces diff\u00e9rentes sources d\u2019information et comment les individus adaptent leurs comportements \u00e0 des conditions vari\u00e9es.<\/p>\n<p>En prenant la drosophile comme mod\u00e8le biologique, nous d\u00e9veloppons actuellement plusieurs th\u00e9matiques:<\/p>\n<p><strong>Variations genetiques et developpementales des capacit\u00e9s cognitives<\/strong><\/p>\n<p>Trade off evolutif entre phases de m\u00e9moire<\/p>\n<p>Effet de l\u2019age parental sur le developpement des capacites cognitives<\/p>\n<p>&nbsp;<\/p>\n<p><strong>Interactions sociales et prises de d\u00e9cision chez Drosophila melanogaster<\/strong><\/p>\n<p>Influence de l\u2019environnement social sur l\u2019apprentissage olfactif.<\/p>\n<p>Interactions sociales et apprentissage spatial :<\/p>\n<p>&nbsp;<\/p>\n<p><strong>Apprentissage social<\/strong><\/p>\n<p>Etude de la transmission sociale pour le choix du partenaire sexuel<\/p>\n<p>Etude de la transmission sociale pour le choix du milieu de ponte.<\/p>\n<p>&nbsp;<\/p>\n<p><strong>Apprentissage multi sensoriel<\/strong><\/p>\n<p>&nbsp;<\/fieldset>\n<fieldset class=\"module-powered-simple\">\n<legend><b>Mots cl\u00e9s :<\/b><\/legend>\n<p>Apprentissage, Memoire, PLasticite Comportementale, <span style=\"font-style: italic;\">Drosophila<\/span> .<\/fieldset>\n<h2 class=\"date-header\">Les membres de l&rsquo;\u00e9quipe :<\/h2>\n<h2 class=\"date-header\">Chercheurs et Enseignants-chercheurs<\/h2>\n<table>\n<tbody>\n<tr>\n<td><a href=\"https:\/\/www.egce.universite-paris-saclay.fr\/wp-content\/uploads\/2013\/11\/fred22.jpg\"><img loading=\"lazy\" decoding=\"async\" class=\"alignnone  wp-image-2595\" alt=\"fred22\" src=\"https:\/\/www.egce.universite-paris-saclay.fr\/wp-content\/uploads\/2013\/11\/fred22-265x300.jpg\" width=\"148\" height=\"167\" \/><\/a><\/td>\n<td><\/td>\n<td>\n<div>Fr\u00e9d\u00e9ric Mery, Charg\u00e9 de recherche CNRS. Evolution et Plasticit\u00e9 des Capacit\u00e9s Cognitives.<\/div>\n<\/td>\n<\/tr>\n<\/tbody>\n<\/table>\n<h2 class=\"date-header\">Post Doctorants<\/h2>\n<table width=\"244\">\n<tbody>\n<tr>\n<td><a href=\"https:\/\/www.egce.universite-paris-saclay.fr\/wp-content\/uploads\/2013\/11\/Serafino.jpg\"><img loading=\"lazy\" decoding=\"async\" class=\"alignnone size-medium wp-image-2598\" alt=\"Serafino\" src=\"https:\/\/www.egce.universite-paris-saclay.fr\/wp-content\/uploads\/2013\/11\/Serafino-199x300.jpg\" width=\"148\" height=\"218\" \/><\/a><\/td>\n<td><\/td>\n<td>Serafino Teseo, Post Doctorant ANR<\/td>\n<\/tr>\n<\/tbody>\n<\/table>\n<p>&nbsp;<\/p>\n<h2>Doctorants<\/h2>\n<table width=\"244\">\n<tbody>\n<tr>\n<td><a href=\"https:\/\/www.egce.universite-paris-saclay.fr\/wp-content\/uploads\/2013\/11\/Marine.jpg\"><img loading=\"lazy\" decoding=\"async\" class=\"alignnone  wp-image-2597\" alt=\"Marine\" src=\"https:\/\/www.egce.universite-paris-saclay.fr\/wp-content\/uploads\/2013\/11\/Marine-200x300.jpg\" width=\"146\" height=\"218\" \/><\/a><\/td>\n<td>Marine Battesti<\/td>\n<\/tr>\n<\/tbody>\n<\/table>\n<table width=\"244\">\n<tbody>\n<tr>\n<td><a href=\"https:\/\/www.egce.universite-paris-saclay.fr\/wp-content\/uploads\/2013\/11\/annesophie_philippe.jpg\"><img loading=\"lazy\" decoding=\"async\" class=\"alignnone  wp-image-2599\" alt=\"annesophie_philippe\" src=\"https:\/\/www.egce.universite-paris-saclay.fr\/wp-content\/uploads\/2013\/11\/annesophie_philippe-219x300.jpg\" width=\"146\" height=\"218\" \/><\/a><\/td>\n<td>Anne Sophie Philippe<\/td>\n<\/tr>\n<\/tbody>\n<\/table>\n<h2 class=\"date-header\">Ing\u00e9nieurs et Techniciens<\/h2>\n<table width=\"244\">\n<tbody>\n<tr>\n<td><a href=\"https:\/\/www.egce.universite-paris-saclay.fr\/wp-content\/uploads\/2013\/11\/Celine.jpg\"><img loading=\"lazy\" decoding=\"async\" class=\"alignnone size-medium wp-image-2604\" alt=\"Celine\" src=\"https:\/\/www.egce.universite-paris-saclay.fr\/wp-content\/uploads\/2013\/11\/Celine-199x300.jpg\" width=\"146\" height=\"218\" \/><\/a><\/td>\n<td>\n<div> Celine Moreno, Ing\u00e9nieure d&rsquo;\u00e9tude<\/div>\n<\/td>\n<\/tr>\n<\/tbody>\n<\/table>\n<h2 class=\"date-header\">Master<\/h2>\n<table width=\"244\">\n<tbody>\n<tr>\n<td><a href=\"https:\/\/www.egce.universite-paris-saclay.fr\/wp-content\/uploads\/2013\/11\/Georges.jpg\"><img loading=\"lazy\" decoding=\"async\" class=\"alignnone size-full wp-image-2608\" alt=\"Georges\" src=\"https:\/\/www.egce.universite-paris-saclay.fr\/wp-content\/uploads\/2013\/11\/Georges.jpg\" width=\"146\" height=\"218\" \/><\/a><\/td>\n<td>\n<div>Georges Hattab, Master Recherche Biologie informatique\/bioinformatique<\/div>\n<\/td>\n<\/tr>\n<\/tbody>\n<\/table>\n<h2 class=\"date-header\"><\/h2>\n<h2 class=\"date-header\"><\/h2>\n<h2 class=\"date-header\">Publications<\/h2>\n<p><b>Mery F <\/b>2013 Natural Variation in Learning and Memory <b><i>Current Opinion in Neurobiology<\/i><\/b> (in press)<\/p>\n<p><b> <\/b><\/p>\n<p><strong>Kohn NR, Reaume CJ, Burns J<\/strong>, Sokolowski MB, <b>Mery F<\/b> 2013 Social environment influences performance in a cognitive task in natural variants of the foraging gene<b><i> Plos One <\/i><\/b>(<i>in press<\/i>)<i>.<\/i><\/p>\n<p>&nbsp;<\/p>\n<p><strong>Foucaud J, Philippe AS, Moreno C<\/strong>, <b>Mery F<\/b> 2013 A genetic polymorphism affecting personal versus public information use in a spatial learning task in <i>Drosophila melanogaster <b>Proc. Roy. Soc. Lond. B<\/b> (in press).<\/i><\/p>\n<p>&nbsp;<\/p>\n<p><strong>Lagasse F, Moreno C<\/strong>, Preat T, <b>Mery F<\/b> 2012 Functional and evolutionary trade-offs co-occur between two consolidated memory phases in <i>Drosophila melanogaster <b>Proc. Roy. Soc. Lond. B<\/b> <\/i>279 (1744):4015-4023.<\/p>\n<p>&nbsp;<\/p>\n<p><strong>J.G. Burns<\/strong>, N. Svetec, L. Rowe, <b>F. Mery<\/b>, M. Dolan, W.T. Boyce, M.B. Sokolowski. 2012. Gene-environment interplay in <i>Drosophila melanogaster<\/i>: Chronic food deprivation in early-life affects adult exploratory and fitness traits. <b><i>Proc. Natl Acad Sci USA <\/i><\/b>109: 17239-17244.<\/p>\n<p>&nbsp;<\/p>\n<p><strong>Battesti M, Moreno C<\/strong>, Joly D and <b>Mery F.<\/b> 2012 Spread of social information and dynamics of social transmission within <i>Drosophila. <b>Current Biology <\/b><\/i>22(4) 309-313.<\/p>\n<p>&nbsp;<\/p>\n<p>Hutchinson, J. M. C. Stephens D. W., Bateson M., Couzin I., Dukas R., Giraldeau L., Hills T. T., <b>Mery, F<\/b>. and Winterhalder, B. 2012. Evolution of Search, Adaptation and Phylogeny. In: Cognitive Search: Evolution, Algorithms, and the Brain.<\/p>\n<p>&nbsp;<\/p>\n<p><strong>Burns J, Foucaud J,<\/strong> <b>Mery F<\/b> 2011 Costs of memory: lessons from \u00ab\u00a0mini\u201d brains <b><i>Proc. Roy. Soc. Lond. B <\/i><\/b>278(1707): 923-929.<\/p>\n<p>&nbsp;<\/p>\n<p><strong>Reaume C,<\/strong> Sokolowski MB, <b>Mery F<\/b> 2011 A natural genetic polymorphism affects retroactive interference in <i>Drosophila melanogaster <b>Proc. Roy. Soc. Lond. B <\/b><\/i>278(1702): 91-98.<\/p>\n<p>&nbsp;<\/p>\n<p><strong>Foucaud J, Burns J,<\/strong> <b>Mery F<\/b> 2010 Use of spatial information and search strategies in a water maze analog in Drosophila melanogaster <b><i>PLoS ONE<\/i><\/b> 5(10)<\/p>\n<p>&nbsp;<\/p>\n<p>Danchin E, Blanchet S, <b>Mery F<\/b> and Wagner RH 2010 Do invertebrates have culture? <b><i>Communicative &amp; Integrative Biology <\/i><\/b>3(4) 303-305<\/p>\n<p>&nbsp;<\/p>\n<p><b><i>Mery F <\/i><\/b>2010. Book Review: Cognitive Ecology II. <b><i>Quarterly Review of Biology<\/i><\/b> (in press)<\/p>\n<p>&nbsp;<\/p>\n<p><strong>Burns J<\/strong> and<b> Mery F <\/b>2010 Transgenerational memory effect of ageing in Drosophila, <b><i>Journal of Evolutionary Biology <\/i><\/b>23(4): 678-686<\/p>\n<p><b> <\/b><\/p>\n<p><b>Mery F <\/b>and <strong>Burns J<\/strong> 2010 Behavioural plasticity: an interaction between evolution and experience <b><i>Evolutionary Ecology<\/i><\/b> 24(3): 571-583<\/p>\n<p>&nbsp;<\/p>\n<p><b>Mery F<\/b>, Varela S, Danchin E, Blanchet S, Parejo D, Coolen I and Wagner R 2009 Public versus personal information for mate copying in an invertebrate <b><i>Current Biology<\/i><\/b> 19(9):730-734.<\/p>\n<p>&nbsp;<\/p>\n<p><strong>Lagasse F<\/strong>, Devaud JM and <b>Mery F<\/b> 2009 \u201cA switch from cycloheximide-resistant consolidated memory to cycloheximide-sensitive reconsolidation and extinction in <i>Drosophila<\/i>\u201d <b><i>Journal of Neuroscience<\/i><\/b> 29(7): 2225-2230.<\/p>\n<p>&nbsp;<\/p>\n<p><b>Mery F<\/b> 2008 \u201cEvolutionary biology of learning in insect: the search for food\u201d in \u201c<i>insect taste<\/i>\u201d (ed. Newland P, Cobb M, Marion-Poll F, Taylor Francis P 243-256).<\/p>\n<p>&nbsp;<\/p>\n<p><b>Mery F<\/b>, Belay AT, So AK-C, Sokolowski MB, Kawecki TJ 2007 \u201cNatural polymorphism affecting learning and memory in <i>Drosophila<\/i>\u201d<i> <\/i><b><i>Proc. Natl Acad Sci USA<\/i><\/b><b> <\/b>104:13051\u201313055.<\/p>\n<p>&nbsp;<\/p>\n<p><b>Mery F<\/b>, Pont J, Preat T and Kawecki TJ 2007 \u2018\u2019Experimental evolution of olfactory memory in <i>Drosophila<\/i> melanogaster\u2019\u2019 <b><i>Physiological and Biochemical Zoology<\/i><\/b> 80 (4): 399-405<\/p>\n<p>&nbsp;<\/p>\n<p><b>Mery F<\/b><span style=\"text-decoration: underline;\">.<\/span><b> <\/b>2006 \u201cAging and its differential effects on consolidated memory forms in <i>Drosophila<\/i>\u201d <b><i>Experimental Gerontology<\/i><\/b><i> <\/i>42(1-2): 99-101<\/p>\n<p><i> <\/i><\/p>\n<p>Kolss M., Kraaijeveld, A. R. <b>Mery F<\/b><span style=\"text-decoration: underline;\">.<\/span> and  Kawecki T. J. 2006 \u201cNo trade-off between learning ability and parasitoid resistance in <i>Drosophila melanogaster<\/i>\u201d.<i> <b>Journal of Evolutionary Biology<\/b>.<\/i> 19 (4): 1359-1363<\/p>\n<p><i> <\/i><\/p>\n<p>Kawecki, T. J. and <b>Mery F.<\/b> 2006 \u201cGenetically idiosyncratic responses of <i>Drosophila melanogaster<\/i> populations to selection for improved learning ability\u201d. <b><i>Journal of Evolutionary Biology<\/i><\/b><i> <\/i>19 (4): 1265-1274<\/p>\n<p><i> <\/i><\/p>\n<p><b>Mery, F.<\/b> and Kawecki, T. J. 2005 \u201cA cost of long-term memory in <i>Drosophila<\/i>\u201d. <b><i>Science<\/i><\/b> 308: 1148-1148.<\/p>\n<p><i> <\/i><\/p>\n<p><b>Mery, F<\/b>. and Kawecki, T. J. 2004 \u201cAn operating cost of learning in <i>Drosophila<\/i> melanogaster\u201d <b><i>Animal Behavior<\/i><\/b> 68(3): <i>589-598.<\/i><\/p>\n<p><i> <\/i><\/p>\n<p><b>Mery, F<\/b>. and Kawecki, T. J. 2004 \u201cThe effect of learning on experimental evolution of resource preference in <i>Drosophila melanogaster<\/i>\u201d <b><i>Evolution<\/i><\/b> 58(4): 757-767<\/p>\n<p>&nbsp;<\/p>\n<p><b>Mery, F<\/b>. and Kawecki, T.J. 2003 \u201cA fitness cost of learning ability in <i>Drosophila<\/i> melanogaster\u201d <b><i>Proc. Roy. Soc. Lond. B <\/i><\/b><i>270<\/i>, 2465-2469.<i> <\/i><\/p>\n<p>&nbsp;<\/p>\n<p>Kawecki, T. J. and <b>Mery, F<\/b>. 2003 \u201cEvolutionary conservatism of geographic variation in host preference in <i>Callosobruchus maculatus<\/i>\u201d <b><i>Ecological Entomology<\/i><\/b> 28:449-456.<b> <\/b><\/p>\n<p>&nbsp;<\/p>\n<p><b>Mery F<\/b>, Kawecki TJ. 2002 \u201cExperimental evolution of learning ability in fruit flies\u201d<i> <b>Proc. Natl Acad Sci USA<\/b><\/i> 99: 14274-14279.<\/p>\n<p>&nbsp;<\/p>\n<p><b>Mery F<\/b>, Joly D. 2002 \u201cMultiple mating, sperm transfer and oviposition pattern in the giant sperm species, <i>Drosophila bifurca<\/i>.\u201d <b><i>Journal of Evolutionary Biology<\/i><\/b> 15 (1): 49-56.<\/p>\n<p>&nbsp;<\/p>\n","protected":false},"excerpt":{"rendered":"<p>Evolution et Plasticite des Capacites Cognitives Theme de Recheche En interagissant avec son environnement, un individu est contraint \u00e0 faire des choix quant aux informations qu\u2019il va assimiler et quant au comportement \u00e0 adopter selon les situations. Ainsi un individu doit balancer diff\u00e9rentes sources d\u2019information (informations sociales obtenues par interaction avec d\u2019autres individus, information personnelles [&hellip;]<\/p>\n","protected":false},"author":1,"featured_media":0,"parent":65,"menu_order":0,"comment_status":"closed","ping_status":"open","template":"","meta":{"site-sidebar-layout":"default","site-content-layout":"","ast-site-content-layout":"default","site-content-style":"default","site-sidebar-style":"default","ast-global-header-display":"","ast-banner-title-visibility":"","ast-main-header-display":"","ast-hfb-above-header-display":"","ast-hfb-below-header-display":"","ast-hfb-mobile-header-display":"","site-post-title":"","ast-breadcrumbs-content":"","ast-featured-img":"","footer-sml-layout":"","ast-disable-related-posts":"","theme-transparent-header-meta":"","adv-header-id-meta":"","stick-header-meta":"","header-above-stick-meta":"","header-main-stick-meta":"","header-below-stick-meta":"","astra-migrate-meta-layouts":"default","ast-page-background-enabled":"default","ast-page-background-meta":{"desktop":{"background-color":"var(--ast-global-color-4)","background-image":"","background-repeat":"repeat","background-position":"center center","background-size":"auto","background-attachment":"scroll","background-type":"","background-media":"","overlay-type":"","overlay-color":"","overlay-opacity":"","overlay-gradient":""},"tablet":{"background-color":"","background-image":"","background-repeat":"repeat","background-position":"center center","background-size":"auto","background-attachment":"scroll","background-type":"","background-media":"","overlay-type":"","overlay-color":"","overlay-opacity":"","overlay-gradient":""},"mobile":{"background-color":"","background-image":"","background-repeat":"repeat","background-position":"center center","background-size":"auto","background-attachment":"scroll","background-type":"","background-media":"","overlay-type":"","overlay-color":"","overlay-opacity":"","overlay-gradient":""}},"ast-content-background-meta":{"desktop":{"background-color":"var(--ast-global-color-5)","background-image":"","background-repeat":"repeat","background-position":"center center","background-size":"auto","background-attachment":"scroll","background-type":"","background-media":"","overlay-type":"","overlay-color":"","overlay-opacity":"","overlay-gradient":""},"tablet":{"background-color":"var(--ast-global-color-5)","background-image":"","background-repeat":"repeat","background-position":"center center","background-size":"auto","background-attachment":"scroll","background-type":"","background-media":"","overlay-type":"","overlay-color":"","overlay-opacity":"","overlay-gradient":""},"mobile":{"background-color":"var(--ast-global-color-5)","background-image":"","background-repeat":"repeat","background-position":"center center","background-size":"auto","background-attachment":"scroll","background-type":"","background-media":"","overlay-type":"","overlay-color":"","overlay-opacity":"","overlay-gradient":""}},"_themeisle_gutenberg_block_has_review":false,"footnotes":""},"class_list":["post-81","page","type-page","status-publish","hentry"],"jetpack_sharing_enabled":true,"_links":{"self":[{"href":"https:\/\/www.egce.universite-paris-saclay.fr\/index.php?rest_route=\/wp\/v2\/pages\/81","targetHints":{"allow":["GET"]}}],"collection":[{"href":"https:\/\/www.egce.universite-paris-saclay.fr\/index.php?rest_route=\/wp\/v2\/pages"}],"about":[{"href":"https:\/\/www.egce.universite-paris-saclay.fr\/index.php?rest_route=\/wp\/v2\/types\/page"}],"author":[{"embeddable":true,"href":"https:\/\/www.egce.universite-paris-saclay.fr\/index.php?rest_route=\/wp\/v2\/users\/1"}],"replies":[{"embeddable":true,"href":"https:\/\/www.egce.universite-paris-saclay.fr\/index.php?rest_route=%2Fwp%2Fv2%2Fcomments&post=81"}],"version-history":[{"count":1,"href":"https:\/\/www.egce.universite-paris-saclay.fr\/index.php?rest_route=\/wp\/v2\/pages\/81\/revisions"}],"predecessor-version":[{"id":17336,"href":"https:\/\/www.egce.universite-paris-saclay.fr\/index.php?rest_route=\/wp\/v2\/pages\/81\/revisions\/17336"}],"up":[{"embeddable":true,"href":"https:\/\/www.egce.universite-paris-saclay.fr\/index.php?rest_route=\/wp\/v2\/pages\/65"}],"wp:attachment":[{"href":"https:\/\/www.egce.universite-paris-saclay.fr\/index.php?rest_route=%2Fwp%2Fv2%2Fmedia&parent=81"}],"curies":[{"name":"wp","href":"https:\/\/api.w.org\/{rel}","templated":true}]}}