{"id":6706,"date":"2016-08-01T10:44:24","date_gmt":"2016-08-01T09:44:24","guid":{"rendered":"https:\/\/www.egce.universite-paris-saclay.fr\/?page_id=6706"},"modified":"2023-08-28T12:00:15","modified_gmt":"2023-08-28T10:00:15","slug":"legal-notice","status":"publish","type":"page","link":"https:\/\/www.egce.universite-paris-saclay.fr\/?page_id=6706&lang=en","title":{"rendered":"Disclaimer"},"content":{"rendered":"<p><strong>Disclaimer<\/strong><\/p>\n<p>Laboratory Evolution, Genomes, Behavior, Ecology<\/p>\n<p>Evolution, Genomes, Comportement, Ecologie (EGCE)<\/p>\n<p>IDEEV<\/p>\n<p>12 Route 128<\/p>\n<p>91190 Gif-sur-Yvette Cedex<\/p>\n<p>Tel : 01 69 15 49 81<\/p>\n<p><strong>Directrice de la publication : <\/strong><\/p>\n<p>Laure Kaiser-Arnauld<\/p>\n<p>Directrice \u00e9ditoriale<\/p>\n<p>Sylvie Salamitou<\/p>\n<p><strong>H\u00e9bergement : <\/strong><\/p>\n<p><strong>Evolution, G\u00e9nomes, Comportement, Ecologie<\/strong><\/p>\n<p><strong>Conditions d&rsquo;utilisation<\/strong><\/p>\n<p><strong>Protection des informations nominatives : <\/strong><\/p>\n<p>Conform\u00e9ment \u00e0\u00a0 la loi n\u00b0 78-17 du 6 janvier 1978, relative \u00c3\u00a0 l&rsquo;informatique, aux fichiers et aux libert\u00e9s (articles 38, 39, 40), vous disposez d&rsquo;un droit d&rsquo;acc\u00e8s, de rectification et de suppression des donn\u00e9es vous concernant, en ligne sur ce site.<br \/>\nPour exercer ce droit, vous pouvez vous adresser au <a href=\"mailto:c&#97;&#116;&#104;&#101;&#114;&#105;&#110;&#101;&#46;&#109;&#x6f;&#x6e;&#x74;&#x63;&#x68;&#x61;&#x6d;&#x70;&#x40;&#x75;&#x6e;&#x69;&#x76;&#x65;&#x72;site-par&#105;&#115;&#45;&#115;&#97;&#99;&#108;&#97;&#121;&#46;&#x66;&#x72;\">Directeur de la publication <\/a>.<\/p>\n<p><strong>Clause de non-responsabilit\u00e9 :<\/strong><\/p>\n<p>La responsabilit\u00e9 du Laboratoire EGCE ne peut, en aucune mani\u00e8re, \u00eatre engag\u00e9e quant au contenu des informations figurant sur ce site ou aux cons\u00e9quences pouvant r\u00e9sulter de leur utilisation ou interpr\u00e9tation.<\/p>\n<p><strong>Propri\u00e9t\u00e9 intellectuelle :<\/strong><\/p>\n<p>Le site du Laboratoire EGCE est une oeuvre de cr\u00e9ation, propri\u00e9t\u00e9 exclusive du Laboratoire EGCE, prot\u00e9g\u00e9 par la l\u00e9gislation fran\u00e7aise et internationale sur le droit de la propri\u00e9t\u00e9 intellectuelle. Aucune reproduction ou repr\u00e9sentation ne peut \u00eatre r\u00e9alis\u00e9e en contravention avec les droits du Laboratoire EGCE issus de la l\u00e9gislation susvis\u00e9e.<\/p>\n<p><strong>Liens hypertextes :<\/strong><\/p>\n<p>La mise en place de liens hypertextes par des tiers vers des pages ou des documents diffus\u00e9s sur le site du Laboratoire EGCE, est autoris\u00e9e sous r\u00e9serve que les liens ne contreviennent pas aux int\u00e9r\u00eats du Laboratoire EGCE, et, qu&rsquo;ils garantissent la possibilit\u00e9 pour l&rsquo;utilisateur d&rsquo;identifier l&rsquo;origine et l&rsquo;auteur du document.<\/p>\n","protected":false},"excerpt":{"rendered":"<p>Disclaimer Laboratory Evolution, Genomes, Behavior, Ecology Evolution, Genomes, Comportement, Ecologie (EGCE) IDEEV 12 Route 128 91190 Gif-sur-Yvette Cedex Tel : 01 69 15 49 81 Directrice de la publication : Laure Kaiser-Arnauld Directrice \u00e9ditoriale Sylvie Salamitou H\u00e9bergement : Evolution, G\u00e9nomes, Comportement, Ecologie Conditions d&rsquo;utilisation Protection des informations nominatives : Conform\u00e9ment \u00e0\u00a0 la loi n\u00b0 78-17 [&hellip;]<\/p>\n","protected":false},"author":1,"featured_media":0,"parent":0,"menu_order":0,"comment_status":"closed","ping_status":"closed","template":"","meta":{"site-sidebar-layout":"default","site-content-layout":"","ast-site-content-layout":"default","site-content-style":"default","site-sidebar-style":"default","ast-global-header-display":"","ast-banner-title-visibility":"","ast-main-header-display":"","ast-hfb-above-header-display":"","ast-hfb-below-header-display":"","ast-hfb-mobile-header-display":"","site-post-title":"","ast-breadcrumbs-content":"","ast-featured-img":"","footer-sml-layout":"","ast-disable-related-posts":"","theme-transparent-header-meta":"","adv-header-id-meta":"","stick-header-meta":"","header-above-stick-meta":"","header-main-stick-meta":"","header-below-stick-meta":"","astra-migrate-meta-layouts":"default","ast-page-background-enabled":"default","ast-page-background-meta":{"desktop":{"background-color":"var(--ast-global-color-4)","background-image":"","background-repeat":"repeat","background-position":"center center","background-size":"auto","background-attachment":"scroll","background-type":"","background-media":"","overlay-type":"","overlay-color":"","overlay-opacity":"","overlay-gradient":""},"tablet":{"background-color":"","background-image":"","background-repeat":"repeat","background-position":"center center","background-size":"auto","background-attachment":"scroll","background-type":"","background-media":"","overlay-type":"","overlay-color":"","overlay-opacity":"","overlay-gradient":""},"mobile":{"background-color":"","background-image":"","background-repeat":"repeat","background-position":"center center","background-size":"auto","background-attachment":"scroll","background-type":"","background-media":"","overlay-type":"","overlay-color":"","overlay-opacity":"","overlay-gradient":""}},"ast-content-background-meta":{"desktop":{"background-color":"var(--ast-global-color-5)","background-image":"","background-repeat":"repeat","background-position":"center center","background-size":"auto","background-attachment":"scroll","background-type":"","background-media":"","overlay-type":"","overlay-color":"","overlay-opacity":"","overlay-gradient":""},"tablet":{"background-color":"var(--ast-global-color-5)","background-image":"","background-repeat":"repeat","background-position":"center center","background-size":"auto","background-attachment":"scroll","background-type":"","background-media":"","overlay-type":"","overlay-color":"","overlay-opacity":"","overlay-gradient":""},"mobile":{"background-color":"var(--ast-global-color-5)","background-image":"","background-repeat":"repeat","background-position":"center center","background-size":"auto","background-attachment":"scroll","background-type":"","background-media":"","overlay-type":"","overlay-color":"","overlay-opacity":"","overlay-gradient":""}},"_themeisle_gutenberg_block_has_review":false,"footnotes":""},"class_list":["post-6706","page","type-page","status-publish","hentry"],"jetpack_sharing_enabled":true,"_links":{"self":[{"href":"https:\/\/www.egce.universite-paris-saclay.fr\/index.php?rest_route=\/wp\/v2\/pages\/6706","targetHints":{"allow":["GET"]}}],"collection":[{"href":"https:\/\/www.egce.universite-paris-saclay.fr\/index.php?rest_route=\/wp\/v2\/pages"}],"about":[{"href":"https:\/\/www.egce.universite-paris-saclay.fr\/index.php?rest_route=\/wp\/v2\/types\/page"}],"author":[{"embeddable":true,"href":"https:\/\/www.egce.universite-paris-saclay.fr\/index.php?rest_route=\/wp\/v2\/users\/1"}],"replies":[{"embeddable":true,"href":"https:\/\/www.egce.universite-paris-saclay.fr\/index.php?rest_route=%2Fwp%2Fv2%2Fcomments&post=6706"}],"version-history":[{"count":1,"href":"https:\/\/www.egce.universite-paris-saclay.fr\/index.php?rest_route=\/wp\/v2\/pages\/6706\/revisions"}],"predecessor-version":[{"id":16866,"href":"https:\/\/www.egce.universite-paris-saclay.fr\/index.php?rest_route=\/wp\/v2\/pages\/6706\/revisions\/16866"}],"wp:attachment":[{"href":"https:\/\/www.egce.universite-paris-saclay.fr\/index.php?rest_route=%2Fwp%2Fv2%2Fmedia&parent=6706"}],"curies":[{"name":"wp","href":"https:\/\/api.w.org\/{rel}","templated":true}]}}