{"id":67,"date":"2013-11-20T14:05:14","date_gmt":"2013-11-20T13:05:14","guid":{"rendered":"https:\/\/www.egce.universite-paris-saclay.fr\/?page_id=67"},"modified":"2013-11-20T14:05:14","modified_gmt":"2013-11-20T13:05:14","slug":"equipe-evolution-moleculaire-et-fonctionnelle-des-familles-multigeniques-multigen","status":"publish","type":"page","link":"https:\/\/www.egce.universite-paris-saclay.fr\/?page_id=67","title":{"rendered":"MULTIGEN"},"content":{"rendered":"<h2>\u00c9quipe \u00c9volution Mol\u00e9culaire et Fonctionnelle des Familles Multig\u00e9niques<\/h2>\n<p>Des m\u00e9canismes mutationnels vari\u00e9s g\u00e9n\u00e8rent de nouvelles copies des g\u00e8nes pr\u00e9sents dans les g\u00e9nomes. Ils peuvent aussi en \u00e9liminer. Il se constitue ainsi des familles multig\u00e9niques dont les effectifs peuvent \u00eatre tr\u00e8s dynamiques.<br \/>\nNous nous int\u00e9ressons au devenir de familles de g\u00e8nes en relation avec :<\/p>\n<ul>\n<li>Leur recrutement dans de nouvelles fonctions,<\/li>\n<li>Les pertes de fonctions,<\/li>\n<li>Les processus adaptatifs dans lesquels elles peuvent \u00eatre impliqu\u00e9es.<\/li>\n<\/ul>\n<p>Deux axes majeurs de recherche sont d\u00e9velopp\u00e9s autour de cette th\u00e9matique g\u00e9n\u00e9rale :<\/p>\n<ul>\n<li>L&rsquo;\u00e9volution mol\u00e9culaire et fonctionnelle de facteurs de transcription impliqu\u00e9s dans le d\u00e9veloppement des vert\u00e9br\u00e9s,<\/li>\n<li>L&rsquo;adaptation mol\u00e9culaire d&rsquo;enzymes digestives chez les m\u00e9tazoaires.<\/li>\n<\/ul>\n<p><strong>Mots cl\u00e9s :<\/strong><br \/>\n\u00c9volution mol\u00e9culaire, familles multig\u00e9niques, adaptation, d\u00e9veloppement, Evo-Devo, facteurs de transcription, amylase, drosophile, <em>Scyliorhinus canicula<\/em>, <em>Danio rerio<\/em>, <em>Oryzias latipes<\/em>, <em>Neoceratodus forsteri<\/em>, <em>Astyanax mexicanus<\/em>, insectes, vert\u00e9br\u00e9s, m\u00e9tazoaires.<\/p>\n<h3>Les membres permanents de l&rsquo;\u00e9quipe<\/h3>\n<table>\n<tbody>\n<tr>\n<td><a href=\"https:\/\/www.egce.universite-paris-saclay.fr\/?p=681\"><img decoding=\"async\" title=\"Didier Casane\" src=\"https:\/\/www.egce.universite-paris-saclay.fr\/wp-content\/uploads\/2014\/01\/casane.jpg\" alt=\"\" border=\"2\" \/><\/a><\/td>\n<td style=\"vertical-align: top;\">\n<h4><a title=\"Didier Casane\" href=\"https:\/\/www.egce.universite-paris-saclay.fr\/?p=681\">Didier Casane<\/a><\/h4>\n<p><strong>Responsable de l\u2019\u00e9quipe, Professeur \u00e0 l\u2019universit\u00e9 Paris Diderot (Paris 7)<\/strong><br \/>\n\u00c9volution mol\u00e9culaire et fonctionnelle de facteurs de transcription impliqu\u00e9s dans le d\u00e9veloppement des vert\u00e9br\u00e9s, \u00e9volution du g\u00e9nome des vert\u00e9br\u00e9s, approches mol\u00e9culaires de la question de l\u2019homologie s\u00e9rielle (origine et diversification des structures dentaires et des membres des vert\u00e9br\u00e9s), adaptation des populations cavernicoles de l\u2019esp\u00e8ce <em>Astyanax mexicanus<\/em>, syst\u00e9matique et g\u00e9n\u00e9tique des populations d\u2019esp\u00e8ces des genres Lucifuga et Gambusia, g\u00e9n\u00e9tique des populations de trois esp\u00e8ces de poissons des r\u00e9cifs coralliens (<em>Stegastes partitus, Haemulon flavolineatum, Acanthorus bahianus<\/em>) de Cuba.<\/td>\n<\/tr>\n<tr>\n<td><a href=\"https:\/\/www.egce.universite-paris-saclay.fr\/?p=638\"><img decoding=\"async\" title=\"\" src=\"https:\/\/www.egce.universite-paris-saclay.fr\/wp-content\/uploads\/2014\/01\/borday.jpg\" alt=\"\" height=\"120\" border=\"2\" \/><\/a><\/td>\n<td style=\"vertical-align: top;\">\n<h4><a title=\"V\u00e9ronique Borday-Birraux\" href=\"https:\/\/www.egce.universite-paris-saclay.fr\/?p=638\">V\u00e9ronique Borday-Biraux<\/a><\/h4>\n<p><strong>Ma\u00eetre de conf\u00e9rences \u00e0 l\u2019universit\u00e9 Paris Diderot (Paris 7)<\/strong><br \/>\nComparaison des m\u00e9canismes mol\u00e9culaires impliqu\u00e9s dans la mise en place des structures dentaires chez les vert\u00e9br\u00e9s ; Evolution des patrons d\u2019expression de facteurs de transcription chez les vert\u00e9br\u00e9s.<\/td>\n<\/tr>\n<tr>\n<td><\/td>\n<td style=\"vertical-align: top;\"><\/td>\n<\/tr>\n<tr>\n<td><\/td>\n<td style=\"vertical-align: top;\"><\/td>\n<\/tr>\n<tr>\n<td><\/td>\n<td style=\"vertical-align: top;\"><\/td>\n<\/tr>\n<tr>\n<td><a href=\"https:\/\/www.egce.universite-paris-saclay.fr\/?p=735\"><img decoding=\"async\" title=\"\" src=\"https:\/\/www.egce.universite-paris-saclay.fr\/wp-content\/uploads\/2014\/01\/germon.jpg\" alt=\"\" height=\"120\" border=\"2\" \/><\/a><\/td>\n<td style=\"vertical-align: top;\">\n<h4><a title=\"Isabelle Germon\" href=\"https:\/\/www.egce.universite-paris-saclay.fr\/?p=735\">Isabelle Germon<\/a><\/h4>\n<p><strong>Assistante ing\u00e9nieur CNRS<\/strong><br \/>\nBiologie mol\u00e9culaire, expression des g\u00e8nes, imagerie.<\/td>\n<\/tr>\n<tr>\n<td><a href=\"https:\/\/www.egce.universite-paris-saclay.fr\/?p=632\"><img decoding=\"async\" title=\"\" src=\"https:\/\/www.egce.universite-paris-saclay.fr\/wp-content\/uploads\/2014\/01\/bonneau.jpg\" alt=\"\" height=\"120\" border=\"2\" \/><\/a><\/td>\n<td style=\"vertical-align: top;\">\n<h4><a title=\"Magalie Bonneau\" href=\"https:\/\/www.egce.universite-paris-saclay.fr\/?p=632\">Magalie Bonneau<\/a><\/h4>\n<p><strong>Technicienne<\/strong><\/td>\n<\/tr>\n<\/tbody>\n<\/table>\n<h3>Les membres non-permanents de l&rsquo;\u00e9quipe<\/h3>\n<table>\n<tbody>\n<tr>\n<td><a href=\"https:\/\/www.egce.universite-paris-saclay.fr\/?p=1417\"><img decoding=\"async\" title=\"\" src=\"https:\/\/www.egce.universite-paris-saclay.fr\/wp-content\/uploads\/2014\/01\/fumey.jpg\" alt=\"\" height=\"120\" border=\"2\" \/><\/a><\/td>\n<td style=\"vertical-align: top;\">\n<h4><a title=\"Julien Fumey\" href=\"https:\/\/www.egce.universite-paris-saclay.fr\/?p=1417\">Julien Fumey<\/a><\/h4>\n<p><strong>Doctorant<\/strong><br \/>\nBioinformatique, Transcriptomique compar\u00e9e chez <em>Astyanax mexicanus<\/em>.<\/td>\n<\/tr>\n<\/tbody>\n<\/table>\n<h3>Les anciens membres de l&rsquo;\u00e9quipe :<\/h3>\n<ul>\n<li><a href=\"https:\/\/www.egce.universite-paris-saclay.fr\/?p=786\"><strong>Romain Nattier<\/strong><\/a>, ATER \u00e0 l&rsquo;universit\u00e9 Paris Diderot (Paris 7) (2011 &#8211; 2013). Phylog\u00e9ographie des gambusies de Cuba : esp\u00e8ces cryptiques et adaptations aux environnements extr\u00eames.<\/li>\n<li><a href=\"https:\/\/www.egce.universite-paris-saclay.fr\/?p=683\"><strong>Jessy Castellanos Gell<\/strong><\/a>, doctorante (2008 &#8211; 2012). G\u00e9n\u00e9tique des populations de trois esp\u00e8ces de poissons des r\u00e9cifs coralliens cubains (<em>Stegastes partitus<\/em>, <em>Haemulon flavolineatum<\/em>, <em>Acanthorus bahianus<\/em>).<\/li>\n<li><strong>Silvan Oulion<\/strong>, doctorant (2007 &#8211; 2010). Evolution des g\u00e8nes Hox et ParaHox chez les vert\u00e9br\u00e9s.<\/li>\n<li><strong>Alan Pradel<\/strong>, ATER \u00e0 l&rsquo;universit\u00e9 Paris Diderot (Paris 7) (2008 &#8211; 2010). Phylog\u00e9nie et \u00e9volution des chondrichtyens.<\/li>\n<li><strong>Cushla Metcalfe<\/strong>, chercheuse associ\u00e9e CNRS (2006 &#8211; 2009). Organisation du g\u00e9nome d&rsquo;un dipneuste (<em>Neoceratodus forsteri<\/em>).<\/li>\n<li><strong>M\u00e9lanie Debiais-Thibaud<\/strong>, doctorante (2004 &#8211; 2008). \u00c9volution des structures dentaires : Approches comparatives des m\u00e9canismes mol\u00e9culaires du d\u00e9veloppement.<\/li>\n<\/ul>\n","protected":false},"excerpt":{"rendered":"<p>\u00c9quipe \u00c9volution Mol\u00e9culaire et Fonctionnelle des Familles Multig\u00e9niques Des m\u00e9canismes mutationnels vari\u00e9s g\u00e9n\u00e8rent de nouvelles copies des g\u00e8nes pr\u00e9sents dans les g\u00e9nomes. Ils peuvent aussi en \u00e9liminer. Il se constitue ainsi des familles multig\u00e9niques dont les effectifs peuvent \u00eatre tr\u00e8s dynamiques. Nous nous int\u00e9ressons au devenir de familles de g\u00e8nes en relation avec : Leur [&hellip;]<\/p>\n","protected":false},"author":1,"featured_media":0,"parent":65,"menu_order":0,"comment_status":"closed","ping_status":"open","template":"","meta":{"site-sidebar-layout":"default","site-content-layout":"","ast-site-content-layout":"default","site-content-style":"default","site-sidebar-style":"default","ast-global-header-display":"","ast-banner-title-visibility":"","ast-main-header-display":"","ast-hfb-above-header-display":"","ast-hfb-below-header-display":"","ast-hfb-mobile-header-display":"","site-post-title":"","ast-breadcrumbs-content":"","ast-featured-img":"","footer-sml-layout":"","ast-disable-related-posts":"","theme-transparent-header-meta":"","adv-header-id-meta":"","stick-header-meta":"","header-above-stick-meta":"","header-main-stick-meta":"","header-below-stick-meta":"","astra-migrate-meta-layouts":"default","ast-page-background-enabled":"default","ast-page-background-meta":{"desktop":{"background-color":"var(--ast-global-color-4)","background-image":"","background-repeat":"repeat","background-position":"center center","background-size":"auto","background-attachment":"scroll","background-type":"","background-media":"","overlay-type":"","overlay-color":"","overlay-opacity":"","overlay-gradient":""},"tablet":{"background-color":"","background-image":"","background-repeat":"repeat","background-position":"center center","background-size":"auto","background-attachment":"scroll","background-type":"","background-media":"","overlay-type":"","overlay-color":"","overlay-opacity":"","overlay-gradient":""},"mobile":{"background-color":"","background-image":"","background-repeat":"repeat","background-position":"center center","background-size":"auto","background-attachment":"scroll","background-type":"","background-media":"","overlay-type":"","overlay-color":"","overlay-opacity":"","overlay-gradient":""}},"ast-content-background-meta":{"desktop":{"background-color":"var(--ast-global-color-5)","background-image":"","background-repeat":"repeat","background-position":"center center","background-size":"auto","background-attachment":"scroll","background-type":"","background-media":"","overlay-type":"","overlay-color":"","overlay-opacity":"","overlay-gradient":""},"tablet":{"background-color":"var(--ast-global-color-5)","background-image":"","background-repeat":"repeat","background-position":"center center","background-size":"auto","background-attachment":"scroll","background-type":"","background-media":"","overlay-type":"","overlay-color":"","overlay-opacity":"","overlay-gradient":""},"mobile":{"background-color":"var(--ast-global-color-5)","background-image":"","background-repeat":"repeat","background-position":"center center","background-size":"auto","background-attachment":"scroll","background-type":"","background-media":"","overlay-type":"","overlay-color":"","overlay-opacity":"","overlay-gradient":""}},"_themeisle_gutenberg_block_has_review":false,"footnotes":""},"class_list":["post-67","page","type-page","status-publish","hentry"],"jetpack_sharing_enabled":true,"_links":{"self":[{"href":"https:\/\/www.egce.universite-paris-saclay.fr\/index.php?rest_route=\/wp\/v2\/pages\/67","targetHints":{"allow":["GET"]}}],"collection":[{"href":"https:\/\/www.egce.universite-paris-saclay.fr\/index.php?rest_route=\/wp\/v2\/pages"}],"about":[{"href":"https:\/\/www.egce.universite-paris-saclay.fr\/index.php?rest_route=\/wp\/v2\/types\/page"}],"author":[{"embeddable":true,"href":"https:\/\/www.egce.universite-paris-saclay.fr\/index.php?rest_route=\/wp\/v2\/users\/1"}],"replies":[{"embeddable":true,"href":"https:\/\/www.egce.universite-paris-saclay.fr\/index.php?rest_route=%2Fwp%2Fv2%2Fcomments&post=67"}],"version-history":[{"count":0,"href":"https:\/\/www.egce.universite-paris-saclay.fr\/index.php?rest_route=\/wp\/v2\/pages\/67\/revisions"}],"up":[{"embeddable":true,"href":"https:\/\/www.egce.universite-paris-saclay.fr\/index.php?rest_route=\/wp\/v2\/pages\/65"}],"wp:attachment":[{"href":"https:\/\/www.egce.universite-paris-saclay.fr\/index.php?rest_route=%2Fwp%2Fv2%2Fmedia&parent=67"}],"curies":[{"name":"wp","href":"https:\/\/api.w.org\/{rel}","templated":true}]}}