{"id":658,"date":"2014-02-05T17:59:04","date_gmt":"2014-02-05T16:59:04","guid":{"rendered":"https:\/\/www.egce.universite-paris-saclay.fr\/?page_id=658"},"modified":"2026-03-13T15:18:52","modified_gmt":"2026-03-13T14:18:52","slug":"annuaire","status":"publish","type":"page","link":"https:\/\/www.egce.universite-paris-saclay.fr\/?page_id=658","title":{"rendered":"Annuaire"},"content":{"rendered":"<ul>\n<li><a href=\"\/?p=9511\">Bastide H\u00e9lo\u00efse<\/a><\/li>\n<li><a href=\"\/?p=632\">Bonneau Magalie<\/a><\/li>\n<li><a href=\"\/?p=638\">Borday-Birraux V\u00e9ronique<\/a><\/li>\n<li><a href=\"\/?p=20422\">Bothorel Sabrina<\/a><\/li>\n<li><a href=\"?p=15507\">Branca Antoine<\/a><\/li>\n<li><a href=\"\/?p=20445\">Bueno da Silva Iago<\/a><\/li>\n<li><a href=\"\/?p=21597\">Cabon Flavien<\/a><\/li>\n<li><a href=\"\/?p=640\">Calatayud Paul-Andr\u00e9<\/a><\/li>\n<li><a href=\"\/?p=645\">Capdevielle-Dulac Claire<\/a><\/li>\n<li><a href=\"?p=10718\">Carcaud Julie<\/a><\/li>\n<li><a href=\"\/?p=681\">Casane Didier<\/a><\/li>\n<li><a href=\"\/?p=706\">Claisse Ga\u00eblle<\/a><\/li>\n<li><a href=\"\/?p=708\">Clavereau Isabelle<\/a><\/li>\n<li><a href=\"?p=21181\">Coen Olivier<\/a><\/li>\n<li><a href=\"\/?p=16723\">Cordaux Richard<\/a><\/li>\n<li><a href=\"\/?p=21584\">Costa R\u00e9mi<\/a><\/li>\n<li><a href=\"?p=1607\">Couto Antoine<\/a><\/li>\n<li><a href=\"\/?p=713\">Da Lage Jean-Luc<\/a><\/li>\n<li><a href=\"\/?p=16812(ouvre un nouvel onglet)\">Delarue Aliz\u00e9e<\/a><\/li>\n<li><a href=\"\/?p=720\">Denis B\u00e9atrice<\/a><\/li>\n<li><a href=\"?p=21194\">Drabo Salimata<\/a><\/li>\n<li><a href=\"\/?p=722\">Dupas St\u00e9phane<\/a><\/li>\n<li><a href=\"?p=14054\">Duportets Line<\/a><\/li>\n<li><a href=\"\/?p=20430\">Dureux Mathis<\/a><\/li>\n<li><a href=\"\/?p=724\">Emond Jean-Bernard<\/a><\/li>\n<li><a href=\"\/?p=20394\">Faber Camille<\/a><\/li>\n<li><a href=\"\/?p=18472\">Feng Jieying<\/a><\/li>\n<li><a href=\"\/?p=729\">Fil\u00e9e Jonathan<\/a><\/li>\n<li><a href=\"\/?p=8999\">Fortuna Taiadjana<\/a><\/li>\n<li><a href=\"\/?p=11870\">Fouchier Val\u00e9rie<\/a><\/li>\n<li><a href=\"\/?p=731\">Garnery Lionel<\/a><\/li>\n<li><a href=\"\/?p=735\">Germon Isabelle<\/a><\/li>\n<li><a href=\"https:\/\/www.egce.universite-paris-saclay.fr\/?p=7753\">Gilbert Cl\u00e9ment<\/a><\/li>\n<li><a href=\"?p=20644\">Graziano Isabelle<\/a><\/li>\n<li><a href=\"\/?p=741\">Harry Myriam<\/a><\/li>\n<li><a href=\"\/?p=746\">Hua-Van Aur\u00e9lie<\/a><\/li>\n<li><a href=\"\/?p=7420\">Jeannette R\u00e9mi<\/a><\/li>\n<li><a href=\"\/?p=21603\">Jiogue Lacdo Maiva Jessica<\/a><\/li>\n<li><a href=\"\/?p=751\">Kaiser-Arnauld Laure<\/a><\/li>\n<li><a href=\"?p=20591\">Koenig Leon<\/a><\/li>\n<li><a href=\"\/?p=18460\">Laffargue Thibault<\/a><\/li>\n<li><a href=\"https:\/\/www.egce.universite-paris-saclay.fr\/?p=14977(opens in a new tab)\" data-wplink-url-error=\"true\">Lang Michael<\/a><\/li>\n<li><a href=\"\/?p=7393\">Larcher Virginie<\/a><\/li>\n<li><a href=\"\/?p=11317\">Legendre Laurent<\/a><\/li>\n<li><a href=\"\/?p=757\">Le Rouzic Arnaud<\/a><\/li>\n<li><a href=\"\/?p=762\">Legall Philippe<\/a><\/li>\n<li><a href=\"\/?p=764\">Legout H\u00e9l\u00e8ne<\/a><\/li>\n<li><a href=\"?p=10698\">Loiseau Vincent<\/a><\/li>\n<li><a href=\"\/?p=18450\">Maquart Pierre-Olivier<\/a><\/li>\n<li><a href=\"\/?p=8192\">Mariette Julia<\/a><\/li>\n<li><a href=\"\/?p=772\">Marion-Poll Fr\u00e9d\u00e9ric<\/a><\/li>\n<li><a href=\"\/?p=16801(ouvre un nouvel onglet)\">Matrougui Ines<\/a><\/li>\n<li><a href=\"\/?p=20408\">Merle Marie<\/a><\/li>\n<li><a href=\"\/?p=776\">Michel-Salzat Alice<\/a><\/li>\n<li><a href=\"\/?p=778\">Montchamp-Moreau Catherine<\/a><\/li>\n<li><a href=\"\/?p=780\">Moreno C\u00e9line<\/a><\/li>\n<li><a href=\"\/?p=782\">Mougel Florence<\/a><\/li>\n<li><a href=\"\/?p=11969\">Muller H\u00e9lo\u00efse<\/a><\/li>\n<li><a href=\"\/?p=788\">Nortier Sylvie<\/a><\/li>\n<li><a href=\"\/?p=790\">Ogereau David<\/a><\/li>\n<li><a href=\"?p=21187\">Oppersma Jorn<\/a><\/li>\n<li><a href=\"\/?p=16831(ouvre un nouvel onglet)\">Pitzalis Melissa<\/a><\/li>\n<li><a href=\"\/?p=4561\">Pollet Nicolas<\/a><\/li>\n<li><a href=\"\/?p=798\">Rebaudo Fran\u00e7ois<\/a><\/li>\n<li><a href=\"\/?p=20387\">Reboud Eliette<\/a><\/li>\n<li><a href=\"\/?p=18275\">Requier Fabrice<\/a><\/li>\n<li><a href=\"\/?p=18466\">Rignault Gabin<\/a><\/li>\n<li><a href=\"\/?p=17240\">Salamitou Sylvie<\/a><\/li>\n<li><a href=\"\/?p=654\">Sandoz Jean-Christophe<\/a><\/li>\n<li><a href=\"\/?p=13842\">Sibaja Malena<\/a><\/li>\n<li><a href=\"\/?p=12560\">Sokame Bonoukpo\u00e9<\/a><\/li>\n<li><a href=\"\/?p=21591\">Tiret Annabelle<\/a><\/li>\n<li><a href=\"\/?p=20416\">Venon Pascaline<\/a><\/li>\n<li><a href=\"?p=11627\">Yassin Amir<\/a><\/li>\n<\/ul>\n\n\n<p><\/p>\n","protected":false},"excerpt":{"rendered":"<p>Bastide H\u00e9lo\u00efse Bonneau Magalie Borday-Birraux V\u00e9ronique Bothorel Sabrina Branca Antoine Bueno da Silva Iago Cabon Flavien Calatayud Paul-Andr\u00e9 Capdevielle-Dulac Claire Carcaud Julie Casane Didier Claisse Ga\u00eblle Clavereau Isabelle Coen Olivier Cordaux Richard Costa R\u00e9mi Couto Antoine Da Lage Jean-Luc Delarue Aliz\u00e9e Denis B\u00e9atrice Drabo Salimata Dupas St\u00e9phane Duportets Line Dureux Mathis Emond Jean-Bernard Faber Camille [&hellip;]<\/p>\n","protected":false},"author":1,"featured_media":0,"parent":0,"menu_order":0,"comment_status":"closed","ping_status":"closed","template":"","meta":{"site-sidebar-layout":"default","site-content-layout":"","ast-site-content-layout":"default","site-content-style":"default","site-sidebar-style":"default","ast-global-header-display":"","ast-banner-title-visibility":"","ast-main-header-display":"","ast-hfb-above-header-display":"","ast-hfb-below-header-display":"","ast-hfb-mobile-header-display":"","site-post-title":"","ast-breadcrumbs-content":"","ast-featured-img":"","footer-sml-layout":"","ast-disable-related-posts":"","theme-transparent-header-meta":"","adv-header-id-meta":"","stick-header-meta":"","header-above-stick-meta":"","header-main-stick-meta":"","header-below-stick-meta":"","astra-migrate-meta-layouts":"set","ast-page-background-enabled":"default","ast-page-background-meta":{"desktop":{"background-color":"var(--ast-global-color-4)","background-image":"","background-repeat":"repeat","background-position":"center center","background-size":"auto","background-attachment":"scroll","background-type":"","background-media":"","overlay-type":"","overlay-color":"","overlay-opacity":"","overlay-gradient":""},"tablet":{"background-color":"","background-image":"","background-repeat":"repeat","background-position":"center center","background-size":"auto","background-attachment":"scroll","background-type":"","background-media":"","overlay-type":"","overlay-color":"","overlay-opacity":"","overlay-gradient":""},"mobile":{"background-color":"","background-image":"","background-repeat":"repeat","background-position":"center center","background-size":"auto","background-attachment":"scroll","background-type":"","background-media":"","overlay-type":"","overlay-color":"","overlay-opacity":"","overlay-gradient":""}},"ast-content-background-meta":{"desktop":{"background-color":"var(--ast-global-color-5)","background-image":"","background-repeat":"repeat","background-position":"center center","background-size":"auto","background-attachment":"scroll","background-type":"","background-media":"","overlay-type":"","overlay-color":"","overlay-opacity":"","overlay-gradient":""},"tablet":{"background-color":"var(--ast-global-color-5)","background-image":"","background-repeat":"repeat","background-position":"center center","background-size":"auto","background-attachment":"scroll","background-type":"","background-media":"","overlay-type":"","overlay-color":"","overlay-opacity":"","overlay-gradient":""},"mobile":{"background-color":"var(--ast-global-color-5)","background-image":"","background-repeat":"repeat","background-position":"center center","background-size":"auto","background-attachment":"scroll","background-type":"","background-media":"","overlay-type":"","overlay-color":"","overlay-opacity":"","overlay-gradient":""}},"_themeisle_gutenberg_block_has_review":false,"footnotes":""},"class_list":["post-658","page","type-page","status-publish","hentry"],"jetpack_sharing_enabled":true,"_links":{"self":[{"href":"https:\/\/www.egce.universite-paris-saclay.fr\/index.php?rest_route=\/wp\/v2\/pages\/658","targetHints":{"allow":["GET"]}}],"collection":[{"href":"https:\/\/www.egce.universite-paris-saclay.fr\/index.php?rest_route=\/wp\/v2\/pages"}],"about":[{"href":"https:\/\/www.egce.universite-paris-saclay.fr\/index.php?rest_route=\/wp\/v2\/types\/page"}],"author":[{"embeddable":true,"href":"https:\/\/www.egce.universite-paris-saclay.fr\/index.php?rest_route=\/wp\/v2\/users\/1"}],"replies":[{"embeddable":true,"href":"https:\/\/www.egce.universite-paris-saclay.fr\/index.php?rest_route=%2Fwp%2Fv2%2Fcomments&post=658"}],"version-history":[{"count":72,"href":"https:\/\/www.egce.universite-paris-saclay.fr\/index.php?rest_route=\/wp\/v2\/pages\/658\/revisions"}],"predecessor-version":[{"id":21606,"href":"https:\/\/www.egce.universite-paris-saclay.fr\/index.php?rest_route=\/wp\/v2\/pages\/658\/revisions\/21606"}],"wp:attachment":[{"href":"https:\/\/www.egce.universite-paris-saclay.fr\/index.php?rest_route=%2Fwp%2Fv2%2Fmedia&parent=658"}],"curies":[{"name":"wp","href":"https:\/\/api.w.org\/{rel}","templated":true}]}}