{"id":65,"date":"2013-11-20T14:03:38","date_gmt":"2013-11-20T13:03:38","guid":{"rendered":"https:\/\/www.egce.universite-paris-saclay.fr\/?page_id=65"},"modified":"2013-11-20T14:03:38","modified_gmt":"2013-11-20T13:03:38","slug":"equipes","status":"publish","type":"page","link":"https:\/\/www.egce.universite-paris-saclay.fr\/?page_id=65","title":{"rendered":"Equipes"},"content":{"rendered":"<p><b>Pr\u00e9sentation des \u00e9quipes du Laboratoire Evolution, G\u00e9nomes et Sp\u00e9ciation.<\/b><\/p>\n<div class=\"module-powered module\">\n<fieldset class=\"module-contentvide\">\n<legend><b>Multigen<\/b><\/legend>\n<p>Des m\u00e9canismes mutationnels vari\u00e9s g\u00e9n\u00e8rent de nouvelles copies des g\u00e8nes pr\u00e9sents dans les g\u00e9nomes. Ils peuvent aussi en \u00e9liminer. Il se constitue ainsi des familles multig\u00e9niques dont les effectifs peuvent \u00eatre tr\u00e8s dynamiques.<\/p>\n<p>Nous nous int\u00e9ressons au devenir de familles de g\u00e8nes en relation avec :<\/p>\n<p>* Leur recrutement dans de nouvelles fonctions;<br \/>\n* Les pertes de fonctions;<br \/>\n* Les processus adaptatifs dans lesquels elles peuvent \u00eatre impliqu\u00e9es.<\/p>\n<p>Deux axes majeurs de recherche sont d\u00e9velopp\u00e9s autour de cette th\u00e9matique g\u00e9n\u00e9rale :<\/p>\n<p>* L&rsquo;\u00e9volution mol\u00e9culaire et fonctionnelle de facteurs de transcription impliqu\u00e9s dans le d\u00e9veloppement des vert\u00e9br\u00e9s;<br \/>\n* L&rsquo;adaptation mol\u00e9culaire d&rsquo;enzymes digestives chez les m\u00e9tazoaires.<\/fieldset>\n<\/div>\n<p>&nbsp;<\/p>\n<div class=\"module-powered module\">\n<fieldset class=\"module-contentvide\">\n<legend><b>Gerad<\/b><\/legend>\n<p>L&rsquo;\u00e9quipe s&rsquo;attache \u00e0 comprendre les processus d&rsquo;\u00e9mergence et de diff\u00e9renciation des esp\u00e8ces en d\u00e9veloppant des approches int\u00e9gr\u00e9es : de l&rsquo;\u00e9tude biog\u00e9ographique \u00e0 celle de l&rsquo;\u00e9volution du g\u00e9nome, du transcriptome et du prot\u00e9ome. Un autre th\u00e8me concerne ces mol\u00e9cules produites par la cuticule qui servent \u00e0 chacun des partenaires sexuels \u00e0 se reconna\u00eetre et qui sont appel\u00e9es ph\u00e9romones. Enfin, des \u00e9l\u00e9ments g\u00e9n\u00e9tiques qui modifient l&rsquo;\u00e9quilibre des sexes chez la drosophile sont \u00e9galement \u00e9tudi\u00e9s.<\/p>\n<p>Quelques questions parmi celles que nous abordons :<\/p>\n<p>* Pourquoi certaines esp\u00e8ces de drosophiles restent cantonn\u00e9es dans leur zone d&rsquo;origine, parfois tr\u00e8s limit\u00e9e, quand d&rsquo;autres sont capables de coloniser des zones g\u00e9ographiques tr\u00e8s \u00e9tendues et \u00e9cologiquement diversifi\u00e9es ?<br \/>\n* Quelles sont les bases g\u00e9n\u00e9tiques de l&rsquo;isolement post-zygotique (st\u00e9rilit\u00e9\/inviabilit\u00e9 des hybrides) ?<br \/>\n* Est-il avant tout le r\u00e9sultat d&rsquo;un d\u00e9r\u00e8glement de l&rsquo;expression g\u00e9nique ?<\/fieldset>\n<\/div>\n<p>&nbsp;<\/p>\n<div class=\"module-powered module\">\n<fieldset class=\"module-contentvide\">\n<legend><b>Evolbee<\/b><\/legend>\n<p>Les recherches de l&rsquo;\u00e9quipe sur l&rsquo;abeille se d\u00e9veloppent selon trois p\u00f4les principaux qui sont en forte interaction : g\u00e9nomique, \u00e9tude des populations naturelles (phylog\u00e9ographie, \u00e9cotypes, structure fine des populations), et comportements.<\/p>\n<p>Parmi les th\u00e9matiques principales, figurent :<\/p>\n<p>* L&rsquo;\u00e9tablissement d&rsquo;une carte g\u00e9n\u00e9tique de l&rsquo;abeille (comportant actuellement 1500 marqueurs);<br \/>\n* La caract\u00e9risation de QTL;<br \/>\n* L&rsquo;\u00e9tude de la biodiversit\u00e9 de l&rsquo;abeille en France et en Europe avec la mise en place de conservatoires;<br \/>\n* L&rsquo;\u00e9tude de l&rsquo;isolement reproducteur chez un \u00e9cotype;<br \/>\n* L&rsquo;\u00e9tude de l&rsquo;adaptation comportementale des abeilles vis-\u00e0-vis des attaques visant la colonie, en particulier les r\u00e9actions de d\u00e9fense contre les frelons;<br \/>\n* L&rsquo;\u00e9tude des ph\u00e9nom\u00e8nes de perception, d\u2019apprentissage et de m\u00e9moire olfactifs et visuels des abeilles.<\/p>\n<p>Ces th\u00e9matiques ont en commun d&rsquo;utiliser des marqueurs mol\u00e9culaires et la g\u00e9n\u00e9tique.<\/fieldset>\n<\/div>\n<p>&nbsp;<\/p>\n<div class=\"module-powered module\">\n<fieldset class=\"module-contentvide\">\n<legend><b>Elegem<\/b><\/legend>\n<p>L&rsquo;\u00e9volution de l&rsquo;activit\u00e9 des \u00e9l\u00e9ments transposables; l&rsquo;identification des facteurs de l&rsquo;h\u00f4te (extra-\u00e9l\u00e9ment) et de l&rsquo;\u00e9l\u00e9ment lui-m\u00eame (structure et s\u00e9quence) susceptibles de modifier cette activit\u00e9; la dynamique d&rsquo;invasion d&rsquo;un \u00e9l\u00e9ment suite \u00e0 un transfert horizontal ou \u00e0 une gen\u00e8se de novo ainsi que l&rsquo;\u00e9volution de la structure g\u00e9n\u00e9rale des \u00e9l\u00e9ments transposables sont les principaux th\u00e8mes de cette \u00e9quipe.<\/p>\n<p>Cela nous permet d&rsquo;aborder, entre autres, la transmission de facteurs non g\u00e9n\u00e9tiques d&rsquo;une g\u00e9n\u00e9ration \u00e0 la suivante par la voie maternelle. Enfin, nos travaux sur l&rsquo;\u00e9volution de la structure g\u00e9n\u00e9rale des \u00e9l\u00e9ments transposables devraient conduire \u00e0 proposer une nouvelle classification.<\/p>\n<p>&nbsp;<\/fieldset>\n<\/div>\n<p>&nbsp;<\/p>\n<div class=\"module-powered module\">\n<fieldset class=\"module-contentvide\">\n<legend><b>Deeit<\/b><\/legend>\n<p>L&rsquo;\u00e9quipe s&rsquo;attachera \u00e0 d\u00e9crire et \u00e0 comprendre les processus \u00e9volutifs \u00e0 l&rsquo;origine des interactions pass\u00e9es et actuelles entre les insectes phytophages tropicaux, leurs plantes h\u00f4tes sauvages ou cultiv\u00e9es et leurs parasito\u00efdes. Elle \u00e9tudie aussi la r\u00e9ponse des insectes phytophages tropicaux aux changements globaux.<\/p>\n<p>Trois th\u00e8mes de recherche majeurs seront d\u00e9velopp\u00e9s :<\/p>\n<p>* Etude de la diversit\u00e9 des interactions monocotyl\u00e9dones &#8211; l\u00e9pidopt\u00e8res foreurs &#8211; insectes parasito\u00efdes en Afrique subsaharienne;<br \/>\n* Etude des facteurs \u00e0 l&rsquo;origine du succ\u00e8s d&rsquo;invasions r\u00e9centes d&rsquo;insectes phytophages en r\u00e9gion tropicale;<br \/>\n* Syst\u00e9matique, hypoth\u00e8ses phylog\u00e9n\u00e9tiques et patrons d&rsquo;interactions entre les insectes phytophages tropicaux et les plantes.<\/fieldset>\n<\/div>\n<p>&nbsp;<\/p>\n<div class=\"module-powered module\">\n<fieldset class=\"module-contentvide\">\n<legend><b>EPCC<\/b><\/legend>\n<p>La m\u00e9moire chez les drosophiles est au coeur des pr\u00e9occupations de l&rsquo;\u00e9quipe. Les chercheurs utilisent diff\u00e9rents types d&rsquo;apprentissage pour aborder l&rsquo;\u00e9tude des capacit\u00e9s cognitives globales des drosophiles. Une th\u00e9matique nouvelle est la transmission sociale et son implication dans la transmission culturelle d&rsquo;informations.<\/fieldset>\n<\/div>\n","protected":false},"excerpt":{"rendered":"<p>Pr\u00e9sentation des \u00e9quipes du Laboratoire Evolution, G\u00e9nomes et Sp\u00e9ciation. Multigen Des m\u00e9canismes mutationnels vari\u00e9s g\u00e9n\u00e8rent de nouvelles copies des g\u00e8nes pr\u00e9sents dans les g\u00e9nomes. Ils peuvent aussi en \u00e9liminer. Il se constitue ainsi des familles multig\u00e9niques dont les effectifs peuvent \u00eatre tr\u00e8s dynamiques. Nous nous int\u00e9ressons au devenir de familles de g\u00e8nes en relation avec [&hellip;]<\/p>\n","protected":false},"author":1,"featured_media":0,"parent":0,"menu_order":1,"comment_status":"closed","ping_status":"open","template":"","meta":{"site-sidebar-layout":"default","site-content-layout":"","ast-site-content-layout":"default","site-content-style":"default","site-sidebar-style":"default","ast-global-header-display":"","ast-banner-title-visibility":"","ast-main-header-display":"","ast-hfb-above-header-display":"","ast-hfb-below-header-display":"","ast-hfb-mobile-header-display":"","site-post-title":"","ast-breadcrumbs-content":"","ast-featured-img":"","footer-sml-layout":"","ast-disable-related-posts":"","theme-transparent-header-meta":"","adv-header-id-meta":"","stick-header-meta":"","header-above-stick-meta":"","header-main-stick-meta":"","header-below-stick-meta":"","astra-migrate-meta-layouts":"default","ast-page-background-enabled":"default","ast-page-background-meta":{"desktop":{"background-color":"var(--ast-global-color-4)","background-image":"","background-repeat":"repeat","background-position":"center center","background-size":"auto","background-attachment":"scroll","background-type":"","background-media":"","overlay-type":"","overlay-color":"","overlay-opacity":"","overlay-gradient":""},"tablet":{"background-color":"","background-image":"","background-repeat":"repeat","background-position":"center center","background-size":"auto","background-attachment":"scroll","background-type":"","background-media":"","overlay-type":"","overlay-color":"","overlay-opacity":"","overlay-gradient":""},"mobile":{"background-color":"","background-image":"","background-repeat":"repeat","background-position":"center center","background-size":"auto","background-attachment":"scroll","background-type":"","background-media":"","overlay-type":"","overlay-color":"","overlay-opacity":"","overlay-gradient":""}},"ast-content-background-meta":{"desktop":{"background-color":"var(--ast-global-color-5)","background-image":"","background-repeat":"repeat","background-position":"center center","background-size":"auto","background-attachment":"scroll","background-type":"","background-media":"","overlay-type":"","overlay-color":"","overlay-opacity":"","overlay-gradient":""},"tablet":{"background-color":"var(--ast-global-color-5)","background-image":"","background-repeat":"repeat","background-position":"center center","background-size":"auto","background-attachment":"scroll","background-type":"","background-media":"","overlay-type":"","overlay-color":"","overlay-opacity":"","overlay-gradient":""},"mobile":{"background-color":"var(--ast-global-color-5)","background-image":"","background-repeat":"repeat","background-position":"center center","background-size":"auto","background-attachment":"scroll","background-type":"","background-media":"","overlay-type":"","overlay-color":"","overlay-opacity":"","overlay-gradient":""}},"_themeisle_gutenberg_block_has_review":false,"footnotes":""},"class_list":["post-65","page","type-page","status-publish","hentry"],"jetpack_sharing_enabled":true,"_links":{"self":[{"href":"https:\/\/www.egce.universite-paris-saclay.fr\/index.php?rest_route=\/wp\/v2\/pages\/65","targetHints":{"allow":["GET"]}}],"collection":[{"href":"https:\/\/www.egce.universite-paris-saclay.fr\/index.php?rest_route=\/wp\/v2\/pages"}],"about":[{"href":"https:\/\/www.egce.universite-paris-saclay.fr\/index.php?rest_route=\/wp\/v2\/types\/page"}],"author":[{"embeddable":true,"href":"https:\/\/www.egce.universite-paris-saclay.fr\/index.php?rest_route=\/wp\/v2\/users\/1"}],"replies":[{"embeddable":true,"href":"https:\/\/www.egce.universite-paris-saclay.fr\/index.php?rest_route=%2Fwp%2Fv2%2Fcomments&post=65"}],"version-history":[{"count":0,"href":"https:\/\/www.egce.universite-paris-saclay.fr\/index.php?rest_route=\/wp\/v2\/pages\/65\/revisions"}],"wp:attachment":[{"href":"https:\/\/www.egce.universite-paris-saclay.fr\/index.php?rest_route=%2Fwp%2Fv2%2Fmedia&parent=65"}],"curies":[{"name":"wp","href":"https:\/\/api.w.org\/{rel}","templated":true}]}}