{"id":3788,"date":"2014-09-17T16:12:40","date_gmt":"2014-09-17T15:12:40","guid":{"rendered":"https:\/\/www.egce.universite-paris-saclay.fr\/?page_id=3788"},"modified":"2014-09-17T16:12:40","modified_gmt":"2014-09-17T15:12:40","slug":"evolution-et-plasticite-des-capacites-cognitives","status":"publish","type":"page","link":"https:\/\/www.egce.universite-paris-saclay.fr\/?page_id=3788","title":{"rendered":"Evolution et plasticit\u00e9 des capacit\u00e9s cognitives"},"content":{"rendered":"<h2><\/h2>\n<h2>Th\u00e8mes<\/h2>\n<p>En interagissant avec son environnement, un individu est contraint \u00e0 faire des choix quant aux informations qu\u2019il va assimiler et quant au comportement \u00e0 adopter selon les situations. Ainsi, un individu doit balancer diff\u00e9rentes sources d\u2019informations (informations sociales obtenues par interaction avec d\u2019autres individus, informations personnelles cumul\u00e9es par l\u2019individu lors de processus d\u2019essais et d\u2019erreurs\u2026). Quels sont les facteurs qui influent sur cette balance ? Comment la s\u00e9lection naturelle agit-elle sur ces processus ? En int\u00e9grant \u00e0 la fois des approches de biologie comportementales, de g\u00e9n\u00e9tiques et de neurobiologies nous cherchons \u00e0 comprendre comment interagissent ces diff\u00e9rentes sources d\u2019informations et comment les individus adaptent leurs comportements \u00e0 des conditions vari\u00e9es.<\/p>\n<p><a href=\"https:\/\/youtu.be\/ZAHcJR-6yfE\">https:\/\/youtu.be\/ZAHcJR-6yfE<\/a><\/p>\n<p>&nbsp;<\/p>\n<h2>Membres de l&rsquo;\u00e9quipe:<\/h2>\n<hr \/>\n<p style=\"text-align: center;\"><strong>Fr\u00e9d\u00e9ric Mery <\/strong>: charg\u00e9 de recherche, responsable de l&rsquo;\u00e9quipe<\/p>\n<p style=\"text-align: center;\"><strong>C\u00e9line Moreno <\/strong>: Ing\u00e9nieur de recherche<\/p>\n<hr \/>\n<hr \/>\n<p style=\"text-align: center;\"><strong>Serafino Teseo : <\/strong>Post Doctorante<\/p>\n<p style=\"text-align: center;\"><strong>Liisa Veerus<\/strong>: Etudiante Erasmus<\/p>\n<hr \/>\n<p>&nbsp;<\/p>\n<h2>Publications<\/h2>\n<ol>\n<li>Thomas, F., C. Jacqueline, T. Tissot, M. Henard, S. Blanchet, G. Loot, <b>E. Dawson, F. Mery<\/b>, F. Renaud, J. Montagne, C. Beckmann, P. A. Biro, R. Hamede &amp; B. Ujvari (2017) The importance of cancer cells for animal evolutionary ecology. <i>Nature Ecology &amp; Evolution,<\/i> 1<b>,<\/b> 1592-1595. 10.1038\/s41559-017-0343-z.<\/li>\n<li>Thomas, F., S. Rome<b>, F. Mery<\/b>, <b>E. Dawson<\/b>, J. Montagne, P. A. Biro, C. Beckmann, F. Renaud, R. Poulin, M. Raymond &amp; B. Ujvari (2017) Changes in diet associated with cancer: An evolutionary perspective. <i>Evolutionary Applications,<\/i> 10<b>,<\/b> 651-657. 10.1111\/eva.12465.<\/li>\n<li>Sueur, C. &amp; <b>F. Mery<\/b> (2017) Editorial: Social Interaction in Animals: Linking Experimental Approach and Social Network Analysis. <i>Frontiers in Psychology,<\/i> 8<b>,<\/b> 3. 10.3389\/fpsyg.2017.00035.<\/li>\n<li>Arnal, A., C. Jacqueline, B. Ujvari, L. Leger, <b>C. Moreno<\/b>, D. Faugere, A. Tasiemski, C. Boidin-Wichlacz, D. Misse, F. Renaud, J. Montagne, A. Casali, B. Roche, <b>F. Mery<\/b> &amp; F. Thomas (2017) Cancer brings forward oviposition in the fly <i>Drosophila melanogaster<\/i>. <i>Ecology and Evolution,<\/i> 7<b>,<\/b> 272-276. 10.1002\/ece3.2571.<\/li>\n<li><b>Philippe, A.-S<\/b>., R. Jeanson, C. Pasquaretta, <b>F. Rebaudo<\/b>, C. Sueur &amp; <b>F. Mery<\/b> (2016) Genetic variation in aggregation behaviour and interacting phenotypes in Drosophila. <i>Proceedings. Biological sciences \/ The Royal Society,<\/i> 283. 10.1098\/rspb.2015.2967.<strong><em><br \/>\n<\/em><\/strong><\/li>\n<li>Teseo S; Veerus L; <strong>Mery F<\/strong> Fights,2016. sex and behavioral plasticity: social experience determines fruit flies&rsquo; behavior across different functional contexts\u00a0 <strong><em>Naturwissenschaften (in press)<\/em><\/strong><\/li>\n<li>Pasquaretta C, Klenschi E, Pansanel J, Battesti M, <strong>Mery F,<\/strong> Sueur C 2016 Understanding dynamics of information transmission in Drosophila melanogaster using RSiena. <strong><em>Frontiers in Psychology (in press).<\/em><\/strong><\/li>\n<li>Pasquaretta C, Battesti M, Klenschi E, Bousquet C, Sueur C, <strong>Mery F <\/strong>2016 How social network structure affects decision-making in Drosophila melanogaster phenotypes <strong><em> Roy. Soc. Lond. B (in press)<\/em><\/strong><\/li>\n<li>Foucaud, J; Moreno, C; Gibert, P; Pascual, M; Rezende, E; <strong>Mery, F<\/strong> 2016 Native and introduced Drosophila suboscura populations do not differ in their learning ability of oviposition site <strong><em>ecology&amp;evolution<\/em><\/strong> <strong><em>(in press)<\/em><\/strong><\/li>\n<li>Tissot T, Arnal A, Jacqueline C, Poulin R, Lefevre T, <strong>Mery F<\/strong>, Renaud F, Roche B, Massol F, Salzet M, Ewald P, Tasiemski A, Ujvari A,Thomas F 2016 Host manipulation by cancer cells: expectations, facts and therapeutic implications <strong><em>Bioessays (in press)<\/em><\/strong><\/li>\n<li>Ujvari B, Biro PA, Beckmann B, Arnal A, Tasiemki A, Massol F, Salzet M, <strong>Mery F<\/strong>, Boidin-Wichlacz C, Renaud F, Vittecoq M, Tissot T, Roche R, Poulin R, Thomas F 2016 Cancer and life-history traits: lessons from host-parasite interactions <strong><em>Parasitology (in press)<\/em><\/strong><\/li>\n<li>Teseo S; Veerus L; Moreno C; <strong>Mery F<\/strong> 2016 Sexual harassment induces a fitness cost but does not constrain the acquisition of environmental information in fruit flies <strong><em> Letters<\/em><\/strong> <strong><em>(in press)<\/em><\/strong><\/li>\n<li>Battesti M; Pasquaretta, C; Moreno C; Teseo S; Joly D; klenschi E; Petit O; Sueur C; <strong>Mery F<\/strong> 2015 Ecology of information: Social transmission dynamics within groups of non-social insects<strong><em> Roy. Soc. Lond. B<\/em><\/strong><em> 282 (1801)<\/em><\/li>\n<li>Battesti M , Moreno C, Joly D, <strong>Mery F<\/strong> 2015 Biased social transmission in Drosophila oviposition choice <strong><em>Behavioral Ecology and Sociobiology<\/em><\/strong> 69(1) 83-87<\/li>\n<li>Battesti M , Moreno C, Joly D, Mery F 2014 Biased social transmission in Drosophila oviposition choice <strong><em>Behavioral Ecology and Sociobiology<\/em><\/strong> (in press)<\/li>\n<li>Mery F 2013 Natural Variation in Learning and Memory <strong><em>Current Opinion in Neurobiology<\/em><\/strong> (in press)<\/li>\n<li>Kohn NR, Reaume CJ, Burns J, Sokolowski MB, Mery F 2013 Social environment influences performance in a cognitive task in natural variants of the foraging gene<strong><em> Plos One <\/em><\/strong>8(12): e81272. doi:10.1371\/journal.pone.0081272<\/li>\n<li>Foucaud J, Philippe AS, Moreno C, Mery F 2013 A genetic polymorphism affecting personal versus public information use in a spatial learning task in <em>Drosophila melanogaster <strong> Roy. Soc. Lond. B<\/strong> (in press).<\/em><\/li>\n<li>Lagasse F, Moreno C, Preat T, Mery F 2012 Functional and evolutionary trade-offs co-occur between two consolidated memory phases in <em>Drosophila melanogaster <strong> Roy. Soc. Lond. B<\/strong> <\/em>279 (1744):4015-4023.<\/li>\n<li>G. Burns, N. Svetec, L. Rowe, F. Mery, M. Dolan, W.T. Boyce, M.B. Sokolowski. 2012. Gene-environment interplay in <em>Drosophila melanogaster<\/em>: Chronic food deprivation in early-life affects adult exploratory and fitness traits. <strong><em>Proc. Natl Acad Sci USA <\/em><\/strong>109: 17239-17244.<\/li>\n<li>Battesti M, Moreno C, Joly D and Mery F<strong>.<\/strong> 2012 Spread of social information and dynamics of social transmission within <em> <strong>Current Biology <\/strong><\/em>22(4) 309-313.<\/li>\n<li>Hutchinson, J. M. C. Stephens D. W., Bateson M., Couzin I., Dukas R., Giraldeau L., Hills T. T., Mery, F. and Winterhalder, B. 2012. Evolution of Search, Adaptation and Phylogeny. In: Cognitive Search: Evolution, Algorithms, and the Brain.<\/li>\n<li>Burns J, Foucaud J, Mery F 2011 Costs of memory: lessons from \u00ab\u00a0mini\u201d brains <strong><em> Roy. Soc. Lond. B <\/em><\/strong>278(1707): 923-929.<\/li>\n<li>Reaume C, Sokolowski MB, Mery F 2011 A natural genetic polymorphism affects retroactive interference in <em>Drosophila melanogaster <strong> Roy. Soc. Lond. B <\/strong><\/em>278(1702): 91-98.<\/li>\n<li>Foucaud J, Burns J, Mery F 2010 Use of spatial information and search strategies in a water maze analog in Drosophila melanogaster <strong><em>PLoS ONE<\/em><\/strong> 5(10)<\/li>\n<li>Danchin E, Blanchet S, Mery F and Wagner RH 2010 Do invertebrates have culture? <strong><em>Communicative &amp; Integrative Biology <\/em><\/strong>3(4) 303-305<\/li>\n<li><em>Mery F <\/em> Book Review: Cognitive Ecology II. <strong><em>Quarterly Review of Biology<\/em><\/strong> (in press)<\/li>\n<li>Burns J and Mery F 2010 Transgenerational memory effect of ageing in Drosophila, <strong><em>Journal of Evolutionary Biology <\/em><\/strong>23(4): 678-686<\/li>\n<li>Mery F and Burns J 2010 Behavioural plasticity: an interaction between evolution and experience <strong><em>Evolutionary Ecology<\/em><\/strong> 24(3): 571-583<\/li>\n<li>Mery F, Varela S, Danchin E, Blanchet S, Parejo D, Coolen I and Wagner R 2009 Public versus personal information for mate copying in an invertebrate <strong><em>Current Biology<\/em><\/strong> 19(9):730-734.<\/li>\n<li>Lagasse F, Devaud JM and Mery F 2009 \u201cA switch from cycloheximide-resistant consolidated memory to cycloheximide-sensitive reconsolidation and extinction in <em>Drosophila<\/em>\u201d <strong><em>Journal of Neuroscience<\/em><\/strong> 29(7): 2225-2230.<\/li>\n<li>Mery F 2008 \u201cEvolutionary biology of learning in insect: the search for food\u201d in \u201c<em>insect taste<\/em>\u201d (ed. Newland P, Cobb M, Marion-Poll F, Taylor Francis P 243-256).<\/li>\n<li>Mery F, Belay AT, So AK-C, Sokolowski MB, Kawecki TJ 2007 \u201cNatural polymorphism affecting learning and memory in <em>Drosophila<\/em>\u201d <strong><em> Natl Acad Sci USA<\/em><\/strong> 104:13051\u201313055.<\/li>\n<li>Mery F, Pont J, Preat T and Kawecki TJ 2007 \u2018\u2019Experimental evolution of olfactory memory in <em>Drosophila<\/em> melanogaster\u2019\u2019 <strong><em>Physiological and Biochemical Zoology<\/em><\/strong> 80 (4): 399-405<\/li>\n<li>Mery F<span style=\"text-decoration: underline;\">.<\/span> 2006 \u201cAging and its differential effects on consolidated memory forms in <em>Drosophila<\/em>\u201d <strong><em>Experimental Gerontology<\/em><\/strong> 42(1-2): 99-101<\/li>\n<\/ol>\n","protected":false},"excerpt":{"rendered":"<p>Th\u00e8mes En interagissant avec son environnement, un individu est contraint \u00e0 faire des choix quant aux informations qu\u2019il va assimiler et quant au comportement \u00e0 adopter selon les situations. Ainsi, un individu doit balancer diff\u00e9rentes sources d\u2019informations (informations sociales obtenues par interaction avec d\u2019autres individus, informations personnelles cumul\u00e9es par l\u2019individu lors de processus d\u2019essais et [&hellip;]<\/p>\n","protected":false},"author":1,"featured_media":0,"parent":3775,"menu_order":2,"comment_status":"closed","ping_status":"closed","template":"","meta":{"site-sidebar-layout":"default","site-content-layout":"","ast-site-content-layout":"default","site-content-style":"default","site-sidebar-style":"default","ast-global-header-display":"","ast-banner-title-visibility":"","ast-main-header-display":"","ast-hfb-above-header-display":"","ast-hfb-below-header-display":"","ast-hfb-mobile-header-display":"","site-post-title":"","ast-breadcrumbs-content":"","ast-featured-img":"","footer-sml-layout":"","ast-disable-related-posts":"","theme-transparent-header-meta":"","adv-header-id-meta":"","stick-header-meta":"","header-above-stick-meta":"","header-main-stick-meta":"","header-below-stick-meta":"","astra-migrate-meta-layouts":"default","ast-page-background-enabled":"default","ast-page-background-meta":{"desktop":{"background-color":"var(--ast-global-color-4)","background-image":"","background-repeat":"repeat","background-position":"center center","background-size":"auto","background-attachment":"scroll","background-type":"","background-media":"","overlay-type":"","overlay-color":"","overlay-opacity":"","overlay-gradient":""},"tablet":{"background-color":"","background-image":"","background-repeat":"repeat","background-position":"center center","background-size":"auto","background-attachment":"scroll","background-type":"","background-media":"","overlay-type":"","overlay-color":"","overlay-opacity":"","overlay-gradient":""},"mobile":{"background-color":"","background-image":"","background-repeat":"repeat","background-position":"center center","background-size":"auto","background-attachment":"scroll","background-type":"","background-media":"","overlay-type":"","overlay-color":"","overlay-opacity":"","overlay-gradient":""}},"ast-content-background-meta":{"desktop":{"background-color":"var(--ast-global-color-5)","background-image":"","background-repeat":"repeat","background-position":"center center","background-size":"auto","background-attachment":"scroll","background-type":"","background-media":"","overlay-type":"","overlay-color":"","overlay-opacity":"","overlay-gradient":""},"tablet":{"background-color":"var(--ast-global-color-5)","background-image":"","background-repeat":"repeat","background-position":"center center","background-size":"auto","background-attachment":"scroll","background-type":"","background-media":"","overlay-type":"","overlay-color":"","overlay-opacity":"","overlay-gradient":""},"mobile":{"background-color":"var(--ast-global-color-5)","background-image":"","background-repeat":"repeat","background-position":"center center","background-size":"auto","background-attachment":"scroll","background-type":"","background-media":"","overlay-type":"","overlay-color":"","overlay-opacity":"","overlay-gradient":""}},"_themeisle_gutenberg_block_has_review":false,"footnotes":""},"class_list":["post-3788","page","type-page","status-publish","hentry"],"jetpack_sharing_enabled":true,"_links":{"self":[{"href":"https:\/\/www.egce.universite-paris-saclay.fr\/index.php?rest_route=\/wp\/v2\/pages\/3788","targetHints":{"allow":["GET"]}}],"collection":[{"href":"https:\/\/www.egce.universite-paris-saclay.fr\/index.php?rest_route=\/wp\/v2\/pages"}],"about":[{"href":"https:\/\/www.egce.universite-paris-saclay.fr\/index.php?rest_route=\/wp\/v2\/types\/page"}],"author":[{"embeddable":true,"href":"https:\/\/www.egce.universite-paris-saclay.fr\/index.php?rest_route=\/wp\/v2\/users\/1"}],"replies":[{"embeddable":true,"href":"https:\/\/www.egce.universite-paris-saclay.fr\/index.php?rest_route=%2Fwp%2Fv2%2Fcomments&post=3788"}],"version-history":[{"count":0,"href":"https:\/\/www.egce.universite-paris-saclay.fr\/index.php?rest_route=\/wp\/v2\/pages\/3788\/revisions"}],"up":[{"embeddable":true,"href":"https:\/\/www.egce.universite-paris-saclay.fr\/index.php?rest_route=\/wp\/v2\/pages\/3775"}],"wp:attachment":[{"href":"https:\/\/www.egce.universite-paris-saclay.fr\/index.php?rest_route=%2Fwp%2Fv2%2Fmedia&parent=3788"}],"curies":[{"name":"wp","href":"https:\/\/api.w.org\/{rel}","templated":true}]}}