{"id":3766,"date":"2014-09-17T16:00:31","date_gmt":"2014-09-17T15:00:31","guid":{"rendered":"https:\/\/www.egce.universite-paris-saclay.fr\/?page_id=3766"},"modified":"2023-09-20T11:24:54","modified_gmt":"2023-09-20T09:24:54","slug":"poles","status":"publish","type":"page","link":"https:\/\/www.egce.universite-paris-saclay.fr\/?page_id=3766","title":{"rendered":"P\u00f4les de recherche"},"content":{"rendered":"\n<h1 class=\"wp-block-heading has-text-align-center\">Recherche<br>\u2014<\/h1>\n\n\n\n<h2 class=\"wp-block-heading\">Une organisation en p\u00f4les<\/h2>\n\n\n\n<p>Les \u00e9quipes de recherche d\u2019EGCE sont organis\u00e9es en trois p\u00f4les qui correspondent respectivement aux trois niveaux d\u2019appr\u00e9hension des processus \u00e9volutifs d\u00e9clin\u00e9s dans l\u2019intitul\u00e9 de l\u2019unit\u00e9 : <\/p>\n\n\n\n<h4 class=\"wp-block-heading\"><strong>\u2014 Ecologie<\/strong><br><strong>\u2014 G\u00e9nomes<\/strong><br><strong>\u2014 Comportement.<\/strong><br><\/h4>\n\n\n\n<p>Chaque p\u00f4le r\u00e9unit des \u00e9quipes autour de questions et d\u2019approches communes avec comme point f\u00e9d\u00e9rateur les processus de l\u2019\u00e9volution.<\/p>\n","protected":false},"excerpt":{"rendered":"<p>Recherche\u2014 Une organisation en p\u00f4les Les \u00e9quipes de recherche d\u2019EGCE sont organis\u00e9es en trois p\u00f4les qui correspondent respectivement aux trois niveaux d\u2019appr\u00e9hension des processus \u00e9volutifs d\u00e9clin\u00e9s dans l\u2019intitul\u00e9 de l\u2019unit\u00e9 : \u2014 Ecologie\u2014 G\u00e9nomes\u2014 Comportement. Chaque p\u00f4le r\u00e9unit des \u00e9quipes autour de questions et d\u2019approches communes avec comme point f\u00e9d\u00e9rateur les processus de l\u2019\u00e9volution.<\/p>\n","protected":false},"author":1,"featured_media":0,"parent":0,"menu_order":0,"comment_status":"closed","ping_status":"closed","template":"","meta":{"site-sidebar-layout":"default","site-content-layout":"","ast-site-content-layout":"default","site-content-style":"default","site-sidebar-style":"default","ast-global-header-display":"","ast-banner-title-visibility":"","ast-main-header-display":"","ast-hfb-above-header-display":"","ast-hfb-below-header-display":"","ast-hfb-mobile-header-display":"","site-post-title":"disabled","ast-breadcrumbs-content":"","ast-featured-img":"","footer-sml-layout":"","ast-disable-related-posts":"","theme-transparent-header-meta":"","adv-header-id-meta":"","stick-header-meta":"","header-above-stick-meta":"","header-main-stick-meta":"","header-below-stick-meta":"","astra-migrate-meta-layouts":"default","ast-page-background-enabled":"default","ast-page-background-meta":{"desktop":{"background-color":"var(--ast-global-color-4)","background-image":"","background-repeat":"repeat","background-position":"center center","background-size":"auto","background-attachment":"scroll","background-type":"","background-media":"","overlay-type":"","overlay-color":"","overlay-opacity":"","overlay-gradient":""},"tablet":{"background-color":"","background-image":"","background-repeat":"repeat","background-position":"center center","background-size":"auto","background-attachment":"scroll","background-type":"","background-media":"","overlay-type":"","overlay-color":"","overlay-opacity":"","overlay-gradient":""},"mobile":{"background-color":"","background-image":"","background-repeat":"repeat","background-position":"center center","background-size":"auto","background-attachment":"scroll","background-type":"","background-media":"","overlay-type":"","overlay-color":"","overlay-opacity":"","overlay-gradient":""}},"ast-content-background-meta":{"desktop":{"background-color":"var(--ast-global-color-5)","background-image":"","background-repeat":"repeat","background-position":"center center","background-size":"auto","background-attachment":"scroll","background-type":"","background-media":"","overlay-type":"","overlay-color":"","overlay-opacity":"","overlay-gradient":""},"tablet":{"background-color":"var(--ast-global-color-5)","background-image":"","background-repeat":"repeat","background-position":"center center","background-size":"auto","background-attachment":"scroll","background-type":"","background-media":"","overlay-type":"","overlay-color":"","overlay-opacity":"","overlay-gradient":""},"mobile":{"background-color":"var(--ast-global-color-5)","background-image":"","background-repeat":"repeat","background-position":"center center","background-size":"auto","background-attachment":"scroll","background-type":"","background-media":"","overlay-type":"","overlay-color":"","overlay-opacity":"","overlay-gradient":""}},"_themeisle_gutenberg_block_has_review":false,"footnotes":""},"class_list":["post-3766","page","type-page","status-publish","hentry"],"jetpack_sharing_enabled":true,"_links":{"self":[{"href":"https:\/\/www.egce.universite-paris-saclay.fr\/index.php?rest_route=\/wp\/v2\/pages\/3766","targetHints":{"allow":["GET"]}}],"collection":[{"href":"https:\/\/www.egce.universite-paris-saclay.fr\/index.php?rest_route=\/wp\/v2\/pages"}],"about":[{"href":"https:\/\/www.egce.universite-paris-saclay.fr\/index.php?rest_route=\/wp\/v2\/types\/page"}],"author":[{"embeddable":true,"href":"https:\/\/www.egce.universite-paris-saclay.fr\/index.php?rest_route=\/wp\/v2\/users\/1"}],"replies":[{"embeddable":true,"href":"https:\/\/www.egce.universite-paris-saclay.fr\/index.php?rest_route=%2Fwp%2Fv2%2Fcomments&post=3766"}],"version-history":[{"count":9,"href":"https:\/\/www.egce.universite-paris-saclay.fr\/index.php?rest_route=\/wp\/v2\/pages\/3766\/revisions"}],"predecessor-version":[{"id":16893,"href":"https:\/\/www.egce.universite-paris-saclay.fr\/index.php?rest_route=\/wp\/v2\/pages\/3766\/revisions\/16893"}],"wp:attachment":[{"href":"https:\/\/www.egce.universite-paris-saclay.fr\/index.php?rest_route=%2Fwp%2Fv2%2Fmedia&parent=3766"}],"curies":[{"name":"wp","href":"https:\/\/api.w.org\/{rel}","templated":true}]}}