{"id":34,"date":"2013-11-14T14:05:13","date_gmt":"2013-11-14T13:05:13","guid":{"rendered":"https:\/\/www.egce.universite-paris-saclay.fr\/wordpress\/?page_id=34"},"modified":"2026-03-12T17:40:21","modified_gmt":"2026-03-12T16:40:21","slug":"partenaires","status":"publish","type":"page","link":"https:\/\/www.egce.universite-paris-saclay.fr\/?page_id=34","title":{"rendered":"Tutelles"},"content":{"rendered":"\n<h1 class=\"wp-block-heading has-text-align-center\">Tutelles<br>\u2014<\/h1>\n\n\n\n<p>EGCE (Evolution, G\u00e9nomes, Comportement et Ecologie) est une unit\u00e9 mixte de recherche, plac\u00e9e sous la triple tutelle de l&rsquo;Universit\u00e9 Paris-Saclay, du Centre National de la Recherche Scientifique (CNRS) et de l&rsquo;Institut de Recherche pour le D\u00e9veloppement (IRD). EGCE comporte des chercheurs et enseignants-chercheurs de ces organismes et \u00e9galement des universit\u00e9s Paris Cit\u00e9 et Versailles Saint Quentin ainsi que de l&rsquo;AgroParisTech. Il est membre de la f\u00e9d\u00e9ration de Recherche IDEEV.<\/p>\n\n\n\n<figure class=\"wp-block-image aligncenter size-large is-resized\"><img loading=\"lazy\" decoding=\"async\" width=\"1024\" height=\"1024\" src=\"https:\/\/www.egce.universite-paris-saclay.fr\/wp-content\/uploads\/2023\/05\/LOGO_CNRS_2019_RVB-1024x1024.png\" alt=\"\" class=\"wp-image-16345\" style=\"width:147px;height:auto\" srcset=\"https:\/\/www.egce.universite-paris-saclay.fr\/wp-content\/uploads\/2023\/05\/LOGO_CNRS_2019_RVB-1024x1024.png 1024w, https:\/\/www.egce.universite-paris-saclay.fr\/wp-content\/uploads\/2023\/05\/LOGO_CNRS_2019_RVB-300x300.png 300w, https:\/\/www.egce.universite-paris-saclay.fr\/wp-content\/uploads\/2023\/05\/LOGO_CNRS_2019_RVB-150x150.png 150w, https:\/\/www.egce.universite-paris-saclay.fr\/wp-content\/uploads\/2023\/05\/LOGO_CNRS_2019_RVB-768x768.png 768w, https:\/\/www.egce.universite-paris-saclay.fr\/wp-content\/uploads\/2023\/05\/LOGO_CNRS_2019_RVB-200x200.png 200w, https:\/\/www.egce.universite-paris-saclay.fr\/wp-content\/uploads\/2023\/05\/LOGO_CNRS_2019_RVB.png 1181w\" sizes=\"auto, (max-width: 1024px) 100vw, 1024px\" \/><\/figure>\n\n\n\n<p>Le <strong>Centre national de la recherche scientifique<\/strong> est un organisme public de recherche (Etablissement public \u00e0 caract\u00e8re scientifique et technologique, plac\u00e9 sous la tutelle du Minist\u00e8re charg\u00e9 de l`Enseignement sup\u00e9rieur et de la Recherche). EGCE rel\u00e8ve de l\u2019<a href=\"https:\/\/www.cnrs.fr\/inee\/\">Institut Ecologie &amp; Environnement<\/a>.<br>La recherche au sein du CNRS Ecologie &amp; Evolution est men\u00e9e par un r\u00e9seau d\u2019unit\u00e9s de recherche dans les domaines de l\u2019\u00e9cologie et de l\u2019environnement incluant la biodiversit\u00e9, l\u2019\u00e9volution et les interactions hommes-milieux. Les actions du CNRS Ecologie &amp; Evolution sont de diff\u00e9rents types : actions d\u2019incitation aux recherches (programmes interdisciplinaires et actions incitatives par exemple), soutien de la recherche (grands \u00e9quipements) et mission d\u2019expertise.<br>L\u2019\u00e9valuation au CNRS est assur\u00e9e par 41 sections th\u00e9matiques. Les sections de rattachement de EGCE sont la section 31 et dans une moindre mesure les sections 23, 24 et 27.<\/p>\n\n\n\n<figure class=\"wp-block-image aligncenter size-depicter-thumbnail is-resized\"><img loading=\"lazy\" decoding=\"async\" width=\"200\" height=\"165\" src=\"https:\/\/www.egce.universite-paris-saclay.fr\/wp-content\/uploads\/2023\/05\/logo_IRD_2016_BLOC_FR_COUL-200x165.png\" alt=\"\" class=\"wp-image-16346\" style=\"height:120px\" srcset=\"https:\/\/www.egce.universite-paris-saclay.fr\/wp-content\/uploads\/2023\/05\/logo_IRD_2016_BLOC_FR_COUL-200x165.png 200w, https:\/\/www.egce.universite-paris-saclay.fr\/wp-content\/uploads\/2023\/05\/logo_IRD_2016_BLOC_FR_COUL-300x247.png 300w, https:\/\/www.egce.universite-paris-saclay.fr\/wp-content\/uploads\/2023\/05\/logo_IRD_2016_BLOC_FR_COUL-768x632.png 768w, https:\/\/www.egce.universite-paris-saclay.fr\/wp-content\/uploads\/2023\/05\/logo_IRD_2016_BLOC_FR_COUL.png 863w\" sizes=\"auto, (max-width: 200px) 100vw, 200px\" \/><\/figure>\n\n\n\n<p>L`<strong>Institut de recherche pour le d\u00e9veloppement <\/strong>, est un \u00e9tablissement public fran\u00e7ais \u00e0 caract\u00e8re scientifique et technologique, plac\u00e9 sous la double tutelle du minist\u00e8re charg\u00e9 de l\u2019Enseignement sup\u00e9rieur et de la Recherche et de l&rsquo;Espace et de celui charg\u00e9 des Affaires \u00c9trang\u00e8res. Il a pour vocation de mener des recherches principalement en partenariat avec les pays du Sud et dans les Outre-mer fran\u00e7ais. Ses chercheurs interviennent sur les grands enjeux mondiaux d`actualit\u00e9 : r\u00e9chauffement climatique, maladies \u00e9mergentes, biodiversit\u00e9, acc\u00e8s \u00e0 l`eau, migrations, pauvret\u00e9, faim dans le monde, et contribuent par la formation au renforcement des communaut\u00e9s scientifiques du Sud.<\/p>\n\n\n\n<figure class=\"wp-block-image aligncenter size-medium\"><img loading=\"lazy\" decoding=\"async\" width=\"300\" height=\"116\" src=\"https:\/\/www.egce.universite-paris-saclay.fr\/wp-content\/uploads\/2023\/05\/UPSACLAY-2020-1-300x116.png\" alt=\"\" class=\"wp-image-16359\" srcset=\"https:\/\/www.egce.universite-paris-saclay.fr\/wp-content\/uploads\/2023\/05\/UPSACLAY-2020-1-300x116.png 300w, https:\/\/www.egce.universite-paris-saclay.fr\/wp-content\/uploads\/2023\/05\/UPSACLAY-2020-1-768x296.png 768w, https:\/\/www.egce.universite-paris-saclay.fr\/wp-content\/uploads\/2023\/05\/UPSACLAY-2020-1-200x77.png 200w, https:\/\/www.egce.universite-paris-saclay.fr\/wp-content\/uploads\/2023\/05\/UPSACLAY-2020-1.png 988w\" sizes=\"auto, (max-width: 300px) 100vw, 300px\" \/><\/figure>\n\n\n\n<p>L\u2019<strong>Universit\u00e9 Paris Saclay<\/strong> compte parmi les grandes universit\u00e9s europ\u00e9ennes et mondiales, couvrant les secteurs des Sciences et Ing\u00e9nierie, des Sciences de la Vie et Sant\u00e9, et des Sciences Humaines et Sociales. Sa politique scientifique associe \u00e9troitement recherche et innovation, et s\u2019exprime \u00e0 la fois en sciences fondamentales et en sciences appliqu\u00e9es pour r\u00e9pondre aux grands enjeux soci\u00e9taux. La Facult\u00e9 des Sciences est situ\u00e9e sur le campus d\u2019Orsay. <\/p>\n","protected":false},"excerpt":{"rendered":"<p>Tutelles\u2014 EGCE (Evolution, G\u00e9nomes, Comportement et Ecologie) est une unit\u00e9 mixte de recherche, plac\u00e9e sous la triple tutelle de l&rsquo;Universit\u00e9 Paris-Saclay, du Centre National de la Recherche Scientifique (CNRS) et de l&rsquo;Institut de Recherche pour le D\u00e9veloppement (IRD). EGCE comporte des chercheurs et enseignants-chercheurs de ces organismes et \u00e9galement des universit\u00e9s Paris Cit\u00e9 et Versailles [&hellip;]<\/p>\n","protected":false},"author":1,"featured_media":0,"parent":18,"menu_order":2,"comment_status":"closed","ping_status":"closed","template":"","meta":{"site-sidebar-layout":"default","site-content-layout":"","ast-site-content-layout":"default","site-content-style":"default","site-sidebar-style":"default","ast-global-header-display":"","ast-banner-title-visibility":"","ast-main-header-display":"","ast-hfb-above-header-display":"","ast-hfb-below-header-display":"","ast-hfb-mobile-header-display":"","site-post-title":"","ast-breadcrumbs-content":"","ast-featured-img":"","footer-sml-layout":"","ast-disable-related-posts":"","theme-transparent-header-meta":"","adv-header-id-meta":"","stick-header-meta":"","header-above-stick-meta":"","header-main-stick-meta":"","header-below-stick-meta":"","astra-migrate-meta-layouts":"set","ast-page-background-enabled":"default","ast-page-background-meta":{"desktop":{"background-color":"var(--ast-global-color-4)","background-image":"","background-repeat":"repeat","background-position":"center center","background-size":"auto","background-attachment":"scroll","background-type":"","background-media":"","overlay-type":"","overlay-color":"","overlay-opacity":"","overlay-gradient":""},"tablet":{"background-color":"","background-image":"","background-repeat":"repeat","background-position":"center center","background-size":"auto","background-attachment":"scroll","background-type":"","background-media":"","overlay-type":"","overlay-color":"","overlay-opacity":"","overlay-gradient":""},"mobile":{"background-color":"","background-image":"","background-repeat":"repeat","background-position":"center center","background-size":"auto","background-attachment":"scroll","background-type":"","background-media":"","overlay-type":"","overlay-color":"","overlay-opacity":"","overlay-gradient":""}},"ast-content-background-meta":{"desktop":{"background-color":"var(--ast-global-color-5)","background-image":"","background-repeat":"repeat","background-position":"center center","background-size":"auto","background-attachment":"scroll","background-type":"","background-media":"","overlay-type":"","overlay-color":"","overlay-opacity":"","overlay-gradient":""},"tablet":{"background-color":"var(--ast-global-color-5)","background-image":"","background-repeat":"repeat","background-position":"center center","background-size":"auto","background-attachment":"scroll","background-type":"","background-media":"","overlay-type":"","overlay-color":"","overlay-opacity":"","overlay-gradient":""},"mobile":{"background-color":"var(--ast-global-color-5)","background-image":"","background-repeat":"repeat","background-position":"center center","background-size":"auto","background-attachment":"scroll","background-type":"","background-media":"","overlay-type":"","overlay-color":"","overlay-opacity":"","overlay-gradient":""}},"_themeisle_gutenberg_block_has_review":false,"footnotes":""},"class_list":["post-34","page","type-page","status-publish","hentry"],"jetpack_sharing_enabled":true,"_links":{"self":[{"href":"https:\/\/www.egce.universite-paris-saclay.fr\/index.php?rest_route=\/wp\/v2\/pages\/34","targetHints":{"allow":["GET"]}}],"collection":[{"href":"https:\/\/www.egce.universite-paris-saclay.fr\/index.php?rest_route=\/wp\/v2\/pages"}],"about":[{"href":"https:\/\/www.egce.universite-paris-saclay.fr\/index.php?rest_route=\/wp\/v2\/types\/page"}],"author":[{"embeddable":true,"href":"https:\/\/www.egce.universite-paris-saclay.fr\/index.php?rest_route=\/wp\/v2\/users\/1"}],"replies":[{"embeddable":true,"href":"https:\/\/www.egce.universite-paris-saclay.fr\/index.php?rest_route=%2Fwp%2Fv2%2Fcomments&post=34"}],"version-history":[{"count":15,"href":"https:\/\/www.egce.universite-paris-saclay.fr\/index.php?rest_route=\/wp\/v2\/pages\/34\/revisions"}],"predecessor-version":[{"id":21570,"href":"https:\/\/www.egce.universite-paris-saclay.fr\/index.php?rest_route=\/wp\/v2\/pages\/34\/revisions\/21570"}],"up":[{"embeddable":true,"href":"https:\/\/www.egce.universite-paris-saclay.fr\/index.php?rest_route=\/wp\/v2\/pages\/18"}],"wp:attachment":[{"href":"https:\/\/www.egce.universite-paris-saclay.fr\/index.php?rest_route=%2Fwp%2Fv2%2Fmedia&parent=34"}],"curies":[{"name":"wp","href":"https:\/\/api.w.org\/{rel}","templated":true}]}}