{"id":32,"date":"2013-11-14T14:03:20","date_gmt":"2013-11-14T13:03:20","guid":{"rendered":"https:\/\/www.egce.universite-paris-saclay.fr\/wordpress\/?page_id=32"},"modified":"2026-04-02T17:05:39","modified_gmt":"2026-04-02T15:05:39","slug":"presentation","status":"publish","type":"page","link":"https:\/\/www.egce.universite-paris-saclay.fr\/?page_id=32","title":{"rendered":"Pr\u00e9sentation"},"content":{"rendered":"\n<h1 class=\"wp-block-heading has-text-align-center\">Pr\u00e9sentation<br>\u2014<\/h1>\n\n\n\n<figure class=\"wp-block-image aligncenter size-full is-resized\"><img loading=\"lazy\" decoding=\"async\" width=\"17192\" height=\"19315\" src=\"https:\/\/www.egce.universite-paris-saclay.fr\/wp-content\/uploads\/2026\/03\/summary.jpg\" alt=\"\" class=\"wp-image-21577\" style=\"aspect-ratio:0.8900921696852285;width:465px;height:auto\"\/><\/figure>\n\n\n\n<h2 class=\"wp-block-heading\">La recherche<\/h2>\n\n\n\n<p>Le th\u00e8me central et f\u00e9d\u00e9rateur de l\u2019unit\u00e9 est l\u2019\u00e9volution et son corollaire la biodiversit\u00e9. La d\u00e9marche est pluridisciplinaire, relevant de la g\u00e9nomique et g\u00e9n\u00e9tique, des comportements et de l\u2019\u00e9cologie comme l\u2019indique les trois p\u00f4les qui structurent le laboratoire. Ainsi son approche de l\u2019\u00e9volution est men\u00e9e \u00e0 diff\u00e9rents niveaux d\u2019int\u00e9gration, du g\u00e9nome \u00e0 l\u2019esp\u00e8ce et parfois \u00e0 la communaut\u00e9. Diff\u00e9rents aspects de l\u2019\u00e9volution sont d\u00e9clin\u00e9s : adaptation, sp\u00e9ciation, interactions g\u00e9nome-environnement ou encore interactions entre esp\u00e8ces au sein d\u2019un \u00e9cosyst\u00e8me. Les \u00e9tudes concernent \u00e9galement, \u00e0 un niveau individuel, comportement ou plasticit\u00e9 des g\u00e9nomes. Ces mots clefs sont retrouv\u00e9s comme axes transversaux dans les activit\u00e9s des trois p\u00f4les du laboratoire.<\/p>\n\n\n\n<h2 class=\"wp-block-heading\">L&rsquo;historique<\/h2>\n\n\n\n<p>Le laboratoire \u00ab&nbsp;Evolution, G\u00e9nomes, Comportement, Ecologie&nbsp;\u00bb ou EGCE, est l\u2019h\u00e9ritier du \u00ab&nbsp;Laboratoire de G\u00e9n\u00e9tique Evolutive et Biom\u00e9trie&nbsp;\u00bb du CNRS, fond\u00e9 au d\u00e9but des ann\u00e9es 50. On y \u00e9tudiait en particulier les bases g\u00e9n\u00e9tiques de traits d\u2019histoire de vie chez la drosophile. Le d\u00e9but des ann\u00e9es 60 a marqu\u00e9 l\u2019essor de la g\u00e9n\u00e9tique des populations \u00e9largie \u00e0 diverses esp\u00e8ces d\u2019arthropodes et des \u00e9tudes sur la sp\u00e9ciation. Progressivement, le d\u00e9veloppement de techniques de s\u00e9quen\u00e7age de l\u2019ADN de plus en plus performantes a permis d&rsquo;\u00e9largir \u00e0 une grande diversit\u00e9 d&rsquo;organismes des approches mol\u00e9culaires qui \u00e9taient jusque-l\u00e0 cantonn\u00e9es \u00e0 des organismes mod\u00e8les. L\u2019ann\u00e9e 2001 voit le d\u00e9veloppement de recherches dans les domaines de l\u2019\u00e9cologie et de l\u2019environnement en \u00e9troite association avec les pays du Sud (Afrique et Am\u00e9rique Latine), aboutissant \u00e0 la cr\u00e9ation au laboratoire de l\u2019unit\u00e9 IRD \u00ab&nbsp;Biodiversit\u00e9 et Evolution des insectes tropicaux&nbsp;\u00bb. Cette unit\u00e9 fusionne en 2015 avec le laboratoire CNRS pour former l\u2019UMR EGCE avec 3 tutelles, le CNRS, l\u2019Universit\u00e9 Paris-Sud et l\u2019IRD. EGCE est membre fondateur de l\u2019Institut Diversit\u00e9, Ecologie et Evolution du Vivant ou IDEEV, qui est une f\u00e9d\u00e9ration de recherche cr\u00e9\u00e9e en 2010. En 2022 &nbsp; le laboratoire s\u2019est install\u00e9 dans le nouveau b\u00e2timent cr\u00e9\u00e9 pour l\u2019IDEEV au sein de l&rsquo;Universit\u00e9 Paris-Saclay, avec les deux autres laboratoires fondateurs de la f\u00e9d\u00e9ration&nbsp;: Ecologie Syst\u00e9matique et Evolution (ESE) et G\u00e9n\u00e9tique Quantitative et Evolution &#8211; GQE Le Moulon. Une quatri\u00e8me unit\u00e9 a rejoint l&rsquo;IDEEV, l&rsquo;Unit\u00e9 UE-VS. <\/p>\n\n\n\n<h2 class=\"wp-block-heading\">EGCE compte trois p\u00f4les :<\/h2>\n\n\n\n<p>\u2014 P\u00f4le \u00e9volution et g\u00e9nomes<br>\u2014 P\u00f4le \u00e9volution et comportement<br>\u2014 P\u00f4le \u00e9volution et \u00e9cologie<\/p>\n\n\n\n<h2 class=\"wp-block-heading\">L\u2019enseignement<\/h2>\n\n\n\n<p>Les ma\u00eetres de conf\u00e9rence et professeurs d\u2019EGCE ont des charges d\u2019enseignements \u00e0 tous les niveaux des cursus (Licence, Master ou sup\u00e9rieur) dans diff\u00e9rents domaines li\u00e9s \u00e0 l\u2019\u00e9volution ou \u00e0 la diversit\u00e9 du vivant. Parmi ces domaines il est possible de citer la M\u00e9thodologie scientifique, la Biologie Animale, la Biologie du D\u00e9veloppement, la G\u00e9n\u00e9tique, la G\u00e9n\u00e9tique des Populations, la G\u00e9nomique, l\u2019Evolution et l\u2019Ecologie. De plus, plusieurs chercheurs font des interventions pendant lesquelles ils enseignent des sujets proches de leurs travaux de recherche dans diff\u00e9rents Masters 2.<\/p>\n\n\n\n<h2 class=\"wp-block-heading\">Adresse\/Contact<\/h2>\n\n\n\n<p><strong>Laboratoire Evolution, G\u00e9nomes, Comportement, Ecologie (EGCE)<br><\/strong>12 route 128<br>91&nbsp;190 Gif-sur-Yvette<br>Tel&nbsp;: 01 69 15 49 81<\/p>\n","protected":false},"excerpt":{"rendered":"<p>Pr\u00e9sentation\u2014 La recherche Le th\u00e8me central et f\u00e9d\u00e9rateur de l\u2019unit\u00e9 est l\u2019\u00e9volution et son corollaire la biodiversit\u00e9. La d\u00e9marche est pluridisciplinaire, relevant de la g\u00e9nomique et g\u00e9n\u00e9tique, des comportements et de l\u2019\u00e9cologie comme l\u2019indique les trois p\u00f4les qui structurent le laboratoire. Ainsi son approche de l\u2019\u00e9volution est men\u00e9e \u00e0 diff\u00e9rents niveaux d\u2019int\u00e9gration, du g\u00e9nome \u00e0 [&hellip;]<\/p>\n","protected":false},"author":1,"featured_media":0,"parent":18,"menu_order":1,"comment_status":"closed","ping_status":"closed","template":"","meta":{"site-sidebar-layout":"default","site-content-layout":"","ast-site-content-layout":"default","site-content-style":"default","site-sidebar-style":"default","ast-global-header-display":"","ast-banner-title-visibility":"","ast-main-header-display":"","ast-hfb-above-header-display":"","ast-hfb-below-header-display":"","ast-hfb-mobile-header-display":"","site-post-title":"","ast-breadcrumbs-content":"","ast-featured-img":"","footer-sml-layout":"","ast-disable-related-posts":"","theme-transparent-header-meta":"","adv-header-id-meta":"","stick-header-meta":"","header-above-stick-meta":"","header-main-stick-meta":"","header-below-stick-meta":"","astra-migrate-meta-layouts":"set","ast-page-background-enabled":"default","ast-page-background-meta":{"desktop":{"background-color":"var(--ast-global-color-4)","background-image":"","background-repeat":"repeat","background-position":"center center","background-size":"auto","background-attachment":"scroll","background-type":"","background-media":"","overlay-type":"","overlay-color":"","overlay-opacity":"","overlay-gradient":""},"tablet":{"background-color":"","background-image":"","background-repeat":"repeat","background-position":"center center","background-size":"auto","background-attachment":"scroll","background-type":"","background-media":"","overlay-type":"","overlay-color":"","overlay-opacity":"","overlay-gradient":""},"mobile":{"background-color":"","background-image":"","background-repeat":"repeat","background-position":"center center","background-size":"auto","background-attachment":"scroll","background-type":"","background-media":"","overlay-type":"","overlay-color":"","overlay-opacity":"","overlay-gradient":""}},"ast-content-background-meta":{"desktop":{"background-color":"var(--ast-global-color-5)","background-image":"","background-repeat":"repeat","background-position":"center center","background-size":"auto","background-attachment":"scroll","background-type":"","background-media":"","overlay-type":"","overlay-color":"","overlay-opacity":"","overlay-gradient":""},"tablet":{"background-color":"var(--ast-global-color-5)","background-image":"","background-repeat":"repeat","background-position":"center center","background-size":"auto","background-attachment":"scroll","background-type":"","background-media":"","overlay-type":"","overlay-color":"","overlay-opacity":"","overlay-gradient":""},"mobile":{"background-color":"var(--ast-global-color-5)","background-image":"","background-repeat":"repeat","background-position":"center center","background-size":"auto","background-attachment":"scroll","background-type":"","background-media":"","overlay-type":"","overlay-color":"","overlay-opacity":"","overlay-gradient":""}},"_themeisle_gutenberg_block_has_review":false,"footnotes":""},"class_list":["post-32","page","type-page","status-publish","hentry"],"jetpack_sharing_enabled":true,"_links":{"self":[{"href":"https:\/\/www.egce.universite-paris-saclay.fr\/index.php?rest_route=\/wp\/v2\/pages\/32","targetHints":{"allow":["GET"]}}],"collection":[{"href":"https:\/\/www.egce.universite-paris-saclay.fr\/index.php?rest_route=\/wp\/v2\/pages"}],"about":[{"href":"https:\/\/www.egce.universite-paris-saclay.fr\/index.php?rest_route=\/wp\/v2\/types\/page"}],"author":[{"embeddable":true,"href":"https:\/\/www.egce.universite-paris-saclay.fr\/index.php?rest_route=\/wp\/v2\/users\/1"}],"replies":[{"embeddable":true,"href":"https:\/\/www.egce.universite-paris-saclay.fr\/index.php?rest_route=%2Fwp%2Fv2%2Fcomments&post=32"}],"version-history":[{"count":3,"href":"https:\/\/www.egce.universite-paris-saclay.fr\/index.php?rest_route=\/wp\/v2\/pages\/32\/revisions"}],"predecessor-version":[{"id":21675,"href":"https:\/\/www.egce.universite-paris-saclay.fr\/index.php?rest_route=\/wp\/v2\/pages\/32\/revisions\/21675"}],"up":[{"embeddable":true,"href":"https:\/\/www.egce.universite-paris-saclay.fr\/index.php?rest_route=\/wp\/v2\/pages\/18"}],"wp:attachment":[{"href":"https:\/\/www.egce.universite-paris-saclay.fr\/index.php?rest_route=%2Fwp%2Fv2%2Fmedia&parent=32"}],"curies":[{"name":"wp","href":"https:\/\/api.w.org\/{rel}","templated":true}]}}