{"id":30,"date":"2013-11-14T14:02:46","date_gmt":"2013-11-14T13:02:46","guid":{"rendered":"https:\/\/www.egce.universite-paris-saclay.fr\/wordpress\/?page_id=30"},"modified":"2013-11-14T14:02:46","modified_gmt":"2013-11-14T13:02:46","slug":"direction","status":"publish","type":"page","link":"https:\/\/www.egce.universite-paris-saclay.fr\/?page_id=30","title":{"rendered":"Direction"},"content":{"rendered":"<fieldset>\n<h2>Direction<\/h2>\n<ul>\n<li><a href=\"https:\/\/www.egce.universite-paris-saclay.fr\/?p=1338\">Laure Kaiser-Arnauld<\/a><\/li>\n<li><a href=\"https:\/\/www.egce.universite-paris-saclay.fr\/?p=920\">Jean-Christophe Sandoz<\/a><\/li>\n<\/ul>\n<\/fieldset>\n<h2>Administration<\/h2>\n<fieldset>\n<ul>\n<li><a href=\"https:\/\/www.egce.universite-paris-saclay.fr\/?p=11870\">Val\u00e9rie Fouchier<\/a><\/li>\n<li><a href=\"https:\/\/www.egce.universite-paris-saclay.fr\/?p=632\">Magalie Bonneau<\/a><\/li>\n<li>Niatou Konate<\/li>\n<\/ul>\n<\/fieldset>\n<fieldset>\n<h2>Communication<\/h2>\n<ul>\n<li><a href=\"https:\/\/www.egce.universite-paris-saclay.fr\/?p=808\">Sylvie Salamitou<\/a><\/li>\n<\/ul>\n<\/fieldset>\n<h2>Adresse<\/h2>\n<fieldset>\n<ul>Laboratoire Evolution, G\u00e9nomes, Comportement, Ecologie<\/ul>\n<ul>CNRS Universit\u00e9 Paris-Saclay UMR 9191, IRD UMR 247<\/ul>\n<p>12 Route 128<\/p>\n<ul>91190 Gif sur Yvette<\/ul>\n<ul>France<\/ul>\n<ul>\n<li style=\"list-style-type: none;\">\n<ul>T\u00e9l. : +33 (0)1 69 15 49 81 et 01 69 15 49 49<\/ul>\n<\/li>\n<\/ul>\n<p>Internet:<\/p>\n<p><a href=\"https:\/\/www.egce.universite-paris-saclay.fr\" target=\"blank\" rel=\"noopener noreferrer\">https:\/\/www.egce.universite-paris-saclay.fr<\/a><\/fieldset>\n","protected":false},"excerpt":{"rendered":"<p>Direction Laure Kaiser-Arnauld Jean-Christophe Sandoz Administration Val\u00e9rie Fouchier Magalie Bonneau Niatou Konate Communication Sylvie Salamitou Adresse Laboratoire Evolution, G\u00e9nomes, Comportement, Ecologie CNRS Universit\u00e9 Paris-Saclay UMR 9191, IRD UMR 247 12 Route 128 91190 Gif sur Yvette France T\u00e9l. : +33 (0)1 69 15 49 81 et 01 69 15 49 49 Internet: https:\/\/www.egce.universite-paris-saclay.fr<\/p>\n","protected":false},"author":1,"featured_media":0,"parent":18,"menu_order":0,"comment_status":"closed","ping_status":"closed","template":"","meta":{"site-sidebar-layout":"default","site-content-layout":"","ast-site-content-layout":"default","site-content-style":"default","site-sidebar-style":"default","ast-global-header-display":"","ast-banner-title-visibility":"","ast-main-header-display":"","ast-hfb-above-header-display":"","ast-hfb-below-header-display":"","ast-hfb-mobile-header-display":"","site-post-title":"","ast-breadcrumbs-content":"","ast-featured-img":"","footer-sml-layout":"","ast-disable-related-posts":"","theme-transparent-header-meta":"","adv-header-id-meta":"","stick-header-meta":"","header-above-stick-meta":"","header-main-stick-meta":"","header-below-stick-meta":"","astra-migrate-meta-layouts":"default","ast-page-background-enabled":"default","ast-page-background-meta":{"desktop":{"background-color":"var(--ast-global-color-4)","background-image":"","background-repeat":"repeat","background-position":"center center","background-size":"auto","background-attachment":"scroll","background-type":"","background-media":"","overlay-type":"","overlay-color":"","overlay-opacity":"","overlay-gradient":""},"tablet":{"background-color":"","background-image":"","background-repeat":"repeat","background-position":"center center","background-size":"auto","background-attachment":"scroll","background-type":"","background-media":"","overlay-type":"","overlay-color":"","overlay-opacity":"","overlay-gradient":""},"mobile":{"background-color":"","background-image":"","background-repeat":"repeat","background-position":"center center","background-size":"auto","background-attachment":"scroll","background-type":"","background-media":"","overlay-type":"","overlay-color":"","overlay-opacity":"","overlay-gradient":""}},"ast-content-background-meta":{"desktop":{"background-color":"var(--ast-global-color-5)","background-image":"","background-repeat":"repeat","background-position":"center center","background-size":"auto","background-attachment":"scroll","background-type":"","background-media":"","overlay-type":"","overlay-color":"","overlay-opacity":"","overlay-gradient":""},"tablet":{"background-color":"var(--ast-global-color-5)","background-image":"","background-repeat":"repeat","background-position":"center center","background-size":"auto","background-attachment":"scroll","background-type":"","background-media":"","overlay-type":"","overlay-color":"","overlay-opacity":"","overlay-gradient":""},"mobile":{"background-color":"var(--ast-global-color-5)","background-image":"","background-repeat":"repeat","background-position":"center center","background-size":"auto","background-attachment":"scroll","background-type":"","background-media":"","overlay-type":"","overlay-color":"","overlay-opacity":"","overlay-gradient":""}},"_themeisle_gutenberg_block_has_review":false,"footnotes":""},"class_list":["post-30","page","type-page","status-publish","hentry"],"jetpack_sharing_enabled":true,"_links":{"self":[{"href":"https:\/\/www.egce.universite-paris-saclay.fr\/index.php?rest_route=\/wp\/v2\/pages\/30","targetHints":{"allow":["GET"]}}],"collection":[{"href":"https:\/\/www.egce.universite-paris-saclay.fr\/index.php?rest_route=\/wp\/v2\/pages"}],"about":[{"href":"https:\/\/www.egce.universite-paris-saclay.fr\/index.php?rest_route=\/wp\/v2\/types\/page"}],"author":[{"embeddable":true,"href":"https:\/\/www.egce.universite-paris-saclay.fr\/index.php?rest_route=\/wp\/v2\/users\/1"}],"replies":[{"embeddable":true,"href":"https:\/\/www.egce.universite-paris-saclay.fr\/index.php?rest_route=%2Fwp%2Fv2%2Fcomments&post=30"}],"version-history":[{"count":0,"href":"https:\/\/www.egce.universite-paris-saclay.fr\/index.php?rest_route=\/wp\/v2\/pages\/30\/revisions"}],"up":[{"embeddable":true,"href":"https:\/\/www.egce.universite-paris-saclay.fr\/index.php?rest_route=\/wp\/v2\/pages\/18"}],"wp:attachment":[{"href":"https:\/\/www.egce.universite-paris-saclay.fr\/index.php?rest_route=%2Fwp%2Fv2%2Fmedia&parent=30"}],"curies":[{"name":"wp","href":"https:\/\/api.w.org\/{rel}","templated":true}]}}