{"id":18668,"date":"2024-03-29T15:56:59","date_gmt":"2024-03-29T14:56:59","guid":{"rendered":"https:\/\/www.egce.universite-paris-saclay.fr\/?page_id=18668"},"modified":"2026-01-30T10:04:44","modified_gmt":"2026-01-30T09:04:44","slug":"publications-du-pole-evolution-comportement","status":"publish","type":"page","link":"https:\/\/www.egce.universite-paris-saclay.fr\/?page_id=18668","title":{"rendered":"Publications du p\u00f4le evolution &#038; comportement"},"content":{"rendered":"\n<p><strong>2026<\/strong><\/p>\n\n\n\n<ul class=\"wp-block-list\">\n<li>Guillemin L,&nbsp;<strong>Sandoz JC<\/strong>, R\u00f6del HG, d\u2019Ettorre P <strong>(2026)<\/strong> Individual differences in behavior: a multi-trait study across different ant species.&nbsp;<em>Behavioral Ecology (in press)<\/em><\/li>\n\n\n\n<li>Cens T, Rousset M, M\u00e9nard C, Chahine M, Collet C,&nbsp;<strong>Sandoz JC<\/strong>, Chavanieu A, Estaran S, Thibaud JB, Bois P, Charnet P <strong>(2026)<\/strong> Prepulse facilitation of the honey bee CaV4 channel is produced by a shift in channel activation and requires an intact inactivation sequence.&nbsp;<em>Journal of General Physiology (in press).<\/em><\/li>\n\n\n\n<li>Valadares L, R\u00f6del H, d\u2019Ettorre P,&nbsp;<strong>Sandoz JC<\/strong> <strong>(2026)<\/strong>&nbsp;Neural investment patterns reflect task specialisation and behavioural flexibility in the leaf-cutting ant&nbsp;<em>Acromyrmex subterraneus<\/em>.&nbsp;<em>iScience (in press)<\/em><\/li>\n\n\n\n<li>Legendre L, Rode J, <strong>Germon I,<\/strong> Pavie M, P\u00e8re S, Fumey J, Policarpo M, Espinasa L, <strong>Casane D.<\/strong>* and R\u00e9taux S*&nbsp;<strong>(2026)<\/strong> Long-term genetic mark and recapture in Astyanax mexicanus cave populations: demographic inferences and conservation issues. Conservation Genetics 27(1):24<\/li>\n<\/ul>\n\n\n\n<p><strong>2025<\/strong><\/p>\n\n\n\n<ul class=\"wp-block-list\">\n<li>K\u00f6hnen S, Ulbricht P, Sturm A, <strong>Carcaud J<\/strong>, <strong>Sandoz JC<\/strong>, Eltz T &amp; Beye M <strong>(2025) <\/strong>The fru gene specifies male cooperative behaviors in honeybee colonies. <em>Nature Communications<\/em>, 16:11203<\/li>\n\n\n\n<li>Andreu B, Mariette J, Delarue A, <strong>Larcher V<\/strong>, Hueber A, Touboul D, Montagn\u00e9 N, Chertemps T, Jacquin-Joly E, <strong>Carcaud J<\/strong>* &amp; <strong>Sandoz JC<\/strong>*<strong>(2025)<\/strong> Identification of two odorant receptors tuned to alarm pheromone compounds in the honey bee Apis mellifera. <em>Communications Biology, 9:115<\/em><\/li>\n\n\n\n<li>Brownstein CD, Policarpo M, Harrington RC, Hoffman EA, Stokes MF, <strong>Casane D<\/strong> and Near TJ <strong>(2025) <\/strong>Convergent Evolution in Amblyopsid Cavefishes and the Age of Eastern North American Subterranean Ecosystems. Molecular Biology and Evolution 42(8):msaf185<\/li>\n\n\n\n<li>Fuior A, Colin-Duchevet L, Cebotari V, No\u00ebl A, [&#8230;], Gaumer S, Gulea A, Toderas I*,&nbsp;<strong>Sandoz JC<\/strong>*, Floquet F *. Feed supplementation with molybdenum complexes improves honey bee health<em>. Inorganic Chemistry Frontiers (a journal of the Royal Society of Chemistry)<\/em>&nbsp;\u2013 in press<\/li>\n\n\n\n<li>Lef\u00e8vre BM, Delvigne M, Camprodon A, Vidal J, Courtier-Orgogozo V, <strong>Lang M<\/strong> <strong>(2025)<\/strong> Evolution of a novel left-right asymmetry in organ size by co-option of a tissue rotation process, Development, accepted manuscript, biorxiv doi: https:\/\/doi.org\/10.1101\/2022.01.16.476383<\/li>\n\n\n\n<li>Marty S, <strong>Couto A<\/strong>,<strong> <\/strong>Dawson EH, Brard N, d&rsquo;Ettorre P, Montgomery SH, <strong>Sandoz JC<\/strong> <strong>(2025)<\/strong> Ancestral complexity and constrained diversification of the ant olfactry system. Proc. Biol. Sci. 292 (2045)<em>20250662<\/em><\/li>\n\n\n\n<li>Ferreira EA, Moore CC, Ogereau D, Suwalski A, Prigent SR, Rogers RL, <strong>Yassin A<\/strong> <strong>(2025)<\/strong> Genomic islands of divergence between Drosophila yakuba subspecies are predominantly driven by chromosomal inversions and the recombination landscape. Mol. Ecol. 34(3):e17627<\/li>\n\n\n\n<li><strong>Casane D<\/strong>, Baldwin MW, Salzburger W, Policarpo M <strong>(2025)<\/strong> Massive Gene Losses: the case of chemoreceptor in aquatic tetrapods. Med. Sci. 41(1):47-52<\/li>\n\n\n\n<li>Richard CMC, Renault D, Wallart V, <strong>Denis B<\/strong>, Tarapacki P, <strong>Marion-Poll F<\/strong>, Colinet H <strong>(2025)<\/strong> Effects of nonionic surfactants on life history traits of Drosophila melanogaster. Environ. Sci. Pollut. Res. Int. 32(7):3809-38-21<br><\/li>\n<\/ul>\n\n\n\n<p><\/p>\n\n\n\n<p><strong>2024<\/strong><\/p>\n\n\n\n<ul class=\"wp-block-list\">\n<li>Rode J, Cabanat AL, Pelletier A, Kaerle C, Queney G, Chaix B, Vereshagin A and <strong>Casane D<\/strong> <strong>(2024)<\/strong> Monitoring of snow leopards in the Sarychat-Ertash State Reserve (Kyrgyzstan), between 2011 and 2019, through scat genotyping. Snow Leopard Reports 3:1<\/li>\n\n\n\n<li>Debec A, Peronnet R, <strong>Lang M<\/strong>, Molet M <strong>(2024)<\/strong> Primary cell cultures from the single-chromosome ant&nbsp;<em>Myrmecia croslandi<\/em>. Chromosome Res 32, 10. https:\/\/doi.org\/10.1007\/s10577-024-09755-x<\/li>\n\n\n\n<li>Guillaume JB, Da Lage JL, Mezdour S, <strong>Marion-Poll F<\/strong>, Terrol C, Brouzes CMC, Schmidely P <strong>(2024)<\/strong> Amylase activity across black soldier fly larvae development and feedin substrates: insights onstarch digestibility and external digestion. Animal 18(11):101337<\/li>\n\n\n\n<li><strong>Casane D<\/strong> <strong>(2024)<\/strong> What\u2019s in your genome? Med. Sci. 40(6-7):560-561<\/li>\n\n\n\n<li>Prediger C, Ferreira EA, Zorzato SV, Hua-Van A, Klasson L, Miller WJ, <strong>Yassin A<\/strong>, Madi-Ravazzi L. <strong>(2024)<\/strong> Saltational episodes of reticulate evolution in the Drosophila saltans species group. Mol. Biol. Evol. 41(12):msae250<\/li>\n\n\n\n<li>Mariette J, <strong>Carcaud J<\/strong>,<strong> <\/strong>Louis T, Lacassagne E, Sevais I, Montagn\u00e9 N, Chertemps T, Jacquin-Joly E, Meslin C, <strong>Marion-Poll F<\/strong>, <strong>Sandoz JC<\/strong> <strong>(2024)<\/strong> Evolution of queen pheromone receptor tuning in four honeybee species (Hymenoptera, Apidae, Apis). <em>iScience, 27(12):111243<\/em><\/li>\n\n\n\n<li>Bastide H, Legout H, Dogbo N, Ogereau D, Prediger C, <strong>Carcaud J<\/strong>, Fil\u00e9e J, Garnery L, Gilbert C, <strong>Marion-Poll F<\/strong>, Requier F, <strong>Sandoz JC<\/strong> &amp; <strong>Yassin A<\/strong> <strong>(2024)<\/strong> The genome of the blind bee louse fly reveals deep convergences with its social host and illuminates Drosophila origins. <em>Current Biology, <\/em>https:\/\/doi.org\/10.1016\/j.cub.2024.01.034&nbsp;<\/li>\n\n\n\n<li>Policarpo M, Legendre L, <strong>Germon I<\/strong>, Lafargeas P, Espinasa L, R\u00e9taux S and <strong>Casane D<\/strong> <strong>(2024)<\/strong> The nature and distribution of non-functional alleles suggest only two independent events at the origins of <em>Astyanax mexicanus<\/em> cavefish populations. <em>BMC Ecology and Evolution<\/em> 24(1):41<\/li>\n\n\n\n<li>Policarpo M., Baldwin M., <strong>Casane D.<\/strong> and Salzburger W. <strong>(2024)<\/strong> Diversity and evolution of the vertebrate chemoreceptor gene repertoire. <em>Nature communications<\/em> 15:1421<\/li>\n\n\n\n<li>Poidevin M., Mazuras N., Bontonou G., Delamotte P., <strong>Denis B<\/strong>., Devilliers M., Akiki P., Petit D., de Luca L., Soulie P., Gillet C., Wicker-Thomas C., Montagne J <strong>(2024)<\/strong> A fatty acid anabolic pathway in specialized-cells sustains a remote signal that controls egg activation in Drosophila.PLoS Genetics. 3\/14\/2024, Vol. 20 Issue 3, p1-21. 21p. DOI: 10.1371\/journal.pgen.1011186<\/li>\n\n\n\n<li>Akiki P, Delamotte P, Poidevin M, van Dijk EL, Petit AJR, Le Rouzic A, Mery F, <strong>Marion-Poll F<\/strong>, Montagne J <strong>(2024)<\/strong> Male manipulation impinges on social-dependent tumor suppression in Drosophila melanogaster females. Sci. Rep. 14(1):6411<\/li>\n<\/ul>\n\n\n\n<p><\/p>\n\n\n\n<p><strong>2023<\/strong><\/p>\n\n\n\n<ul class=\"wp-block-list\">\n<li>Rodr\u00edguez-Machado S., Ponce de Le\u00f3n J.L., <strong>Germon I.<\/strong>, <strong>Casane D.<\/strong> and Garc\u00eda-Machado E. <strong>(2023)<\/strong> Phylogeography of <em>Limia vittata<\/em> (Cyprinodontiformes: Poeciliidae): geographical distribution of mitochondrial haplotypes is comparable to other Cuban poeciliids. <em>Biological Journal of the Linnean Society<\/em> 140(3): 459-470<\/li>\n\n\n\n<li>Hyacinthe C., Attia J., Schutz E., Lego L., <strong>Casane D.<\/strong> and R\u00e9taux S. <strong>(2023)<\/strong> Acoustic signatures in Mexican cavefish populations inhabiting different caves. <em>PLoS ONE<\/em> 18(8):e0289574<\/li>\n\n\n\n<li>Valadares, L., Bueno da Silva, I., Costa-Leonardo, A.M., <strong>Sandoz, J.C.<\/strong> <strong>(2023)<\/strong> Differentiation of workers into soldiers is associated with a size reduction of higher-order brain centers in the neotropical termite Procornitermes araujoi. <em>Scientific Reports<\/em>, 13 (1), 18279, 1-11.<\/li>\n\n\n\n<li>Legendre L., Rode J., <strong>Germon I<\/strong>., Pavie M., Quiviger C., Policarpo M., Leclercq J., Pere S., Fumey J., Hyacinthe C., Ornelas-Garcia P., Espinasa L., Retaux S. and <strong>Casane D.<\/strong> <strong>(2023)<\/strong> Genetic identification and reiterated captures suggests that the <em>Astyanax mexicanus<\/em> El Pachon cavefish population is closed and declining. <em>Zoological Research<\/em> 44(4): 701-711<\/li>\n\n\n\n<li>Couto, A., Marty, S., Dawson, E.H., d\u2019Ettorre, P., <strong>Sandoz, J.C<\/strong>.*, Montgomery, S.H.* <strong>(2023)<\/strong> Evolution of the neuronal substrate for kin recognition in social Hymenoptera. <em>Biological Reviews<\/em>, 98, 2226\u20132242.<\/li>\n\n\n\n<li><strong>Carcaud, J<\/strong>., <strong>Sandoz, J.C.<\/strong> <strong>(2023)<\/strong> Insect Neuroethology: more than behavior and neurons. <em>Current Opinion in Insect Science<\/em>, 57, 101037, 1-3.<\/li>\n\n\n\n<li>Syed A.S., Sharma K., Policarpo M., Ferrando S., <strong>Casane D.<\/strong> and Korsching S.I. <strong>(2023)<\/strong> Ancient and nonuniform loss of olfactory receptor expression renders the shark nose a de facto vomeronasal organ. <em>Molecular Biology and Evolution<\/em> 40(4):msad076<\/li>\n\n\n\n<li>Mariette, J., No\u00ebl, A., Louis, T., Montagn\u00e9, N., Chertemps, T., Jacquin-Joly, E., <strong>Marion-Poll, F.<\/strong>, <strong>Sandoz, J.C. (2023)<\/strong> Transcuticular calcium imaging as a tool for the functional study of insect odorant receptors. <em>Frontiers in Molecular Neuroscience<\/em>, 16, 1182361, 1-14.<\/li>\n\n\n\n<li><strong>Carcaud, J.<\/strong>, Otte, M., Gr\u00fcnewald, B., Haase, A.*, <strong>Sandoz, J.C.<\/strong>*, Beye, M.* <strong>(2023)<\/strong> Multisite imaging of neural activity using a genetically encoded calcium sensor in the honey bee. <em>PLoS Biology<\/em>, 21(1), e3001984, 1-20.<\/li>\n\n\n\n<li>Piqueret, B., Montaudon, E., Devienne, P., Leroy, C., Marangoni, E., <strong>Sandoz, J.C.*, <\/strong>d\u2019Ettorre, P.* <strong>(2023)<\/strong> Ants act as olfactory bio-detectors of tumours in patient-derived xenograft mice. <em>Proceedings of the Royal Society B, <\/em>290 (1991), 20221962, 1-8.<\/li>\n\n\n\n<li>Piqueret, B., <strong>Sandoz, J.C., <\/strong>d\u2019Ettorre, P. <strong>(2023)<\/strong> Disease detection using animal olfaction: the neglected potential of invertebrates. <em>Frontiers in Ecology and Evolution<\/em>, 10, 960757, 1-10.<\/li>\n<\/ul>\n\n\n\n<p><\/p>\n\n\n\n<p><strong>2022<\/strong><\/p>\n\n\n\n<ul class=\"wp-block-list\">\n<li>Lef\u00e8vre BM, Mienanzambi S, <strong>Lang M.<\/strong> Developmental timing of Drosophila pachea pupae is robust to temperature changes <strong>(2022)<\/strong> J. Therm. Biol. 106:103232<\/li>\n\n\n\n<li>Bestea, L., Paoli, M., Arrufat, P., <strong>Carcaud, J.<\/strong>, <strong>Sandoz, J.C.<\/strong>, Velarde, R., Giurfa, M., de Brito Sanchez, M.G. (2022). The short neuropeptide F regulates appetitive but not aversive responsiveness in a social insect. <em>iScience<\/em><em>, <\/em>25(1), 103619, 1-22.<\/li>\n\n\n\n<li>Bestea, L., Briard, E., <strong>Carcaud, J.<\/strong>, <strong>Sandoz, J.C.<\/strong>, Velarde, R., Giurfa, M., de Brito Sanchez, M.G. (2022). Short neuropeptide F (sNPF) promotes the acquisition and formation of visual memories in honey bees. <em>Biology Letters, <\/em>18, 20210520, 1-5.<em><\/em><\/li>\n\n\n\n<li>Capela, N., Dupont, Y. L., Rortais, A., Sarmento, A., Papanikolaou, A., Topping, C. J., <strong>Arnold, G<\/strong>., . . . Sousa, J.P. (2022). High accuracy monitoring of honey bee colony development by a quantitative method. <em>Journal of Apicultural Research<\/em>, 1-10. doi:10.1080\/00218839.2022.2098899.<\/li>\n\n\n\n<li>Chol\u00e9, H., Merlin, A., Henderson, N., Paupy, E., Mah\u00e9, P., <strong>Arnold, G.<\/strong>, <strong>Sandoz, J. C.<\/strong> (2022). Antenna movements as a function of odorants\u2019 biological value in honeybees (<em>Apis mellifera<\/em> L.). <em>Scientific Reports<\/em><em>,<\/em> 12, 11674, 1-16.<\/li>\n\n\n\n<li>Coureaud, G., Thomas-Danguin, T., <strong>Sandoz, J.C.<\/strong>, Wilson, D.A. (2022). Biological constraints on configural odour mixture perception. <em>Journal of Experimental Biology<\/em>, 225(6): jeb242274, 1-10.<\/li>\n\n\n\n<li>Piqueret, B., Bourachot, B., Leroy, C., Devienne, P., Mechta-Grigoriou, F., d\u2019Ettorre, P. *, <strong>Sandoz, J.C.* <\/strong>(2022). Ants detect cancer cells through volatile organic compounds. <em>iScience<\/em>, 25(3), 103959, 1-12.<\/li>\n\n\n\n<li>Policarpo, M., Bemis, K.E., Laurenti, P., Legendre, L., <strong>Sandoz, J.C.<\/strong>, R\u00e9taux, S., <strong>Casane, D<\/strong>. (2022). Coevolution of the olfactory organ and its receptor repertoire in ray-finned fishes. <em>BMC Biology<\/em>, 20:195, 1-10.<\/li>\n\n\n\n<li>Valadares, L., Vieira, B.G., Santos do Nascimento, F., <strong>Sandoz, J.C.<\/strong> (2022). Brain size and behavioral specialization in the jata\u00ed stingless bee (<em>Tetragonisca angustula<\/em>). <em>Journal of Comparative Neurology, <\/em>530 (13), 2304-2314.<\/li>\n<\/ul>\n\n\n\n<p><\/p>\n\n\n\n<p><strong>2021<\/strong><\/p>\n\n\n\n<ul class=\"wp-block-list\">\n<li>Van Helden J., Butler C.D., Achaz G., Canard B., <strong>Casane D.<\/strong>, Claverie J.-M., Colombo F., Courtier V., Ebright R.H., Graner F., Leitenberg M., Morand S., Petrovsky N., Segreto R., Decroly E., Halloy J. <strong>(2021)<\/strong> An appeal for an objective, open, and transparent scientific debate about the origin of SARS-CoV-2. <em>The Lancet<\/em> 398(10309):1402\u20131404<\/li>\n\n\n\n<li><strong>Arnold, G.<\/strong> (2021). Conflicts of interest and improvement through peer review: the case of IPBES report on pollinators. <em>Current Opinion in Insect Science<\/em>, 46, 57\u201363.<\/li>\n\n\n\n<li>Bestea, L., R\u00e9jaud, A., <strong>Sandoz, J.C.<\/strong>, <strong>Carcaud, J.<\/strong>, Giurfa, M., de Brito Sanchez, M. G. (2021). Peripheral Taste Detection in Honey Bees: What do Taste Receptors Respond to? <em>European Journal of Neuroscience <\/em>(in press).<\/li>\n\n\n\n<li>Couto, A., Arnold, G., Ai, H., <strong>Sandoz, J.C.<\/strong> (2021). Interspecific variation of antennal lobe composition among four hornet species. <em>Scientific Reports<\/em>, 11, 20883, 1-12.<\/li>\n\n\n\n<li>Mariette, J., <strong>Carcaud, J.<\/strong>, <strong>Sandoz, J.C. <\/strong>(2021). The neuroethology of olfactory sex communication in the honeybee <em>Apis mellifera.<\/em> <em>Cell and Tissue Research<\/em>, 383, 177\u2013194.<\/li>\n\n\n\n<li>Mertes, M., <strong>Carcaud, J.<\/strong>, <strong>Sandoz, J.C.<\/strong> (2021). Olfactory coding in the antennal lobe of the bumble bee <em>Bombus terrestris<\/em>. <em>Scientific Reports, <\/em>11, 10947, 1-14.<\/li>\n\n\n\n<li>Policarpo M., Bemis K.E., Tyler J.C., Metcalfe C.J., Laurenti P., <strong>Sandoz J.C.<\/strong>, R\u00e9taux S. and <strong>Casane D. <\/strong>(2021). Evolutionary dynamics of the OR gene repertoire in teleost fishes: evidence of an association with changes in olfactory epithelium shape. <em>Molecular Biology and Evolution<\/em>, 38(9), 3742-3753.<\/li>\n\n\n\n<li>Sallard E., Halloy J., <strong>Casane D.<\/strong>, Decroly E., van Helden J. <strong>(2021)<\/strong> Tracing the origins of SARS-COV-2 in coronavirus phylogenies: a review. <em>Environmental Chemistry Letters<\/em> 19(2):769-785<\/li>\n\n\n\n<li>Policarpo M., Fumey J., Lafargeas P., Naquin D., Thermes C., Naville M., Dechaud C., Volff J.-N., Cabau C., Klopp C., M\u00f8ller P.R., Bernatchez L., Garc\u00eda-Machado E., R\u00e9taux S. and <strong>Casane D. (2021)<\/strong> Contrasting gene decay in subterranean vertebrates: insights from cavefishes and fossorial mammals. <em>Molecular Biology and Evolution<\/em> 38(2):589\u2013605<\/li>\n<\/ul>\n\n\n\n<p><\/p>\n\n\n\n<p><strong>2020<\/strong><\/p>\n\n\n\n<ul class=\"wp-block-list\">\n<li>Lai, Y., Despouy, E., <strong>Sandoz, J.C.<\/strong>, Su, S., de Brito Sanchez, G., Giurfa, M. (2020). Degradation of an appetitive olfactory memory via devaluation of sugar reward is mediated by 5-HT 2 signaling in the honey bee. <em>Neurobiology of Learning and Memory<\/em>, 107278, 1-13.<\/li>\n\n\n\n<li>Wycke, M.A. Coureaud, G., Thomas-Danguin, T.,<strong> Sandoz, J.C. <\/strong>(2020). Configural perception of a binary olfactory mixture in honey bees as in humans, rodents and newborn rabbits. <em>Journal of Experimental Biology <\/em>223, jeb22761, 1-12.<\/li>\n\n\n\n<li>Aribi N., <strong>Denis B<\/strong>., Kilani-Morakchi S., <strong>Joly D<\/strong>. (2020)&nbsp; Azadirachtin, a natural pesticide with multiple effects Medecine\/Science 36(1):44-49<\/li>\n<\/ul>\n\n\n\n<p><\/p>\n\n\n\n<p><strong>2019<\/strong><\/p>\n\n\n\n<ul class=\"wp-block-list\">\n<li>Chol\u00e9, H., Carcaud, J., Mazeau, H., Fami\u00e9, S., <strong>Arnold, G.<\/strong>, <strong>Sandoz, J.C. <\/strong>(2019). Social contact acts as appetitive reinforcement and supports associative learning in honeybees. <em>Current Biology<\/em>, 29(8), 1407-1413.<\/li>\n\n\n\n<li>Junca, P., Garnery, L., <strong>Sandoz, J.C.<\/strong> (2019). Genotypic trade-off between appetitive and aversive capacities in honeybees. <em>Scientific Reports <\/em>(in press).<\/li>\n\n\n\n<li>Piqueret, B., <strong>Sandoz, J.C.<\/strong>, d\u2019Ettorre, P. (2019). Ants learn fast and do not forget: olfactory associative learning and extinction in <em>Formica fusca<\/em>. <em>Royal Society Open Science<\/em>, 6: 190778, 1-11.<\/li>\n\n\n\n<li>Yanagawa, A., Couto, A., <strong>Sandoz, J.C.<\/strong>, Hata, T., Mitra, A., Ali Agha, M., Marion-Poll, F. (2019). LPS perception through a taste-induced reflex in <em>Drosophila. <\/em><em>Journal of Insect Physiology<\/em>, 112, 39-47.<\/li>\n<\/ul>\n\n\n\n<p><strong>2018<\/strong><\/p>\n\n\n\n<ul class=\"wp-block-list\">\n<li>Bastin, F., Couto, A. , Larcher, V., Phiancharoen, M., Koeniger, G., Koeniger, N.,<strong> Sandoz, J.C.<\/strong> (2018). Marked inter-specific differences in the neuroanatomy of the male olfactory system of honey bees (genus Apis). <em>Journal of Comparative Neurology<\/em>, 526, 3020-3034.<\/li>\n\n\n\n<li>Brand, P., Larcher, V., Couto, A., <strong>Sandoz J.C.<\/strong>*, Ramirez, S.* (2018). Sexual dimorphism in visual and olfactory brain centers in the perfume-collecting orchid bee <em>Euglossa dilemma <\/em>(Hymenoptera, Apidae). <em>Journal of Comparative Neurology<\/em>, 526, 2068\u20132077.<\/li>\n\n\n\n<li>Carcaud, J., Giurfa, M., <strong>Sandoz J.C.<\/strong> (2018). Differential processing by two olfactory subsystems in the honeybee brain. <em>Neuroscience<\/em>, 378, 33-48.<\/li>\n\n\n\n<li>Mancini, N., Giurfa, M., <strong>Sandoz J.C.<\/strong>, Avargu\u00e8s-Weber, A. (2018). Aminergic neuromodulation of associative visual learning in harnessed honey bees. <em>Neurobiology of Learning and Memory<\/em>, 155, 556-567.<\/li>\n\n\n\n<li>Monceau, K., Arca, M., Lepr\u00eatre, L., Bonnard, O., <strong>Arnold, G.<\/strong>, Thi\u00e9ry, D. (2018). How <em>Apis mellifera<\/em> behaves with its invasive hornet predator<em> Vespa velutina.<\/em> <em>Journal of Insect Behavior<\/em>, 31, 1-11.<\/li>\n\n\n\n<li>Oulhaci, C.M., Denis, B., Kilani-Morakchi, S., <strong>Sandoz, J.C.<\/strong>, Kaiser-Arnaud, L., Joly, D., Aribi, N. (2018). Azadirachtin effects on mating success, gametic abnormalities and progeny survival in <em>Drosophila melanogaster<\/em> (Diptera). <em>Pest Management Science, <\/em>74, 174-180.<\/li>\n\n\n\n<li>Baron, A., <strong>Denis, B<\/strong>.,<strong> <\/strong>Wicker-Thomas&nbsp;, C. (2018) Control of pheromone production by ovaries in <em>drosophila.&nbsp;<\/em>Journal of insect physiology. , vol. 109, 138<\/li>\n\n\n\n<li><strong>Denis B<\/strong>.,<strong> <\/strong>Morel B., Wicker-Thomas&nbsp;, C. (2018) Role of sex peptide in drosophila males.intechopen.74416, chapitre 5<\/li>\n<\/ul>\n\n\n\n<p><strong>Ouvrages<\/strong><\/p>\n\n\n\n<ul class=\"wp-block-list\">\n<li>\u00ab Les abeilles face au risque toxique \u00bb<em>, <\/em>Editors: Charnet, P, <strong>Sandoz, J.C.<\/strong>, Collet, C. (2022), CNRS Editions (450 p)<\/li>\n<\/ul>\n\n\n\n<p><strong>Chapitres d\u2019ouvrages<\/strong><\/p>\n\n\n\n<ul class=\"wp-block-list\">\n<li>No\u00ebl, A., <strong>Sandoz, J.C.<\/strong> (2022) La colonie d\u2019abeilles : un syst\u00e8me complexe et fragile. In: Collet, C., Sandoz, J.C., Charnet, P. (eds). Les abeilles face au risque toxique. CNRS Editions, 43-64.<\/li>\n\n\n\n<li><strong>Casane D<\/strong>., Saclier N., Policarpo M., Fran\u00e7ois C. and Lef\u00e9bure T. (2023) Evolutionary genomics and transcriptomics in groundwater animals. In: Groundwater Ecology and Evolution, Second Edition, Academic Press, 393-412<\/li>\n\n\n\n<li>Malard F., Garcia Machado E., <strong>Casane D<\/strong>., Cooper S., Fiser C. and Eme D. (2023) Dispersal and geographic range size in groundwater. In: Groundwater Ecology and Evolution, Second Edition, Academic Press, 185-207<\/li>\n<\/ul>\n","protected":false},"excerpt":{"rendered":"<p>2026 2025 2024 2023 2022 2021 2020 2019 2018 Ouvrages Chapitres d\u2019ouvrages<\/p>\n","protected":false},"author":100,"featured_media":0,"parent":0,"menu_order":0,"comment_status":"closed","ping_status":"closed","template":"","meta":{"site-sidebar-layout":"default","site-content-layout":"","ast-site-content-layout":"default","site-content-style":"default","site-sidebar-style":"default","ast-global-header-display":"","ast-banner-title-visibility":"","ast-main-header-display":"","ast-hfb-above-header-display":"","ast-hfb-below-header-display":"","ast-hfb-mobile-header-display":"","site-post-title":"","ast-breadcrumbs-content":"","ast-featured-img":"","footer-sml-layout":"","ast-disable-related-posts":"","theme-transparent-header-meta":"","adv-header-id-meta":"","stick-header-meta":"","header-above-stick-meta":"","header-main-stick-meta":"","header-below-stick-meta":"","astra-migrate-meta-layouts":"set","ast-page-background-enabled":"default","ast-page-background-meta":{"desktop":{"background-color":"var(--ast-global-color-4)","background-image":"","background-repeat":"repeat","background-position":"center center","background-size":"auto","background-attachment":"scroll","background-type":"","background-media":"","overlay-type":"","overlay-color":"","overlay-opacity":"","overlay-gradient":""},"tablet":{"background-color":"","background-image":"","background-repeat":"repeat","background-position":"center center","background-size":"auto","background-attachment":"scroll","background-type":"","background-media":"","overlay-type":"","overlay-color":"","overlay-opacity":"","overlay-gradient":""},"mobile":{"background-color":"","background-image":"","background-repeat":"repeat","background-position":"center center","background-size":"auto","background-attachment":"scroll","background-type":"","background-media":"","overlay-type":"","overlay-color":"","overlay-opacity":"","overlay-gradient":""}},"ast-content-background-meta":{"desktop":{"background-color":"var(--ast-global-color-5)","background-image":"","background-repeat":"repeat","background-position":"center center","background-size":"auto","background-attachment":"scroll","background-type":"","background-media":"","overlay-type":"","overlay-color":"","overlay-opacity":"","overlay-gradient":""},"tablet":{"background-color":"var(--ast-global-color-5)","background-image":"","background-repeat":"repeat","background-position":"center center","background-size":"auto","background-attachment":"scroll","background-type":"","background-media":"","overlay-type":"","overlay-color":"","overlay-opacity":"","overlay-gradient":""},"mobile":{"background-color":"var(--ast-global-color-5)","background-image":"","background-repeat":"repeat","background-position":"center center","background-size":"auto","background-attachment":"scroll","background-type":"","background-media":"","overlay-type":"","overlay-color":"","overlay-opacity":"","overlay-gradient":""}},"_themeisle_gutenberg_block_has_review":false,"footnotes":""},"class_list":["post-18668","page","type-page","status-publish","hentry"],"jetpack_sharing_enabled":true,"_links":{"self":[{"href":"https:\/\/www.egce.universite-paris-saclay.fr\/index.php?rest_route=\/wp\/v2\/pages\/18668","targetHints":{"allow":["GET"]}}],"collection":[{"href":"https:\/\/www.egce.universite-paris-saclay.fr\/index.php?rest_route=\/wp\/v2\/pages"}],"about":[{"href":"https:\/\/www.egce.universite-paris-saclay.fr\/index.php?rest_route=\/wp\/v2\/types\/page"}],"author":[{"embeddable":true,"href":"https:\/\/www.egce.universite-paris-saclay.fr\/index.php?rest_route=\/wp\/v2\/users\/100"}],"replies":[{"embeddable":true,"href":"https:\/\/www.egce.universite-paris-saclay.fr\/index.php?rest_route=%2Fwp%2Fv2%2Fcomments&post=18668"}],"version-history":[{"count":29,"href":"https:\/\/www.egce.universite-paris-saclay.fr\/index.php?rest_route=\/wp\/v2\/pages\/18668\/revisions"}],"predecessor-version":[{"id":21477,"href":"https:\/\/www.egce.universite-paris-saclay.fr\/index.php?rest_route=\/wp\/v2\/pages\/18668\/revisions\/21477"}],"wp:attachment":[{"href":"https:\/\/www.egce.universite-paris-saclay.fr\/index.php?rest_route=%2Fwp%2Fv2%2Fmedia&parent=18668"}],"curies":[{"name":"wp","href":"https:\/\/api.w.org\/{rel}","templated":true}]}}