{"id":18642,"date":"2024-03-29T11:19:49","date_gmt":"2024-03-29T10:19:49","guid":{"rendered":"https:\/\/www.egce.universite-paris-saclay.fr\/?page_id=18642"},"modified":"2025-06-23T11:45:16","modified_gmt":"2025-06-23T09:45:16","slug":"les-membres-du-pole-comportement","status":"publish","type":"page","link":"https:\/\/www.egce.universite-paris-saclay.fr\/?page_id=18642","title":{"rendered":"Les membres du p\u00f4le comportement"},"content":{"rendered":"\n<table id=\"tablepress-19\" class=\"tablepress tablepress-id-19\">\n<thead>\n<tr class=\"row-1\">\n\t<th class=\"column-1\">Photos<\/th><th class=\"column-2\">Pr\u00e9nom, Nom<\/th><th class=\"column-3\">Poste<\/th><th class=\"column-4\">Tutelle<\/th><th class=\"column-5\">Th\u00e9matique<\/th><th class=\"column-6\">Informations<\/th><th class=\"column-7\">Mod\u00e8le pr\u00e9f\u00e9r\u00e9<\/th>\n<\/tr>\n<\/thead>\n<tbody class=\"row-striping row-hover\">\n<tr class=\"row-2\">\n\t<td class=\"column-1\"><img decoding=\"async\" class=\"wp-image-1842 alignleft\" src=\"https:\/\/www.egce.universite-paris-saclay.fr\/wp-content\/uploads\/2025\/02\/iago.jpg\"alt=\"\" width=\"120\"\/><\/td><td class=\"column-2\"><a href=>Iago Bueno Da Silva<\/a><\/td><td class=\"column-3\">Postdoctorant<\/td><td class=\"column-4\">CNRS<\/td><td class=\"column-5\">Evolution des syst\u00e8mes sensoriels chez les Hym\u00e9nopt\u00e8res<\/td><td class=\"column-6\">Encadrant : Jean-Christophe Sandoz<\/td><td class=\"column-7\">Termites<\/td>\n<\/tr>\n<tr class=\"row-3\">\n\t<td class=\"column-1\"><img decoding=\"async\" class=\"wp-image-1842 alignleft\" src=\"https:\/\/www.egce.universite-paris-saclay.fr\/wp-content\/uploads\/2024\/08\/Vero-2018.jpg\"alt=\"\" width=\"120\"\/><\/td><td class=\"column-2\"><a href=\"https:\/\/www.egce.universite-paris-saclay.fr\/?p=638\">V\u00e9ronique Borday<\/a><\/td><td class=\"column-3\">Ma\u00eetre de Conf\u00e9rences<\/td><td class=\"column-4\">Universit\u00e9 Paris Cit\u00e9<\/td><td class=\"column-5\">Comportement et sp\u00e9ciation chez la drosophile<\/td><td class=\"column-6\"><\/td><td class=\"column-7\">Drosophiles<\/td>\n<\/tr>\n<tr class=\"row-4\">\n\t<td class=\"column-1\"><img decoding=\"async\" class=\"wp-image-1842 alignleft\" src=\"https:\/\/www.egce.universite-paris-saclay.fr\/wp-content\/uploads\/2024\/09\/JulieCarcaud.jpg\"alt=\"\" width=\"120\"\/><\/td><td class=\"column-2\"><a href=\"https:\/\/www.egce.universite-paris-saclay.fr\/?p=10718\">Julie Carcaud<\/a><\/td><td class=\"column-3\">Ma\u00eetre de Conf\u00e9rences<\/td><td class=\"column-4\">Universit\u00e9 Paris-Saclay <\/td><td class=\"column-5\">Evolution des syst\u00e8mes sensoriels chez les Hym\u00e9nopt\u00e8res<\/td><td class=\"column-6\">Co-responsable du p\u00f4le comportement<\/td><td class=\"column-7\">Abeilles<\/td>\n<\/tr>\n<tr class=\"row-5\">\n\t<td class=\"column-1\"><img decoding=\"async\" class=\"wp-image-1842 alignleft\" src=\"https:\/\/www.egce.universite-paris-saclay.fr\/wp-content\/uploads\/2023\/12\/photo-D-Casane-2023.jpg\"alt=\"\" width=\"120\"\/><\/td><td class=\"column-2\"><a href=\"https:\/\/www.egce.universite-paris-saclay.fr\/?p=681\">Didier Casane<\/a><\/td><td class=\"column-3\">Professeur<\/td><td class=\"column-4\">Universit\u00e9 Paris Cit\u00e9<\/td><td class=\"column-5\">Evolution des syst\u00e8mes sensoriels chez les Hym\u00e9nopt\u00e8res<\/td><td class=\"column-6\">Co-responsable du p\u00f4le comportement<\/td><td class=\"column-7\">Animaux<\/td>\n<\/tr>\n<tr class=\"row-6\">\n\t<td class=\"column-1\"><img decoding=\"async\" class=\"wp-image-1842 alignleft\" src=\"https:\/\/www.egce.universite-paris-saclay.fr\/wp-content\/uploads\/2014\/01\/claisse.jpg\"alt=\"\" width=\"120\"\/><\/td><td class=\"column-2\"><a href=\"https:\/\/www.egce.universite-paris-saclay.fr\/?p=706\">Ga\u00eblle Claisse<\/a><\/td><td class=\"column-3\">Ing\u00e9nieure d&rsquo;\u00e9tude<\/td><td class=\"column-4\">CNRS<\/td><td class=\"column-5\">Evolution des syst\u00e8mes sensoriels chez les Hym\u00e9nopt\u00e8res<\/td><td class=\"column-6\"><\/td><td class=\"column-7\">Abeilles<\/td>\n<\/tr>\n<tr class=\"row-7\">\n\t<td class=\"column-1\"><img decoding=\"async\" class=\"wp-image-1842 alignleft\" src=\"https:\/\/www.egce.universite-paris-saclay.fr\/wp-content\/uploads\/2023\/02\/LoicColin.jpg\"alt=\"\" width=\"120\"\/><\/td><td class=\"column-2\"><a href=\"https:\/\/www.egce.universite-paris-saclay.fr\/?p=15559\">Lo\u00efc Colin<\/a><\/td><td class=\"column-3\">Doctorant<\/td><td class=\"column-4\">CNRS<\/td><td class=\"column-5\">Evolution des syst\u00e8mes sensoriels chez les Hym\u00e9nopt\u00e8res<\/td><td class=\"column-6\">Encadrant : Jean-Christophe Sandoz<\/td><td class=\"column-7\">Abeilles<\/td>\n<\/tr>\n<tr class=\"row-8\">\n\t<td class=\"column-1\"><img decoding=\"async\" class=\"wp-image-1842 alignleft\" src=\"https:\/\/www.egce.universite-paris-saclay.fr\/wp-content\/uploads\/2026\/02\/AntoineCouto.jpg\"alt=\"\" width=\"120\"\/><\/td><td class=\"column-2\"><a href=\"https:\/\/www.egce.universite-paris-saclay.fr\/?p=1607\">Antoine Couto<\/a><\/td><td class=\"column-3\">Charg\u00e9 de Recherche<\/td><td class=\"column-4\">CNRS<\/td><td class=\"column-5\">Evolution des syst\u00e8mes sensoriels chez les Hym\u00e9nopt\u00e8res<\/td><td class=\"column-6\"><\/td><td class=\"column-7\">Hym\u00e9nopt\u00e8res<\/td>\n<\/tr>\n<tr class=\"row-9\">\n\t<td class=\"column-1\"><\/td><td class=\"column-2\"><a href=\"https:\/\/www.egce.universite-paris-saclay.fr\/?p=16812\">Aliz\u00e9e Delarue<\/a><\/td><td class=\"column-3\">Doctorante<\/td><td class=\"column-4\">Universit\u00e9 Paris-Saclay <\/td><td class=\"column-5\">Comportement et sp\u00e9ciation chez la drosophile<\/td><td class=\"column-6\">Encadrants : H\u00e9lo\u00efse Bastide et Amir Yassin<\/td><td class=\"column-7\">Braula<\/td>\n<\/tr>\n<tr class=\"row-10\">\n\t<td class=\"column-1\"><img decoding=\"async\" class=\"wp-image-1842 alignleft\" src=\"https:\/\/www.egce.universite-paris-saclay.fr\/wp-content\/uploads\/2014\/02\/bea2013-e1399471051188.jpg\"alt=\"\" width=\"120\"\/><\/td><td class=\"column-2\"><a href=\"https:\/\/www.egce.universite-paris-saclay.fr\/?p=720\">B\u00e9atrice Denis<\/a><\/td><td class=\"column-3\">Ing\u00e9nieure d&rsquo;\u00e9tude<\/td><td class=\"column-4\">CNRS<\/td><td class=\"column-5\">Comportement et sp\u00e9ciation chez la drosophile<\/td><td class=\"column-6\"><\/td><td class=\"column-7\">Drosophiles<\/td>\n<\/tr>\n<tr class=\"row-11\">\n\t<td class=\"column-1\"><img decoding=\"async\" class=\"wp-image-1842 alignleft\" src=\"https:\/\/www.egce.universite-paris-saclay.fr\/wp-content\/uploads\/2021\/11\/LineDuportets.jpg\"alt=\"\" width=\"120\"\/><\/td><td class=\"column-2\"><a href=\"https:\/\/www.egce.universite-paris-saclay.fr\/?p=14054\">Line Duportets<\/a><\/td><td class=\"column-3\">Ma\u00eetre de Conf\u00e9rences<\/td><td class=\"column-4\">Universit\u00e9 Paris-Saclay <\/td><td class=\"column-5\">Evolution des syst\u00e8mes sensoriels chez les Hym\u00e9nopt\u00e8res<\/td><td class=\"column-6\"><\/td><td class=\"column-7\">Abeilles<\/td>\n<\/tr>\n<tr class=\"row-12\">\n\t<td class=\"column-1\"><img decoding=\"async\" class=\"wp-image-1842 alignleft\" src=\"https:\/\/www.egce.universite-paris-saclay.fr\/wp-content\/uploads\/2025\/01\/photo_CamilleFaber.jpg\"alt=\"\" width=\"120\"\/><\/td><td class=\"column-2\"><a href=\"https:\/\/www.egce.universite-paris-saclay.fr\/?p=16812\">Camille Faber<\/a><\/td><td class=\"column-3\">Doctorante<\/td><td class=\"column-4\">Universit\u00e9 Paris-Saclay <\/td><td class=\"column-5\">Evolution des syst\u00e8mes sensoriels chez les Hym\u00e9nopt\u00e8res<\/td><td class=\"column-6\">Encadrants : Julie Carcaud et Jean-Christophe Sandoz<\/td><td class=\"column-7\">Abeilles<\/td>\n<\/tr>\n<tr class=\"row-13\">\n\t<td class=\"column-1\"><img decoding=\"async\" class=\"wp-image-1842 alignleft\" src=\"https:\/\/www.egce.universite-paris-saclay.fr\/wp-content\/uploads\/2014\/01\/germon.jpg\"alt=\"\" width=\"120\"\/><\/td><td class=\"column-2\"><a href=\"https:\/\/www.egce.universite-paris-saclay.fr\/?p=735\">Isabelle Germon<\/a><\/td><td class=\"column-3\">Assistante ing\u00e9nieure<\/td><td class=\"column-4\">CNRS<\/td><td class=\"column-5\">Comportement et sp\u00e9ciation chez la drosophile<\/td><td class=\"column-6\"><\/td><td class=\"column-7\">Drosophiles, animaux<\/td>\n<\/tr>\n<tr class=\"row-14\">\n\t<td class=\"column-1\"><img decoding=\"async\" class=\"wp-image-1842 alignleft\" src=\"https:\/\/www.egce.universite-paris-saclay.fr\/wp-content\/uploads\/2014\/02\/Dominique-Joly.jpg\"alt=\"\" width=\"120\"\/><\/td><td class=\"column-2\"><a href=\"https:\/\/www.egce.universite-paris-saclay.fr\/?p=1336\">Dominique Joly<\/a><\/td><td class=\"column-3\">Directrice de Recherche<\/td><td class=\"column-4\">CNRS<\/td><td class=\"column-5\">Comportement et sp\u00e9ciation chez la drosophile<\/td><td class=\"column-6\"><\/td><td class=\"column-7\">Drosophiles<\/td>\n<\/tr>\n<tr class=\"row-15\">\n\t<td class=\"column-1\"><img decoding=\"async\" class=\"wp-image-1842 alignleft\" src=\"https:\/\/www.egce.universite-paris-saclay.fr\/wp-content\/uploads\/2022\/09\/MLang.jpg\"alt=\"\" width=\"120\"\/><\/td><td class=\"column-2\"><a href=\"https:\/\/www.egce.universite-paris-saclay.fr\/?p=14977\">Michael Lang<\/a><\/td><td class=\"column-3\">Charg\u00e9 de Recherche <\/td><td class=\"column-4\">CNRS<\/td><td class=\"column-5\">Comportement et sp\u00e9ciation chez la drosophile<\/td><td class=\"column-6\"><\/td><td class=\"column-7\">Drosophiles<\/td>\n<\/tr>\n<tr class=\"row-16\">\n\t<td class=\"column-1\"><\/td><td class=\"column-2\"><a href=\"https:\/\/www.egce.universite-paris-saclay.fr\/?p=7393\">Virginie Larcher<\/a><\/td><td class=\"column-3\">Assistante ing\u00e9nieure<\/td><td class=\"column-4\">CNRS<\/td><td class=\"column-5\">Evolution des syst\u00e8mes sensoriels chez les Hym\u00e9nopt\u00e8res<\/td><td class=\"column-6\"><\/td><td class=\"column-7\">Abeilles<\/td>\n<\/tr>\n<tr class=\"row-17\">\n\t<td class=\"column-1\"><img decoding=\"async\" class=\"wp-image-1842 alignleft\" src=\"https:\/\/www.egce.universite-paris-saclay.fr\/wp-content\/uploads\/2020\/10\/JuliaMariette-1.jpg\"alt=\"\" width=\"120\"\/><\/td><td class=\"column-2\"><a href=\"https:\/\/www.egce.universite-paris-saclay.fr\/?p=8192\">Julia Mariette<\/a><\/td><td class=\"column-3\">PostDoctorante<\/td><td class=\"column-4\">CNRS<\/td><td class=\"column-5\">Evolution des syst\u00e8mes sensoriels chez les Hym\u00e9nopt\u00e8res<\/td><td class=\"column-6\">Encadrant : Julie Carcaud<\/td><td class=\"column-7\">Abeilles<\/td>\n<\/tr>\n<tr class=\"row-18\">\n\t<td class=\"column-1\"><img decoding=\"async\" class=\"wp-image-1842 alignleft\" src=\"https:\/\/www.egce.universite-paris-saclay.fr\/wp-content\/uploads\/2014\/04\/fmp.jpg\"alt=\"\" width=\"120\"\/><\/td><td class=\"column-2\"><a href=\"https:\/\/www.egce.universite-paris-saclay.fr\/?p=772\">Fr\u00e9d\u00e9ric Marion-Poll<\/a><\/td><td class=\"column-3\">Professeur<\/td><td class=\"column-4\">AgroParisTech<\/td><td class=\"column-5\">Comportement et sp\u00e9ciation chez la drosophile<\/td><td class=\"column-6\"><\/td><td class=\"column-7\">Drosophiles<\/td>\n<\/tr>\n<tr class=\"row-19\">\n\t<td class=\"column-1\"><img decoding=\"async\" class=\"wp-image-1842 alignleft\" src=\"https:\/\/www.egce.universite-paris-saclay.fr\/wp-content\/uploads\/2020\/10\/C.Moreno-1.png\"alt=\"\" width=\"120\"\/><\/td><td class=\"column-2\"><a href=\"https:\/\/www.egce.universite-paris-saclay.fr\/?p=780\">Celine Moreno<\/a><\/td><td class=\"column-3\">Ing\u00e9nieure d&rsquo;\u00e9tude<\/td><td class=\"column-4\">CNRS<\/td><td class=\"column-5\">Comportement et sp\u00e9ciation chez la drosophile<\/td><td class=\"column-6\"><\/td><td class=\"column-7\">Drosophiles<\/td>\n<\/tr>\n<tr class=\"row-20\">\n\t<td class=\"column-1\"><img decoding=\"async\" class=\"wp-image-1842 alignleft\" src=\"https:\/\/www.egce.universite-paris-saclay.fr\/wp-content\/uploads\/2025\/06\/JornOppersma.jpg\"alt=\"\" width=\"120\"\/><\/td><td class=\"column-2\"><a href=>Jorn Oppersma<\/a><\/td><td class=\"column-3\">Doctorant<\/td><td class=\"column-4\">Universit\u00e9 Paris-Saclay <\/td><td class=\"column-5\">Evolution of sensory systems in Hymenoptera<\/td><td class=\"column-6\">Encadrants : Julie Carcaud et Jean-Christophe Sandoz<\/td><td class=\"column-7\">Bumblebees<\/td>\n<\/tr>\n<tr class=\"row-21\">\n\t<td class=\"column-1\"><img decoding=\"async\" class=\"wp-image-1842 alignleft\" src=\"https:\/\/www.egce.universite-paris-saclay.fr\/wp-content\/uploads\/2023\/08\/Captureio-removebg-preview.png\"alt=\"\" width=\"120\"\/><\/td><td class=\"column-2\"><a href=\"https:\/\/www.egce.universite-paris-saclay.fr\/?p=16831\">Melissa Pitzalis<\/a><\/td><td class=\"column-3\">Doctorante<\/td><td class=\"column-4\">Universit\u00e9 Paris-Saclay <\/td><td class=\"column-5\">Evolution des syst\u00e8mes sensoriels chez les Hym\u00e9nopt\u00e8res<\/td><td class=\"column-6\">Encadrants : Julie Carcaud et Jean-Christophe Sandoz<\/td><td class=\"column-7\">Abeilles<\/td>\n<\/tr>\n<tr class=\"row-22\">\n\t<td class=\"column-1\"><img decoding=\"async\" class=\"wp-image-1842 alignleft\" src=\"https:\/\/www.egce.universite-paris-saclay.fr\/wp-content\/uploads\/2021\/03\/JC-Sandoz-v2.jpg\" alt=\"\" width=\"120\"\/><\/td><td class=\"column-2\"><a href=\"https:\/\/www.egce.universite-paris-saclay.fr\/?p=654\">Jean-Christophe Sandoz<\/a><\/td><td class=\"column-3\">Directeur de Recherche <\/td><td class=\"column-4\">CNRS<\/td><td class=\"column-5\">Evolution des syst\u00e8mes sensoriels chez les Hym\u00e9nopt\u00e8res<\/td><td class=\"column-6\">Directeur adjoint de l&rsquo;UMR EGCE<\/td><td class=\"column-7\">Abeilles, fourmis<\/td>\n<\/tr>\n<tr class=\"row-23\">\n\t<td class=\"column-1\"><img decoding=\"async\" class=\"wp-image-1842 alignleft\" src=\"https:\/\/www.egce.universite-paris-saclay.fr\/wp-content\/uploads\/2020\/08\/Amir_Yassin-1.jpg\"alt=\"\" width=\"120\"\/><\/td><td class=\"column-2\"><a href=\"https:\/\/www.egce.universite-paris-saclay.fr\/?p=11627\">Amir Yassin<\/a><\/td><td class=\"column-3\">Charg\u00e9 de Recherche <\/td><td class=\"column-4\">CNRS<\/td><td class=\"column-5\">Comportement et sp\u00e9ciation chez la drosophile<\/td><td class=\"column-6\"><\/td><td class=\"column-7\">Drosophiles<\/td>\n<\/tr>\n<\/tbody>\n<\/table>\n<!-- #tablepress-19 from cache -->","protected":false},"excerpt":{"rendered":"","protected":false},"author":100,"featured_media":0,"parent":0,"menu_order":0,"comment_status":"closed","ping_status":"closed","template":"","meta":{"site-sidebar-layout":"default","site-content-layout":"","ast-site-content-layout":"default","site-content-style":"default","site-sidebar-style":"default","ast-global-header-display":"","ast-banner-title-visibility":"","ast-main-header-display":"","ast-hfb-above-header-display":"","ast-hfb-below-header-display":"","ast-hfb-mobile-header-display":"","site-post-title":"","ast-breadcrumbs-content":"","ast-featured-img":"","footer-sml-layout":"","ast-disable-related-posts":"","theme-transparent-header-meta":"","adv-header-id-meta":"","stick-header-meta":"","header-above-stick-meta":"","header-main-stick-meta":"","header-below-stick-meta":"","astra-migrate-meta-layouts":"set","ast-page-background-enabled":"default","ast-page-background-meta":{"desktop":{"background-color":"var(--ast-global-color-4)","background-image":"","background-repeat":"repeat","background-position":"center center","background-size":"auto","background-attachment":"scroll","background-type":"","background-media":"","overlay-type":"","overlay-color":"","overlay-opacity":"","overlay-gradient":""},"tablet":{"background-color":"","background-image":"","background-repeat":"repeat","background-position":"center center","background-size":"auto","background-attachment":"scroll","background-type":"","background-media":"","overlay-type":"","overlay-color":"","overlay-opacity":"","overlay-gradient":""},"mobile":{"background-color":"","background-image":"","background-repeat":"repeat","background-position":"center center","background-size":"auto","background-attachment":"scroll","background-type":"","background-media":"","overlay-type":"","overlay-color":"","overlay-opacity":"","overlay-gradient":""}},"ast-content-background-meta":{"desktop":{"background-color":"var(--ast-global-color-5)","background-image":"","background-repeat":"repeat","background-position":"center center","background-size":"auto","background-attachment":"scroll","background-type":"","background-media":"","overlay-type":"","overlay-color":"","overlay-opacity":"","overlay-gradient":""},"tablet":{"background-color":"var(--ast-global-color-5)","background-image":"","background-repeat":"repeat","background-position":"center center","background-size":"auto","background-attachment":"scroll","background-type":"","background-media":"","overlay-type":"","overlay-color":"","overlay-opacity":"","overlay-gradient":""},"mobile":{"background-color":"var(--ast-global-color-5)","background-image":"","background-repeat":"repeat","background-position":"center center","background-size":"auto","background-attachment":"scroll","background-type":"","background-media":"","overlay-type":"","overlay-color":"","overlay-opacity":"","overlay-gradient":""}},"_themeisle_gutenberg_block_has_review":false,"footnotes":""},"class_list":["post-18642","page","type-page","status-publish","hentry"],"jetpack_sharing_enabled":true,"_links":{"self":[{"href":"https:\/\/www.egce.universite-paris-saclay.fr\/index.php?rest_route=\/wp\/v2\/pages\/18642","targetHints":{"allow":["GET"]}}],"collection":[{"href":"https:\/\/www.egce.universite-paris-saclay.fr\/index.php?rest_route=\/wp\/v2\/pages"}],"about":[{"href":"https:\/\/www.egce.universite-paris-saclay.fr\/index.php?rest_route=\/wp\/v2\/types\/page"}],"author":[{"embeddable":true,"href":"https:\/\/www.egce.universite-paris-saclay.fr\/index.php?rest_route=\/wp\/v2\/users\/100"}],"replies":[{"embeddable":true,"href":"https:\/\/www.egce.universite-paris-saclay.fr\/index.php?rest_route=%2Fwp%2Fv2%2Fcomments&post=18642"}],"version-history":[{"count":3,"href":"https:\/\/www.egce.universite-paris-saclay.fr\/index.php?rest_route=\/wp\/v2\/pages\/18642\/revisions"}],"predecessor-version":[{"id":20785,"href":"https:\/\/www.egce.universite-paris-saclay.fr\/index.php?rest_route=\/wp\/v2\/pages\/18642\/revisions\/20785"}],"wp:attachment":[{"href":"https:\/\/www.egce.universite-paris-saclay.fr\/index.php?rest_route=%2Fwp%2Fv2%2Fmedia&parent=18642"}],"curies":[{"name":"wp","href":"https:\/\/api.w.org\/{rel}","templated":true}]}}