{"id":131,"date":"2013-11-20T17:28:01","date_gmt":"2013-11-20T16:28:01","guid":{"rendered":"https:\/\/www.egce.universite-paris-saclay.fr\/?page_id=131"},"modified":"2026-03-23T10:55:50","modified_gmt":"2026-03-23T09:55:50","slug":"stagesemploi","status":"publish","type":"page","link":"https:\/\/www.egce.universite-paris-saclay.fr\/?page_id=131","title":{"rendered":"Stages\/Emplois"},"content":{"rendered":"\n<p class=\"has-text-align-center has-large-font-size\"><strong>Stages et emplois \u00e0 l&rsquo;EGCE<\/strong><\/p>\n\n\n\n<p>Passez r\u00e9guli\u00e8rement ici pour consulter les stages propos\u00e9s par les chercheurs de l&rsquo;EGCE tout au long de l&rsquo;ann\u00e9e :<\/p>\n\n\n\n<p><strong>Nouvelle offre de post doctorat en novembre 2025!<\/strong> (voir ci-dessous)<\/p>\n\n\n\n<p><\/p>\n\n\n\n<p class=\"has-large-font-size\"><strong>Master 1 et 2<\/strong><\/p>\n\n\n\n<p><\/p>\n\n\n\n<ul class=\"wp-block-list\">\n<li>2025-2026 Master 2 <a href=\"?p=20878&amp;lang=en\">Genetic analysis<\/a> <a href=\"?p=20878&amp;lang=en\">of oligosaccharide detection in <em>Drosophila melanogaster<\/em><\/a><\/li>\n<\/ul>\n\n\n\n<ul class=\"wp-block-list\">\n<li><a href=\"https:\/\/www.egce.universite-paris-saclay.fr\/?p=19168\">2025-2026 &#8211; Master 2 : Recherche de transferts horizontaux d&rsquo;\u00e9l\u00e9ments transposables dans les g\u00e9nomes de Drosophilidae<\/a><\/li>\n\n\n\n<li>2025-2026 Master 2 <a href=\"?p=20839\">Mod\u00e9lisation et d\u00e9tection des boucles de r\u00e9trocontr\u00f4le \u00e9co-\u00e9volutives<\/a><\/li>\n\n\n\n<li><\/li>\n\n\n\n<li><\/li>\n<\/ul>\n\n\n\n<p class=\"has-large-font-size\"><strong>Doctorat<\/strong><\/p>\n\n\n\n<ul class=\"wp-block-list\">\n<li>Rien en ce moment<\/li>\n<\/ul>\n\n\n\n<p class=\"has-large-font-size\"><strong>Post-Doctorat et CDD<\/strong><\/p>\n\n\n\n<p><\/p>\n\n\n\n<div class=\"wp-block-columns is-layout-flex wp-container-core-columns-is-layout-28f84493 wp-block-columns-is-layout-flex\">\n<div class=\"wp-block-column is-layout-flow wp-block-column-is-layout-flow\" style=\"flex-basis:100%\"><\/div>\n<\/div>\n\n\n\n<p><\/p>\n","protected":false},"excerpt":{"rendered":"<p>Stages et emplois \u00e0 l&rsquo;EGCE Passez r\u00e9guli\u00e8rement ici pour consulter les stages propos\u00e9s par les chercheurs de l&rsquo;EGCE tout au long de l&rsquo;ann\u00e9e : Nouvelle offre de post doctorat en novembre 2025! (voir ci-dessous) Master 1 et 2 Doctorat Post-Doctorat et CDD<\/p>\n","protected":false},"author":1,"featured_media":0,"parent":0,"menu_order":5,"comment_status":"closed","ping_status":"open","template":"","meta":{"site-sidebar-layout":"default","site-content-layout":"","ast-site-content-layout":"default","site-content-style":"default","site-sidebar-style":"default","ast-global-header-display":"","ast-banner-title-visibility":"","ast-main-header-display":"","ast-hfb-above-header-display":"","ast-hfb-below-header-display":"","ast-hfb-mobile-header-display":"","site-post-title":"","ast-breadcrumbs-content":"","ast-featured-img":"","footer-sml-layout":"","ast-disable-related-posts":"","theme-transparent-header-meta":"","adv-header-id-meta":"","stick-header-meta":"","header-above-stick-meta":"","header-main-stick-meta":"","header-below-stick-meta":"","astra-migrate-meta-layouts":"set","ast-page-background-enabled":"default","ast-page-background-meta":{"desktop":{"background-color":"var(--ast-global-color-4)","background-image":"","background-repeat":"repeat","background-position":"center center","background-size":"auto","background-attachment":"scroll","background-type":"","background-media":"","overlay-type":"","overlay-color":"","overlay-opacity":"","overlay-gradient":""},"tablet":{"background-color":"","background-image":"","background-repeat":"repeat","background-position":"center center","background-size":"auto","background-attachment":"scroll","background-type":"","background-media":"","overlay-type":"","overlay-color":"","overlay-opacity":"","overlay-gradient":""},"mobile":{"background-color":"","background-image":"","background-repeat":"repeat","background-position":"center center","background-size":"auto","background-attachment":"scroll","background-type":"","background-media":"","overlay-type":"","overlay-color":"","overlay-opacity":"","overlay-gradient":""}},"ast-content-background-meta":{"desktop":{"background-color":"var(--ast-global-color-5)","background-image":"","background-repeat":"repeat","background-position":"center center","background-size":"auto","background-attachment":"scroll","background-type":"","background-media":"","overlay-type":"","overlay-color":"","overlay-opacity":"","overlay-gradient":""},"tablet":{"background-color":"var(--ast-global-color-5)","background-image":"","background-repeat":"repeat","background-position":"center center","background-size":"auto","background-attachment":"scroll","background-type":"","background-media":"","overlay-type":"","overlay-color":"","overlay-opacity":"","overlay-gradient":""},"mobile":{"background-color":"var(--ast-global-color-5)","background-image":"","background-repeat":"repeat","background-position":"center center","background-size":"auto","background-attachment":"scroll","background-type":"","background-media":"","overlay-type":"","overlay-color":"","overlay-opacity":"","overlay-gradient":""}},"_themeisle_gutenberg_block_has_review":false,"footnotes":""},"class_list":["post-131","page","type-page","status-publish","hentry"],"jetpack_sharing_enabled":true,"_links":{"self":[{"href":"https:\/\/www.egce.universite-paris-saclay.fr\/index.php?rest_route=\/wp\/v2\/pages\/131","targetHints":{"allow":["GET"]}}],"collection":[{"href":"https:\/\/www.egce.universite-paris-saclay.fr\/index.php?rest_route=\/wp\/v2\/pages"}],"about":[{"href":"https:\/\/www.egce.universite-paris-saclay.fr\/index.php?rest_route=\/wp\/v2\/types\/page"}],"author":[{"embeddable":true,"href":"https:\/\/www.egce.universite-paris-saclay.fr\/index.php?rest_route=\/wp\/v2\/users\/1"}],"replies":[{"embeddable":true,"href":"https:\/\/www.egce.universite-paris-saclay.fr\/index.php?rest_route=%2Fwp%2Fv2%2Fcomments&post=131"}],"version-history":[{"count":60,"href":"https:\/\/www.egce.universite-paris-saclay.fr\/index.php?rest_route=\/wp\/v2\/pages\/131\/revisions"}],"predecessor-version":[{"id":21632,"href":"https:\/\/www.egce.universite-paris-saclay.fr\/index.php?rest_route=\/wp\/v2\/pages\/131\/revisions\/21632"}],"wp:attachment":[{"href":"https:\/\/www.egce.universite-paris-saclay.fr\/index.php?rest_route=%2Fwp%2Fv2%2Fmedia&parent=131"}],"curies":[{"name":"wp","href":"https:\/\/api.w.org\/{rel}","templated":true}]}}