{"id":1159,"date":"2014-03-20T18:36:14","date_gmt":"2014-03-20T17:36:14","guid":{"rendered":"https:\/\/www.egce.universite-paris-saclay.fr\/?page_id=1159"},"modified":"2014-03-20T18:36:14","modified_gmt":"2014-03-20T17:36:14","slug":"grants","status":"publish","type":"page","link":"https:\/\/www.egce.universite-paris-saclay.fr\/?page_id=1159&lang=en","title":{"rendered":"Grants"},"content":{"rendered":"<p>EGCE Teams have various grants\u00a0 other than ANRs.<\/p>\n<p>Projet RESAMA Funding INSERM. R\u00e9seau d&rsquo;Etude Sanitaire des Animaux Mod\u00e8les et de la faune sauvage Aquatiques. Porteur Laurent Legendre.<\/p>\n<p>Phenofore, funded by SEMAE (2021-2023). \u00ab\u00a0R\u00f4le de la ph\u00e9nologie dans les interactions plantes\/ravageurs\/parasito\u00efdes. Une approche \u00e0 diff\u00e9rentes \u00e9chelles pour des ravageurs foreurs de tiges\u00a0\u00bb. Porteur Judith Legrand (GQE-Le Moulon), Fran\u00e7ois Rebaudo est coordinateur pour EGCE.<\/p>\n<p><u>GREEN&amp;GREY WALL<\/u>; funding: METABUILDING; duration: 2022-2023; nom complet: Effects of Greenwall treating greywater on pollinator biodiversity and pollination services. porteur EGCE: Fabrice Requier<br \/>\n<u><br \/>\nTRAMETES<\/u>; funding: OFB, duration: 2021-2024, nom complet: Contribution de la trame de vieux bois \u00e0 l\u2019\u00e9tat de conservation des habitats forestiers et des esp\u00e8ces; porteur EGCE: Fabrice Requier<\/p>\n<p><u>PollAntilles<\/u>; funding: Ecophyto, duration: 2022-2025, nom complet: Ecotoxicologie des pesticides sur les pollinisateurs dans les Antilles; porteur EGCE: Fabrice Requier<\/p>\n<p><u>COPOL<\/u>; funding: ADEME CO3 duration: 2020-2023, nom complet: Concertation pour la conservation des pollinisateurs en zones prot\u00e9g\u00e9es; porteur EGCE: Fabrice Requier.<\/p>\n<p><u>Europeans projects:<\/u><\/p>\n<p><u>BeeConnected<\/u>; funding: H2020 ICT-AGRI-FOOD, duration: 2021-2024, nom complet: Understanding and anticipating mechanisms of honeybee colony mortality with connected beehives; porteur EGCE: Fabrice Requier.<\/p>\n<p><u>SaveAgroBee<\/u>; funding: H2020 PRIMA, duration: 2021-2024, nom complet: Safeguarding agroecosystem resilience under climate change through efficient pollination and sustainable beekeeping; porteur EGCE: Fabrice Requier.<\/p>\n<p><u>NutriB2<\/u>: funding: BiodivERsA, duration: 2020-2023; nom complet: Nutrition as critical link between Biodiversity and Bee health; porteur EGCE: Fabrice Requier.<\/p>\n","protected":false},"excerpt":{"rendered":"<p>EGCE Teams have various grants\u00a0 other than ANRs. Projet RESAMA Funding INSERM. R\u00e9seau d&rsquo;Etude Sanitaire des Animaux Mod\u00e8les et de la faune sauvage Aquatiques. Porteur Laurent Legendre. Phenofore, funded by SEMAE (2021-2023). \u00ab\u00a0R\u00f4le de la ph\u00e9nologie dans les interactions plantes\/ravageurs\/parasito\u00efdes. Une approche \u00e0 diff\u00e9rentes \u00e9chelles pour des ravageurs foreurs de tiges\u00a0\u00bb. Porteur Judith Legrand (GQE-Le [&hellip;]<\/p>\n","protected":false},"author":1,"featured_media":0,"parent":0,"menu_order":6,"comment_status":"closed","ping_status":"closed","template":"","meta":{"site-sidebar-layout":"default","site-content-layout":"","ast-site-content-layout":"default","site-content-style":"default","site-sidebar-style":"default","ast-global-header-display":"","ast-banner-title-visibility":"","ast-main-header-display":"","ast-hfb-above-header-display":"","ast-hfb-below-header-display":"","ast-hfb-mobile-header-display":"","site-post-title":"","ast-breadcrumbs-content":"","ast-featured-img":"","footer-sml-layout":"","ast-disable-related-posts":"","theme-transparent-header-meta":"","adv-header-id-meta":"","stick-header-meta":"","header-above-stick-meta":"","header-main-stick-meta":"","header-below-stick-meta":"","astra-migrate-meta-layouts":"default","ast-page-background-enabled":"default","ast-page-background-meta":{"desktop":{"background-color":"var(--ast-global-color-4)","background-image":"","background-repeat":"repeat","background-position":"center center","background-size":"auto","background-attachment":"scroll","background-type":"","background-media":"","overlay-type":"","overlay-color":"","overlay-opacity":"","overlay-gradient":""},"tablet":{"background-color":"","background-image":"","background-repeat":"repeat","background-position":"center center","background-size":"auto","background-attachment":"scroll","background-type":"","background-media":"","overlay-type":"","overlay-color":"","overlay-opacity":"","overlay-gradient":""},"mobile":{"background-color":"","background-image":"","background-repeat":"repeat","background-position":"center center","background-size":"auto","background-attachment":"scroll","background-type":"","background-media":"","overlay-type":"","overlay-color":"","overlay-opacity":"","overlay-gradient":""}},"ast-content-background-meta":{"desktop":{"background-color":"var(--ast-global-color-5)","background-image":"","background-repeat":"repeat","background-position":"center center","background-size":"auto","background-attachment":"scroll","background-type":"","background-media":"","overlay-type":"","overlay-color":"","overlay-opacity":"","overlay-gradient":""},"tablet":{"background-color":"var(--ast-global-color-5)","background-image":"","background-repeat":"repeat","background-position":"center center","background-size":"auto","background-attachment":"scroll","background-type":"","background-media":"","overlay-type":"","overlay-color":"","overlay-opacity":"","overlay-gradient":""},"mobile":{"background-color":"var(--ast-global-color-5)","background-image":"","background-repeat":"repeat","background-position":"center center","background-size":"auto","background-attachment":"scroll","background-type":"","background-media":"","overlay-type":"","overlay-color":"","overlay-opacity":"","overlay-gradient":""}},"_themeisle_gutenberg_block_has_review":false,"footnotes":""},"class_list":["post-1159","page","type-page","status-publish","hentry"],"jetpack_sharing_enabled":true,"_links":{"self":[{"href":"https:\/\/www.egce.universite-paris-saclay.fr\/index.php?rest_route=\/wp\/v2\/pages\/1159","targetHints":{"allow":["GET"]}}],"collection":[{"href":"https:\/\/www.egce.universite-paris-saclay.fr\/index.php?rest_route=\/wp\/v2\/pages"}],"about":[{"href":"https:\/\/www.egce.universite-paris-saclay.fr\/index.php?rest_route=\/wp\/v2\/types\/page"}],"author":[{"embeddable":true,"href":"https:\/\/www.egce.universite-paris-saclay.fr\/index.php?rest_route=\/wp\/v2\/users\/1"}],"replies":[{"embeddable":true,"href":"https:\/\/www.egce.universite-paris-saclay.fr\/index.php?rest_route=%2Fwp%2Fv2%2Fcomments&post=1159"}],"version-history":[{"count":0,"href":"https:\/\/www.egce.universite-paris-saclay.fr\/index.php?rest_route=\/wp\/v2\/pages\/1159\/revisions"}],"wp:attachment":[{"href":"https:\/\/www.egce.universite-paris-saclay.fr\/index.php?rest_route=%2Fwp%2Fv2%2Fmedia&parent=1159"}],"curies":[{"name":"wp","href":"https:\/\/api.w.org\/{rel}","templated":true}]}}