{"id":1127,"date":"2014-03-20T11:22:48","date_gmt":"2014-03-20T10:22:48","guid":{"rendered":"https:\/\/www.egce.universite-paris-saclay.fr\/?page_id=1127"},"modified":"2023-09-20T15:18:58","modified_gmt":"2023-09-20T13:18:58","slug":"phd","status":"publish","type":"page","link":"https:\/\/www.egce.universite-paris-saclay.fr\/?page_id=1127&lang=en","title":{"rendered":"PhD"},"content":{"rendered":"<h2 class=\"date-header\">PhD schools<\/h2>\n<p>The laboratory has links with four PhD schools at Paris Saclay\u00a0 University :<\/p>\n<p><span style=\"font-weight: bold;\">SDSV:<\/span><\/p>\n<ul class=\"ul-puce\">\n<li style=\"list-style-type: none;\">\n<ul class=\"ul-puce\">Structure et Dynamique des syst\u00e8mes vivants.\u00a0 Direction: Florence Gonnet<\/ul>\n<\/li>\n<\/ul>\n<p><a href=\"https:\/\/www.universite-paris-saclay.fr\/ecoles-doctorales\/structure-et-dynamique-des-systemes-vivants-sdsv\">Site web de l&rsquo;ED SDSV<\/a><br \/>\n<span style=\"font-weight: bold;\">SEVE-Science du v\u00e9g\u00e9tal:<\/span><\/p>\n<ul class=\"ul-puce\">\n<li style=\"list-style-type: none\">\n<ul class=\"ul-puce\">Science du v\u00e9g\u00e9tal. Direction : Marianne Delarue<\/ul>\n<\/li>\n<\/ul>\n<p><a href=\"https:\/\/www.universite-paris-saclay.fr\/ecoles-doctorales\/sciences-du-vegetal-du-gene-lecosysteme-seve\">Site web de l&rsquo;ED Science du v\u00e9g\u00e9tal<\/a><br \/>\n<span style=\"font-weight: bold;\">ABIES<\/span><\/p>\n<p>Agriculture, Alimentation, Biologie, Environnement, Sant\u00e9. Direction: Alexandre P\u00e9ry<\/p>\n<p><a href=\"https:\/\/www.universite-paris-saclay.fr\/ecoles-doctorales\/agriculture-alimentation-biologie-environnement-et-sante-abies\">Site web de l&rsquo;ED ABIES<\/a><\/p>\n<p><strong>ED 227<\/strong><\/p>\n<p>Science de la Nature et de l&rsquo;Homme: \u00e9volution et \u00e9cologie. Direction: N. Machon<\/p>\n<p><a href=\"https:\/\/formation.mnhn.fr\/doctorat\/ecole-doctorale-227-2634\">Site web de l&rsquo;ED 227<\/a><\/p>\n<fieldset class=\"module-powered-simple\">\n<legend><b><\/b><\/legend>\n<\/fieldset>\n","protected":false},"excerpt":{"rendered":"<p>PhD schools The laboratory has links with four PhD schools at Paris Saclay\u00a0 University : SDSV: Structure et Dynamique des syst\u00e8mes vivants.\u00a0 Direction: Florence Gonnet Site web de l&rsquo;ED SDSV SEVE-Science du v\u00e9g\u00e9tal: Science du v\u00e9g\u00e9tal. Direction : Marianne Delarue Site web de l&rsquo;ED Science du v\u00e9g\u00e9tal ABIES Agriculture, Alimentation, Biologie, Environnement, Sant\u00e9. Direction: Alexandre [&hellip;]<\/p>\n","protected":false},"author":1,"featured_media":0,"parent":1120,"menu_order":3,"comment_status":"closed","ping_status":"closed","template":"","meta":{"site-sidebar-layout":"default","site-content-layout":"","ast-site-content-layout":"default","site-content-style":"default","site-sidebar-style":"default","ast-global-header-display":"","ast-banner-title-visibility":"","ast-main-header-display":"","ast-hfb-above-header-display":"","ast-hfb-below-header-display":"","ast-hfb-mobile-header-display":"","site-post-title":"","ast-breadcrumbs-content":"","ast-featured-img":"","footer-sml-layout":"","ast-disable-related-posts":"","theme-transparent-header-meta":"","adv-header-id-meta":"","stick-header-meta":"","header-above-stick-meta":"","header-main-stick-meta":"","header-below-stick-meta":"","astra-migrate-meta-layouts":"default","ast-page-background-enabled":"default","ast-page-background-meta":{"desktop":{"background-color":"var(--ast-global-color-4)","background-image":"","background-repeat":"repeat","background-position":"center center","background-size":"auto","background-attachment":"scroll","background-type":"","background-media":"","overlay-type":"","overlay-color":"","overlay-opacity":"","overlay-gradient":""},"tablet":{"background-color":"","background-image":"","background-repeat":"repeat","background-position":"center center","background-size":"auto","background-attachment":"scroll","background-type":"","background-media":"","overlay-type":"","overlay-color":"","overlay-opacity":"","overlay-gradient":""},"mobile":{"background-color":"","background-image":"","background-repeat":"repeat","background-position":"center center","background-size":"auto","background-attachment":"scroll","background-type":"","background-media":"","overlay-type":"","overlay-color":"","overlay-opacity":"","overlay-gradient":""}},"ast-content-background-meta":{"desktop":{"background-color":"var(--ast-global-color-5)","background-image":"","background-repeat":"repeat","background-position":"center center","background-size":"auto","background-attachment":"scroll","background-type":"","background-media":"","overlay-type":"","overlay-color":"","overlay-opacity":"","overlay-gradient":""},"tablet":{"background-color":"var(--ast-global-color-5)","background-image":"","background-repeat":"repeat","background-position":"center center","background-size":"auto","background-attachment":"scroll","background-type":"","background-media":"","overlay-type":"","overlay-color":"","overlay-opacity":"","overlay-gradient":""},"mobile":{"background-color":"var(--ast-global-color-5)","background-image":"","background-repeat":"repeat","background-position":"center center","background-size":"auto","background-attachment":"scroll","background-type":"","background-media":"","overlay-type":"","overlay-color":"","overlay-opacity":"","overlay-gradient":""}},"_themeisle_gutenberg_block_has_review":false,"footnotes":""},"class_list":["post-1127","page","type-page","status-publish","hentry"],"jetpack_sharing_enabled":true,"_links":{"self":[{"href":"https:\/\/www.egce.universite-paris-saclay.fr\/index.php?rest_route=\/wp\/v2\/pages\/1127","targetHints":{"allow":["GET"]}}],"collection":[{"href":"https:\/\/www.egce.universite-paris-saclay.fr\/index.php?rest_route=\/wp\/v2\/pages"}],"about":[{"href":"https:\/\/www.egce.universite-paris-saclay.fr\/index.php?rest_route=\/wp\/v2\/types\/page"}],"author":[{"embeddable":true,"href":"https:\/\/www.egce.universite-paris-saclay.fr\/index.php?rest_route=\/wp\/v2\/users\/1"}],"replies":[{"embeddable":true,"href":"https:\/\/www.egce.universite-paris-saclay.fr\/index.php?rest_route=%2Fwp%2Fv2%2Fcomments&post=1127"}],"version-history":[{"count":3,"href":"https:\/\/www.egce.universite-paris-saclay.fr\/index.php?rest_route=\/wp\/v2\/pages\/1127\/revisions"}],"predecessor-version":[{"id":21774,"href":"https:\/\/www.egce.universite-paris-saclay.fr\/index.php?rest_route=\/wp\/v2\/pages\/1127\/revisions\/21774"}],"up":[{"embeddable":true,"href":"https:\/\/www.egce.universite-paris-saclay.fr\/index.php?rest_route=\/wp\/v2\/pages\/1120"}],"wp:attachment":[{"href":"https:\/\/www.egce.universite-paris-saclay.fr\/index.php?rest_route=%2Fwp%2Fv2%2Fmedia&parent=1127"}],"curies":[{"name":"wp","href":"https:\/\/api.w.org\/{rel}","templated":true}]}}