{"id":1110,"date":"2014-03-20T11:08:23","date_gmt":"2014-03-20T10:08:23","guid":{"rendered":"https:\/\/www.egce.universite-paris-saclay.fr\/?page_id=1110"},"modified":"2014-03-20T11:08:23","modified_gmt":"2014-03-20T10:08:23","slug":"epcc","status":"publish","type":"page","link":"https:\/\/www.egce.universite-paris-saclay.fr\/?page_id=1110&lang=en","title":{"rendered":"EPCC"},"content":{"rendered":"<h2 class=\"date-header\">Evolution et Plasticite des Capacites Cognitives<\/h2>\n<fieldset class=\"module-powered-simple\">\n<legend><b>Theme de Recheche<\/b><\/legend>\n<p>Memory plays a crucial role in the development of animals\u2019 behavior, their survival and their reproductive success. As a product of evolution variation in memory capacities have been observed among species and populations of the same species. Evolutionary studies on animal cognition have mainly focused on the fitness benefits of memory while neglecting costs. However, the extent to which natural selection favors investment in developing good memory will depend on the balance between its costs and benefits, balance which may depend on environmental conditions. A relationship between environmental conditions and memory evolution has been hypothesized but poorly studied despite its importance in the understanding of behavioral plasticity and adaptation. Using drosophila as a model system we study the genetic and environmental variation of learning and memory, the costs associated with memory storage and the relationship among the different memory phases<\/fieldset>\n<fieldset class=\"module-powered-simple\">\n<legend><b>Mots cl\u00e9s :<\/b><\/legend>\n<p>Apprentissage, Memoire, PLasticite Comportementale, <span style=\"font-style: italic;\">Drosophila<\/span> .<\/fieldset>\n<h2 class=\"date-header\">Les membres de l&rsquo;\u00e9quipe :<\/h2>\n<h2 class=\"date-header\">Chercheurs et Enseignants-chercheurs<\/h2>\n<table>\n<tbody>\n<tr>\n<td><a href=\"https:\/\/w3\/legs\/perso.php?id=mery\"><img decoding=\"async\" title=\"\" alt=\"\" src=\"https:\/\/w3\/legs\/Trombinoscope\/mery.jpg\" height=\"120\" border=\"2\" \/><\/a><\/td>\n<td>\n<div><a href=\"https:\/\/www.egce.universite-paris-saclay.fr\/?p=1358\">Fr\u00e9d\u00e9ric M\u00e9ry<\/a>, Charg\u00e9 de recherche CNRS. Evolution et Plasticit\u00e9 des Capacit\u00e9s Cognitives.<\/div>\n<\/td>\n<\/tr>\n<\/tbody>\n<\/table>\n<h2 class=\"date-header\">Post Doctorants<\/h2>\n<table>\n<tbody>\n<tr>\n<td><a href=\"https:\/\/w3\/legs\/perso.php?id=burns\"><img decoding=\"async\" title=\"\" alt=\"\" src=\"https:\/\/w3\/legs\/Trombinoscope\/burns.jpg\" height=\"120\" border=\"2\" \/><\/a><\/td>\n<td>\n<div><a href=\"https:\/\/w3\/legs\/perso.php?id=burns\">James Burns<\/a>, Chercheur associ\u00e9 CNRS sur contrat ATIP. Effet de l&rsquo;environnement pendant le d\u00e9veloppement pr\u00e9coce ainsi que du vieillissement sur les capacit\u00e9s de m\u00e9moires.<\/div>\n<\/td>\n<\/tr>\n<\/tbody>\n<\/table>\n<table>\n<tbody>\n<tr>\n<td><a href=\"https:\/\/w3\/legs\/perso.php?id=foucaud\"><img decoding=\"async\" title=\"\" alt=\"\" src=\"https:\/\/w3\/legs\/Trombinoscope\/foucaud.jpg\" height=\"120\" border=\"2\" \/><\/a><\/td>\n<td>\n<div><a href=\"https:\/\/w3\/legs\/perso.php?id=foucaud\">Julien Foucaud<\/a>, Post-doctorant sur financement ERC. Etude des variations intersp\u00e9cifiques de la m\u00e9moire. Apprentissage Spatial<\/div>\n<\/td>\n<\/tr>\n<\/tbody>\n<\/table>\n<table>\n<tbody>\n<tr>\n<td><a href=\"https:\/\/w3\/legs\/perso.php?id=kohn\"><img decoding=\"async\" title=\"\" alt=\"\" src=\"https:\/\/w3\/legs\/Trombinoscope\/kohn.jpg\" height=\"120\" border=\"2\" \/><\/a><\/td>\n<td>\n<div><a href=\"https:\/\/w3\/legs\/perso.php?id=kohn\">Nancy Kohn<\/a>, Post-doctorante sur financement ERC. Apprentissage, m\u00e9moire.<\/div>\n<\/td>\n<\/tr>\n<\/tbody>\n<\/table>\n<h2 class=\"date-header\">Doctorants<\/h2>\n<table>\n<tbody>\n<tr>\n<td><a href=\"https:\/\/w3\/legs\/perso.php?id=lagasse\"><img decoding=\"async\" title=\"\" alt=\"\" src=\"https:\/\/w3\/legs\/Trombinoscope\/lagasse.jpg\" height=\"120\" border=\"2\" \/><\/a><\/td>\n<td>\n<div><a href=\"https:\/\/w3\/legs\/perso.php?id=lagasse\">Fabrice Lagasse<\/a>, Doctorant. Apprentissage, m\u00e9moire.<\/div>\n<\/td>\n<\/tr>\n<\/tbody>\n<\/table>\n<table>\n<tbody>\n<tr>\n<td><a href=\"https:\/\/w3\/legs\/perso.php?id=reaume\"><img decoding=\"async\" title=\"\" alt=\"\" src=\"https:\/\/w3\/legs\/Trombinoscope\/reaume.jpg\" height=\"120\" border=\"2\" \/><\/a><\/td>\n<td>\n<div><a href=\"https:\/\/w3\/legs\/perso.php?id=reaume\">Christopher R\u00e9aume<\/a>, Doctorant, en partenariat avec l&rsquo;Universit\u00e9 de Toronto. Apprentissage, m\u00e9moire.<\/div>\n<\/td>\n<\/tr>\n<\/tbody>\n<\/table>\n<table>\n<tbody>\n<tr>\n<td><a href=\"https:\/\/w3\/legs\/perso.php?id=howcroft\"><img decoding=\"async\" title=\"\" alt=\"\" src=\"https:\/\/w3\/legs\/Trombinoscope\/hawcroft.jpg\" height=\"120\" border=\"2\" \/><\/a><\/td>\n<td>\n<div><a href=\"https:\/\/w3\/legs\/perso.php?id=howcroft\">Clara Howcroft-Ferreira<\/a>, Doctorante. Apprentissage, m\u00e9moire.<\/div>\n<\/td>\n<\/tr>\n<\/tbody>\n<\/table>\n<h2 class=\"date-header\">Ing\u00e9nieurs et Techniciens<\/h2>\n<table>\n<tbody>\n<tr>\n<td><a href=\"https:\/\/w3\/legs\/perso.php?id=moreno\"><img decoding=\"async\" title=\"\" alt=\"\" src=\"https:\/\/w3\/legs\/Trombinoscope\/moreno.jpg\" height=\"120\" border=\"2\" \/><\/a><\/td>\n<td>\n<div><a href=\"https:\/\/w3\/legs\/perso.php?id=moreno\">C\u00e9line Moreno<\/a>, Ing\u00e9nieure d&rsquo;\u00e9tude sur projet europ\u00e9en (ERC Starting Grant). Apprentissage, m\u00e9moire.<\/div>\n<\/td>\n<\/tr>\n<\/tbody>\n<\/table>\n<h2 class=\"date-header\">Stagiaires<\/h2>\n<table>\n<tbody>\n<tr>\n<td>\n<div><a href=\"https:\/\/w3\/legs\/perso.php?id=battesti\">Marine Battesti<\/a>, Stagiaire M2 Ethologie fondamentale et compar\u00e9e (Universit\u00e9 Paris 13). Sujet de stage: apprentissage culturel des choix de cycle de ponte. Co-encadrement Dominique Joly, Fr\u00e9d\u00e9ric Mery.<\/div>\n<\/td>\n<\/tr>\n<\/tbody>\n<\/table>\n<table>\n<tbody>\n<tr>\n<td>\n<div><a href=\"https:\/\/w3\/legs\/perso.php?id=vanlaere\">Pauline Van Laere<\/a>, Stagiaire M2 Ethologie fondamentale et compar\u00e9e (Universit\u00e9 Paris 13). Sujet de stage: apprentissage spatial chez la drosophile. Co-encadrement Fr\u00e9d\u00e9ric Mery, Julien Foucaud.<\/div>\n<\/td>\n<\/tr>\n<\/tbody>\n<\/table>\n<h2 class=\"date-header\">Les anciens<\/h2>\n<table>\n<tbody>\n<tr>\n<td><a href=\"https:\/\/w3\/legs\/perso.php?id=antoine\"><img decoding=\"async\" title=\"\" alt=\"\" src=\"https:\/\/w3\/legs\/Trombinoscope\/antoine.jpg\" height=\"120\" border=\"2\" \/><\/a><\/td>\n<td>\n<div><a href=\"https:\/\/w3\/legs\/perso.php?id=antoine\">Romain Antoine<\/a>, Technicien sur financement ERC. Apprentissage, m\u00e9moire.<\/div>\n<\/td>\n<\/tr>\n<\/tbody>\n<\/table>\n","protected":false},"excerpt":{"rendered":"<p>Evolution et Plasticite des Capacites Cognitives Theme de Recheche Memory plays a crucial role in the development of animals\u2019 behavior, their survival and their reproductive success. As a product of evolution variation in memory capacities have been observed among species and populations of the same species. Evolutionary studies on animal cognition have mainly focused on [&hellip;]<\/p>\n","protected":false},"author":1,"featured_media":0,"parent":1104,"menu_order":0,"comment_status":"closed","ping_status":"open","template":"","meta":{"site-sidebar-layout":"default","site-content-layout":"","ast-site-content-layout":"default","site-content-style":"default","site-sidebar-style":"default","ast-global-header-display":"","ast-banner-title-visibility":"","ast-main-header-display":"","ast-hfb-above-header-display":"","ast-hfb-below-header-display":"","ast-hfb-mobile-header-display":"","site-post-title":"","ast-breadcrumbs-content":"","ast-featured-img":"","footer-sml-layout":"","ast-disable-related-posts":"","theme-transparent-header-meta":"","adv-header-id-meta":"","stick-header-meta":"","header-above-stick-meta":"","header-main-stick-meta":"","header-below-stick-meta":"","astra-migrate-meta-layouts":"default","ast-page-background-enabled":"default","ast-page-background-meta":{"desktop":{"background-color":"var(--ast-global-color-4)","background-image":"","background-repeat":"repeat","background-position":"center center","background-size":"auto","background-attachment":"scroll","background-type":"","background-media":"","overlay-type":"","overlay-color":"","overlay-opacity":"","overlay-gradient":""},"tablet":{"background-color":"","background-image":"","background-repeat":"repeat","background-position":"center center","background-size":"auto","background-attachment":"scroll","background-type":"","background-media":"","overlay-type":"","overlay-color":"","overlay-opacity":"","overlay-gradient":""},"mobile":{"background-color":"","background-image":"","background-repeat":"repeat","background-position":"center center","background-size":"auto","background-attachment":"scroll","background-type":"","background-media":"","overlay-type":"","overlay-color":"","overlay-opacity":"","overlay-gradient":""}},"ast-content-background-meta":{"desktop":{"background-color":"var(--ast-global-color-5)","background-image":"","background-repeat":"repeat","background-position":"center center","background-size":"auto","background-attachment":"scroll","background-type":"","background-media":"","overlay-type":"","overlay-color":"","overlay-opacity":"","overlay-gradient":""},"tablet":{"background-color":"var(--ast-global-color-5)","background-image":"","background-repeat":"repeat","background-position":"center center","background-size":"auto","background-attachment":"scroll","background-type":"","background-media":"","overlay-type":"","overlay-color":"","overlay-opacity":"","overlay-gradient":""},"mobile":{"background-color":"var(--ast-global-color-5)","background-image":"","background-repeat":"repeat","background-position":"center center","background-size":"auto","background-attachment":"scroll","background-type":"","background-media":"","overlay-type":"","overlay-color":"","overlay-opacity":"","overlay-gradient":""}},"_themeisle_gutenberg_block_has_review":false,"footnotes":""},"class_list":["post-1110","page","type-page","status-publish","hentry"],"jetpack_sharing_enabled":true,"_links":{"self":[{"href":"https:\/\/www.egce.universite-paris-saclay.fr\/index.php?rest_route=\/wp\/v2\/pages\/1110","targetHints":{"allow":["GET"]}}],"collection":[{"href":"https:\/\/www.egce.universite-paris-saclay.fr\/index.php?rest_route=\/wp\/v2\/pages"}],"about":[{"href":"https:\/\/www.egce.universite-paris-saclay.fr\/index.php?rest_route=\/wp\/v2\/types\/page"}],"author":[{"embeddable":true,"href":"https:\/\/www.egce.universite-paris-saclay.fr\/index.php?rest_route=\/wp\/v2\/users\/1"}],"replies":[{"embeddable":true,"href":"https:\/\/www.egce.universite-paris-saclay.fr\/index.php?rest_route=%2Fwp%2Fv2%2Fcomments&post=1110"}],"version-history":[{"count":0,"href":"https:\/\/www.egce.universite-paris-saclay.fr\/index.php?rest_route=\/wp\/v2\/pages\/1110\/revisions"}],"up":[{"embeddable":true,"href":"https:\/\/www.egce.universite-paris-saclay.fr\/index.php?rest_route=\/wp\/v2\/pages\/1104"}],"wp:attachment":[{"href":"https:\/\/www.egce.universite-paris-saclay.fr\/index.php?rest_route=%2Fwp%2Fv2%2Fmedia&parent=1110"}],"curies":[{"name":"wp","href":"https:\/\/api.w.org\/{rel}","templated":true}]}}