{"id":1086,"date":"2014-03-20T10:42:36","date_gmt":"2014-03-20T09:42:36","guid":{"rendered":"https:\/\/www.egce.universite-paris-saclay.fr\/?page_id=1086"},"modified":"2026-03-13T15:23:10","modified_gmt":"2026-03-13T14:23:10","slug":"directory-2","status":"publish","type":"page","link":"https:\/\/www.egce.universite-paris-saclay.fr\/?page_id=1086&lang=en","title":{"rendered":"Directory"},"content":{"rendered":"<ul>\n<li><a href=\"\/?p=9509\">Bastide H\u00e9lo\u00efse<\/a><\/li>\n<li><a href=\"\/?p=1243\">Bonneau Magalie<\/a><\/li>\n<li><a href=\"\/?p=638\">Borday-Birraux V\u00e9ronique<\/a><\/li>\n<li><a href=\"\/?p=20426&amp;lang=en\">Bothorel Sabrina<\/a><\/li>\n<li><a href=\"?p=15507\">Branca Antoine<\/a><\/li>\n<li><a href=\"\/?p=20449&amp;lang=en\">Bueno da Silva Iago<\/a><\/li>\n<li><a href=\"\/?p=21600&amp;lang=en\">Cabon Flavien<\/a><\/li>\n<li><a href=\"\/?p=640\">Calatayud Paul-Andr\u00e9<\/a><\/li>\n<li><a href=\"\/?p=1264\">Capdevielle-Dulac Claire<\/a><\/li>\n<li><a href=\"?p=10721\">Carcaud Julie<\/a><\/li>\n<li><a href=\"\/?p=1289\">Casane Didier<\/a><\/li>\n<li><a href=\"\/?p=1295\">Claisse Ga\u00eblle<\/a><\/li>\n<li><a href=\"\/?p=1299\">Clavereau Isabelle<\/a><\/li>\n<li><a href=\"?p=21184\">Coen Olivier<\/a><\/li>\n<li><a href=\"\/?p=16726&amp;lang=en\">Cordaux Richard<\/a><\/li>\n<li><a href=\"\/?p=21587&amp;lang=en\">Costa R\u00e9mi<\/a><\/li>\n<li><a href=\"?p=1609&amp;lang=en\">Couto Antoine<\/a><\/li>\n<li><a href=\"\/?p=1303\">Da Lage Jean-Luc<\/a><\/li>\n<li><a href=\"\/?p=16816\">Delarue Aliz\u00e9e<\/a><\/li>\n<li><a href=\"https:\/\/www.egce.universite-paris-saclay.fr\/?p=9086\">Denis B\u00e9atrice<\/a><\/li>\n<li><a href=\"?p=21200\">Drabo Salimata<\/a><\/li>\n<li><a href=\"\/?p=3049\">Dupas St\u00e9phane<\/a><\/li>\n<li><a href=\"?p=14057\">Duportets Line<\/a><\/li>\n<li><a href=\"\/?p=20434&amp;lang=en\">Dureux Mathis<\/a><\/li>\n<li><a href=\"\/?p=890\">Emond Jean-Bernard<\/a><\/li>\n<li><a href=\"\/?p=20398&amp;lang=en\">Faber Camille<\/a><\/li>\n<li><a href=\"\/?p=18475&amp;lang=en\">Feng Jieying<\/a><\/li>\n<li><a href=\"\/?p=4805\">Fil\u00e9e Jonathan<\/a><\/li>\n<li><a href=\"\/?p=11373\">Fortuna Taiadjana<\/a><\/li>\n<li><a href=\"https:\/\/www.egce.universite-paris-saclay.fr\/?p=11874(opens in a new tab)\" data-wplink-url-error=\"true\">Fouchier Val\u00e9rie<\/a><\/li>\n<li><a href=\"\/?p=1319\">Garnery Lionel<\/a><\/li>\n<li><a href=\"\/?p=1323\">Germon Isabelle<\/a><\/li>\n<li><a href=\"https:\/\/www.egce.universite-paris-saclay.fr\/?p=7753\">Gilbert Cl\u00e9ment<\/a><\/li>\n<li><a href=\"?p=20648\">Graziano Isabelle<\/a><\/li>\n<li><a href=\"\/?p=1330\">Harry Myriam<\/a><\/li>\n<li><a href=\"\/?p=17221\">Hua-Van Aur\u00e9lie<\/a><\/li>\n<li><a href=\"\/?p=7407\">Jeannette R\u00e9mi<\/a><\/li>\n<li><a href=\"\/?p=21607&amp;lang=en\">Jiogue Lacdo Maiva Jessica<\/a><\/li>\n<li><a href=\"\/?p=1338\">Kaiser-Arnauld Laure<\/a><\/li>\n<li><a href=\"?p=20596&amp;lang=en\">Koenig L\u00e9on<\/a><\/li>\n<li><a href=\"https:\/\/www.egce.universite-paris-saclay.fr\/?p=14979(opens in a new tab)\" data-wplink-url-error=\"true\">Lang Michael<\/a><\/li>\n<li><a href=\"\/?p=7393\">Larcher Virginie<\/a><\/li>\n<li><a href=\"\/?p=1342\">Le Rouzic Arnaud<\/a><\/li>\n<li><a href=\"\/?p=1346\">Legall Philippe<\/a><\/li>\n<li><a href=\"\/?p=11320\">Legendre Laurent<\/a><\/li>\n<li><a href=\"\/?p=1348\">Legout H\u00e9l\u00e8ne<\/a><\/li>\n<li><a href=\"\/?p=18455&amp;lang=en\">Maquart Pierre-Olivier<\/a><\/li>\n<li><a href=\"\/?p=8198\">Mariette Julia<\/a><\/li>\n<li><a href=\"\/?p=1356\">Marion-Poll Fr\u00e9d\u00e9ric<\/a><\/li>\n<li><a href=\"\/?p=16806\">Matrougui Ines<\/a><\/li>\n<li><a href=\"\/?p=20412&amp;lang=en\">Merle Marie<\/a><\/li>\n<li><a href=\"\/?p=1365\">Michel-Salzat Alice<\/a><\/li>\n<li><a href=\"\/?p=1367\">Montchamp-Moreau Catherine<\/a><\/li>\n<li><a href=\"\/?p=1370\">Moreno C\u00e9line<\/a><\/li>\n<li><a href=\"\/?p=1372\">Mougel Florence<\/a><\/li>\n<li><a href=\"\/?p=11974\">Muller H\u00e9lo\u00efse<\/a><\/li>\n<li><a href=\"\/?p=1392\">Nortier Sylvie<\/a><\/li>\n<li><a href=\"\/?p=1223\">Ogereau David<\/a><\/li>\n<li><a href=\"?p=21191\">Oppersma Jorn<\/a><\/li>\n<li><a href=\"\/?p=16834\">Pitzalis Melissa<\/a><\/li>\n<li><a href=\"https:\/\/www.egce.universite-paris-saclay.fr\/?p=4561\">Pollet Nicolas<\/a><\/li>\n<li><a href=\"\/?p=1196\">Rebaudo Fran\u00e7ois<\/a><\/li>\n<li><a href=\"\/?p=20390&amp;lang=en\">Reboud Eliette<\/a><\/li>\n<li><a href=\"\/?p=10937\">Requier Fabrice<\/a><\/li>\n<li><a href=\"\/?p=18469&amp;lang=en\">Rignault Gabin<\/a><\/li>\n<li><a href=\"\/?p=1063\">Robillard Emilie<\/a><\/li>\n<li><a href=\"\/?p=17251\">Salamitou Sylvie<\/a><\/li>\n<li><a href=\"\/?p=920\">Sandoz Jean-Christophe<\/a><\/li>\n<li><a href=\"\/?p=13842\">Sibaja Malena<\/a><\/li>\n<li><a href=\"\/?p=12568\">Sokame Bonoukpo\u00e9<\/a><\/li>\n<li><a href=\"\/?p=21594&amp;lang=en\">Tiret Annabelle<\/a><\/li>\n<li><a href=\"\/?p=20419&amp;lang=en\">Venon Pascaline<\/a><\/li>\n<li><a href=\"?p=11629\">Yassin Amir<\/a><\/li>\n<\/ul>\n\n\n<p><\/p>\n","protected":false},"excerpt":{"rendered":"<p>Bastide H\u00e9lo\u00efse Bonneau Magalie Borday-Birraux V\u00e9ronique Bothorel Sabrina Branca Antoine Bueno da Silva Iago Cabon Flavien Calatayud Paul-Andr\u00e9 Capdevielle-Dulac Claire Carcaud Julie Casane Didier Claisse Ga\u00eblle Clavereau Isabelle Coen Olivier Cordaux Richard Costa R\u00e9mi Couto Antoine Da Lage Jean-Luc Delarue Aliz\u00e9e Denis B\u00e9atrice Drabo Salimata Dupas St\u00e9phane Duportets Line Dureux Mathis Emond Jean-Bernard Faber Camille [&hellip;]<\/p>\n","protected":false},"author":1,"featured_media":0,"parent":0,"menu_order":0,"comment_status":"closed","ping_status":"closed","template":"","meta":{"site-sidebar-layout":"default","site-content-layout":"","ast-site-content-layout":"default","site-content-style":"default","site-sidebar-style":"default","ast-global-header-display":"","ast-banner-title-visibility":"","ast-main-header-display":"","ast-hfb-above-header-display":"","ast-hfb-below-header-display":"","ast-hfb-mobile-header-display":"","site-post-title":"","ast-breadcrumbs-content":"","ast-featured-img":"","footer-sml-layout":"","ast-disable-related-posts":"","theme-transparent-header-meta":"","adv-header-id-meta":"","stick-header-meta":"","header-above-stick-meta":"","header-main-stick-meta":"","header-below-stick-meta":"","astra-migrate-meta-layouts":"set","ast-page-background-enabled":"default","ast-page-background-meta":{"desktop":{"background-color":"var(--ast-global-color-4)","background-image":"","background-repeat":"repeat","background-position":"center center","background-size":"auto","background-attachment":"scroll","background-type":"","background-media":"","overlay-type":"","overlay-color":"","overlay-opacity":"","overlay-gradient":""},"tablet":{"background-color":"","background-image":"","background-repeat":"repeat","background-position":"center center","background-size":"auto","background-attachment":"scroll","background-type":"","background-media":"","overlay-type":"","overlay-color":"","overlay-opacity":"","overlay-gradient":""},"mobile":{"background-color":"","background-image":"","background-repeat":"repeat","background-position":"center center","background-size":"auto","background-attachment":"scroll","background-type":"","background-media":"","overlay-type":"","overlay-color":"","overlay-opacity":"","overlay-gradient":""}},"ast-content-background-meta":{"desktop":{"background-color":"var(--ast-global-color-5)","background-image":"","background-repeat":"repeat","background-position":"center center","background-size":"auto","background-attachment":"scroll","background-type":"","background-media":"","overlay-type":"","overlay-color":"","overlay-opacity":"","overlay-gradient":""},"tablet":{"background-color":"var(--ast-global-color-5)","background-image":"","background-repeat":"repeat","background-position":"center center","background-size":"auto","background-attachment":"scroll","background-type":"","background-media":"","overlay-type":"","overlay-color":"","overlay-opacity":"","overlay-gradient":""},"mobile":{"background-color":"var(--ast-global-color-5)","background-image":"","background-repeat":"repeat","background-position":"center center","background-size":"auto","background-attachment":"scroll","background-type":"","background-media":"","overlay-type":"","overlay-color":"","overlay-opacity":"","overlay-gradient":""}},"_themeisle_gutenberg_block_has_review":false,"footnotes":""},"class_list":["post-1086","page","type-page","status-publish","hentry"],"jetpack_sharing_enabled":true,"_links":{"self":[{"href":"https:\/\/www.egce.universite-paris-saclay.fr\/index.php?rest_route=\/wp\/v2\/pages\/1086","targetHints":{"allow":["GET"]}}],"collection":[{"href":"https:\/\/www.egce.universite-paris-saclay.fr\/index.php?rest_route=\/wp\/v2\/pages"}],"about":[{"href":"https:\/\/www.egce.universite-paris-saclay.fr\/index.php?rest_route=\/wp\/v2\/types\/page"}],"author":[{"embeddable":true,"href":"https:\/\/www.egce.universite-paris-saclay.fr\/index.php?rest_route=\/wp\/v2\/users\/1"}],"replies":[{"embeddable":true,"href":"https:\/\/www.egce.universite-paris-saclay.fr\/index.php?rest_route=%2Fwp%2Fv2%2Fcomments&post=1086"}],"version-history":[{"count":55,"href":"https:\/\/www.egce.universite-paris-saclay.fr\/index.php?rest_route=\/wp\/v2\/pages\/1086\/revisions"}],"predecessor-version":[{"id":21611,"href":"https:\/\/www.egce.universite-paris-saclay.fr\/index.php?rest_route=\/wp\/v2\/pages\/1086\/revisions\/21611"}],"wp:attachment":[{"href":"https:\/\/www.egce.universite-paris-saclay.fr\/index.php?rest_route=%2Fwp%2Fv2%2Fmedia&parent=1086"}],"curies":[{"name":"wp","href":"https:\/\/api.w.org\/{rel}","templated":true}]}}