{"id":103,"date":"2013-11-20T14:52:12","date_gmt":"2013-11-20T13:52:12","guid":{"rendered":"https:\/\/www.egce.universite-paris-saclay.fr\/?page_id=103"},"modified":"2026-04-02T23:57:23","modified_gmt":"2026-04-02T21:57:23","slug":"master","status":"publish","type":"page","link":"https:\/\/www.egce.universite-paris-saclay.fr\/?page_id=103","title":{"rendered":"Master"},"content":{"rendered":"\n<h1 class=\"wp-block-heading has-text-align-center\">Master<br>\u2014<\/h1>\n\n\n\n<h2 id=\"wp-block-themeisle-blocks-advanced-heading-8739f786\" class=\"wp-block-themeisle-blocks-advanced-heading wp-block-themeisle-blocks-advanced-heading-8739f786\">Les enseignements dans lesquels <br>interviennent des membres de EGCE sont les suivants:<\/h2>\n\n\n\n<h2 class=\"wp-block-heading\"><a href=\"http:\/\/www.u-psud.fr\/\">Universit\u00e9 Paris Saclay<\/a><\/h2>\n\n\n\n<p><a href=\"http:\/\/www.gene2.fr\/\"><strong>Master GenE2<\/strong><\/a><\/p>\n\n\n\n<figure class=\"wp-block-image size-full\"><img loading=\"lazy\" decoding=\"async\" width=\"295\" height=\"243\" src=\"https:\/\/www.egce.universite-paris-saclay.fr\/wp-content\/uploads\/2019\/07\/Logo_GenE2_email.jpg\" alt=\"\" class=\"wp-image-10514\"\/><\/figure>\n\n\n\n<p><strong>Le&nbsp;<a href=\"https:\/\/www.gene2.fr\/\">Master 2 GenE2<\/a><\/strong>&nbsp;(G\u00e9n\u00e9tique, G\u00e9nomique, \u00c9pig\u00e9n\u00e9tique et \u00c9volution) est une formation du Master Biologie-Sant\u00e9 de l\u2019Universit\u00e9 Paris-Saclay.&nbsp;<br><br><strong>Le Master GenE2 est destin\u00e9 aux \u00e9tudiants en biologie<\/strong>&nbsp;qui souhaitent acqu\u00e9rir, en compl\u00e9ment d\u2019une formation \u00e0 la recherche, des comp\u00e9tences en analyse de donn\u00e9es de s\u00e9quen\u00e7age.<\/p>\n\n\n\n<p>M2 Atelier Big Data<\/p>\n\n\n\n<p><br><br><strong><a href=\"https:\/\/www.universite-paris-saclay.fr\/formation\/master\/biodiversite-ecologie-et-evolution\">Master Biodiversit\u00e9, Ecologie et Evolution<\/a><\/strong><br>\u2014 M1 Ecologie \u00e9volutive<\/p>\n\n\n\n<p>-M2 G\u00e9n\u00e9tique Evolutive<br>\u2014 G\u00e9nomes, ph\u00e9notypes et populations<br>\u2014 G\u00e9n\u00e9tique et g\u00e9nomique des populations<br>\u2014 Biologie d\u2019un comportement animal<\/p>\n\n\n\n<p><br><a href=\"https:\/\/www.universite-paris-saclay.fr\/formation\/master\/biologie-sante\" data-type=\"link\" data-id=\"https:\/\/www.universite-paris-saclay.fr\/formation\/master\/biologie-sante\"><strong>Master Biologie-Sant\u00e9<\/strong><\/a><\/p>\n\n\n\n<div class=\"inherit-container-width wp-block-group is-layout-constrained wp-block-group-is-layout-constrained\">\n<div class=\"wp-block-columns is-layout-flex wp-container-core-columns-is-layout-28f84493 wp-block-columns-is-layout-flex\">\n<div class=\"wp-block-column is-layout-flow wp-block-column-is-layout-flow\" style=\"flex-basis:100%\">\n<figure class=\"wp-block-table\"><table><tbody><tr><td>M1<br>M2<\/td><td>Current Questions in Evolution<br>Atelier Big Data<\/td><\/tr><\/tbody><\/table><\/figure>\n<\/div>\n<\/div>\n\n\n\n<p><\/p>\n<\/div>\n\n\n\n<p><strong><a href=\"https:\/\/www.universite-paris-saclay.fr\/formation\/master\/bio-informatique\/m1-bio-informatique-et-biostatistiques\">Master BIBS<\/a><\/strong><\/p>\n\n\n\n<p>M2: M\u00e9tag\u00e9nomique et G\u00e9nomique des Populations<br><br><strong>Magist\u00e8re de Biologie<\/strong><br>\u2014 Synth\u00e8se des connaissances<br>-Communication scientifique en anglais<\/p>\n\n\n\n<h2 class=\"wp-block-heading\"><a href=\"http:\/\/www.univ-paris-diderot.fr\/\">Universit\u00e9 de Paris-Cit\u00e9<\/a><\/h2>\n\n\n\n<p><strong>Master Risques et Environnement<\/strong><br>&nbsp; M1<br>&nbsp;&nbsp;&nbsp;&nbsp; Biodiversit\u00e9 et \u00e9volution<\/p>\n\n\n\n<p><strong>Master Biologie Int\u00e9grative et Physiologie (BIP)<\/strong><\/p>\n\n\n\n<p>M1: D\u00e9veloppement (CM, TD)<br>Ateliers pratiques (TP)<\/p>\n\n\n\n<p><br><strong>Magist\u00e8re Europ\u00e9en de G\u00e9n\u00e9tique<\/strong><br>&nbsp; M1<br>&nbsp;&nbsp;&nbsp;&nbsp; Diversit\u00e9 et \u00e9volution des syst\u00e8mes g\u00e9n\u00e9tiques<br>&nbsp;&nbsp;&nbsp;&nbsp; Plasticit\u00e9 et \u00e9volution du d\u00e9veloppement<br>&nbsp; M2<br>&nbsp;&nbsp;&nbsp;&nbsp; Evolution et d\u00e9veloppement<br><br><strong>Master Bioinformatique<\/strong><br>&nbsp; M2<br>&nbsp;&nbsp;&nbsp;&nbsp; La phylog\u00e9nomique<\/p>\n","protected":false},"excerpt":{"rendered":"<p>Master\u2014 Universit\u00e9 Paris Saclay Master GenE2 Le&nbsp;Master 2 GenE2&nbsp;(G\u00e9n\u00e9tique, G\u00e9nomique, \u00c9pig\u00e9n\u00e9tique et \u00c9volution) est une formation du Master Biologie-Sant\u00e9 de l\u2019Universit\u00e9 Paris-Saclay.&nbsp; Le Master GenE2 est destin\u00e9 aux \u00e9tudiants en biologie&nbsp;qui souhaitent acqu\u00e9rir, en compl\u00e9ment d\u2019une formation \u00e0 la recherche, des comp\u00e9tences en analyse de donn\u00e9es de s\u00e9quen\u00e7age. M2 Atelier Big Data Master Biodiversit\u00e9, Ecologie [&hellip;]<\/p>\n","protected":false},"author":1,"featured_media":0,"parent":99,"menu_order":0,"comment_status":"closed","ping_status":"open","template":"","meta":{"site-sidebar-layout":"default","site-content-layout":"","ast-site-content-layout":"default","site-content-style":"default","site-sidebar-style":"default","ast-global-header-display":"","ast-banner-title-visibility":"","ast-main-header-display":"","ast-hfb-above-header-display":"","ast-hfb-below-header-display":"","ast-hfb-mobile-header-display":"","site-post-title":"","ast-breadcrumbs-content":"","ast-featured-img":"","footer-sml-layout":"","ast-disable-related-posts":"","theme-transparent-header-meta":"","adv-header-id-meta":"","stick-header-meta":"","header-above-stick-meta":"","header-main-stick-meta":"","header-below-stick-meta":"","astra-migrate-meta-layouts":"set","ast-page-background-enabled":"default","ast-page-background-meta":{"desktop":{"background-color":"var(--ast-global-color-4)","background-image":"","background-repeat":"repeat","background-position":"center center","background-size":"auto","background-attachment":"scroll","background-type":"","background-media":"","overlay-type":"","overlay-color":"","overlay-opacity":"","overlay-gradient":""},"tablet":{"background-color":"","background-image":"","background-repeat":"repeat","background-position":"center center","background-size":"auto","background-attachment":"scroll","background-type":"","background-media":"","overlay-type":"","overlay-color":"","overlay-opacity":"","overlay-gradient":""},"mobile":{"background-color":"","background-image":"","background-repeat":"repeat","background-position":"center center","background-size":"auto","background-attachment":"scroll","background-type":"","background-media":"","overlay-type":"","overlay-color":"","overlay-opacity":"","overlay-gradient":""}},"ast-content-background-meta":{"desktop":{"background-color":"var(--ast-global-color-5)","background-image":"","background-repeat":"repeat","background-position":"center center","background-size":"auto","background-attachment":"scroll","background-type":"","background-media":"","overlay-type":"","overlay-color":"","overlay-opacity":"","overlay-gradient":""},"tablet":{"background-color":"var(--ast-global-color-5)","background-image":"","background-repeat":"repeat","background-position":"center center","background-size":"auto","background-attachment":"scroll","background-type":"","background-media":"","overlay-type":"","overlay-color":"","overlay-opacity":"","overlay-gradient":""},"mobile":{"background-color":"var(--ast-global-color-5)","background-image":"","background-repeat":"repeat","background-position":"center center","background-size":"auto","background-attachment":"scroll","background-type":"","background-media":"","overlay-type":"","overlay-color":"","overlay-opacity":"","overlay-gradient":""}},"_themeisle_gutenberg_block_has_review":false,"footnotes":""},"class_list":["post-103","page","type-page","status-publish","hentry"],"jetpack_sharing_enabled":true,"_links":{"self":[{"href":"https:\/\/www.egce.universite-paris-saclay.fr\/index.php?rest_route=\/wp\/v2\/pages\/103","targetHints":{"allow":["GET"]}}],"collection":[{"href":"https:\/\/www.egce.universite-paris-saclay.fr\/index.php?rest_route=\/wp\/v2\/pages"}],"about":[{"href":"https:\/\/www.egce.universite-paris-saclay.fr\/index.php?rest_route=\/wp\/v2\/types\/page"}],"author":[{"embeddable":true,"href":"https:\/\/www.egce.universite-paris-saclay.fr\/index.php?rest_route=\/wp\/v2\/users\/1"}],"replies":[{"embeddable":true,"href":"https:\/\/www.egce.universite-paris-saclay.fr\/index.php?rest_route=%2Fwp%2Fv2%2Fcomments&post=103"}],"version-history":[{"count":21,"href":"https:\/\/www.egce.universite-paris-saclay.fr\/index.php?rest_route=\/wp\/v2\/pages\/103\/revisions"}],"predecessor-version":[{"id":21777,"href":"https:\/\/www.egce.universite-paris-saclay.fr\/index.php?rest_route=\/wp\/v2\/pages\/103\/revisions\/21777"}],"up":[{"embeddable":true,"href":"https:\/\/www.egce.universite-paris-saclay.fr\/index.php?rest_route=\/wp\/v2\/pages\/99"}],"wp:attachment":[{"href":"https:\/\/www.egce.universite-paris-saclay.fr\/index.php?rest_route=%2Fwp%2Fv2%2Fmedia&parent=103"}],"curies":[{"name":"wp","href":"https:\/\/api.w.org\/{rel}","templated":true}]}}